{"id":14,"date":"2022-09-20T17:19:27","date_gmt":"2022-09-20T17:19:27","guid":{"rendered":"https:\/\/jrfortin.com\/jrf\/lucie\/?page_id=14"},"modified":"2022-09-27T15:28:18","modified_gmt":"2022-09-27T15:28:18","slug":"cemp-pemf","status":"publish","type":"page","link":"https:\/\/jrfortin.com\/jrf\/vibrato\/cemp-pemf\/","title":{"rendered":"CEMP \/ PEMF"},"content":{"rendered":"<p><img loading=\"lazy\" decoding=\"async\" class=\" wp-image-32 alignright\" src=\"http:\/\/jrfortin.com\/jrf\/lucie\/wp-content\/uploads\/sites\/40\/2022\/09\/Capture-de\u0301cran-le-2022-09-20-a\u0300-13.46.39-300x216.png\" alt=\"\" width=\"227\" height=\"164\" srcset=\"https:\/\/jrfortin.com\/jrf\/vibrato\/wp-content\/uploads\/sites\/40\/2022\/09\/Capture-de\u0301cran-le-2022-09-20-a\u0300-13.46.39-300x216.png 300w, https:\/\/jrfortin.com\/jrf\/vibrato\/wp-content\/uploads\/sites\/40\/2022\/09\/Capture-de\u0301cran-le-2022-09-20-a\u0300-13.46.39-150x108.png 150w, https:\/\/jrfortin.com\/jrf\/vibrato\/wp-content\/uploads\/sites\/40\/2022\/09\/Capture-de\u0301cran-le-2022-09-20-a\u0300-13.46.39-24x17.png 24w, https:\/\/jrfortin.com\/jrf\/vibrato\/wp-content\/uploads\/sites\/40\/2022\/09\/Capture-de\u0301cran-le-2022-09-20-a\u0300-13.46.39-36x26.png 36w, https:\/\/jrfortin.com\/jrf\/vibrato\/wp-content\/uploads\/sites\/40\/2022\/09\/Capture-de\u0301cran-le-2022-09-20-a\u0300-13.46.39-48x35.png 48w, https:\/\/jrfortin.com\/jrf\/vibrato\/wp-content\/uploads\/sites\/40\/2022\/09\/Capture-de\u0301cran-le-2022-09-20-a\u0300-13.46.39.png 433w\" sizes=\"auto, (max-width: 227px) 100vw, 227px\" \/>Les appareils de CEMP Champ \u00c9lectro Magn\u00e9tique Puls\u00e9, sont des dispositifs de diff\u00e9rentes formes permettant de transmettre cette vibration au corps, en entier ou en partie, pour les humains et les animaux.<\/p>\n<p>Ces appareils vous aident \u00e0 retrouver votre vitalit\u00e9 et votre \u00e9quilibre. Le\u00a0 champ \u00e9lectromagn\u00e9tique puls\u00e9 cr\u00e9e un courant \u00e9lectrique sp\u00e9cial qui aide \u00e0 restaurer le flux ionique et stimule les processus de r\u00e9g\u00e9n\u00e9ration du corps. Il aide \u00e0 la r\u00e9g\u00e9n\u00e9ration, \u00e0 la stimulation des tissus et des os les tissus et les os endommag\u00e9s et soulage la douleur li\u00e9e aux blessures.<\/p>\n<p>Pour en faire l\u2019essai et en savoir davantage<\/p>\n<p><a href=\"mailto:espacevibrato@gmail.com\">espacevibrato@gmail.com<\/a><\/p>\n<p>418-929-7837<\/p>\n<p style=\"text-align: center\"><img loading=\"lazy\" decoding=\"async\" class=\"alignnone wp-image-31 size-full\" src=\"http:\/\/jrfortin.com\/jrf\/lucie\/wp-content\/uploads\/sites\/40\/2022\/09\/pemf-therapy-machine-products.jpg\" alt=\"\" width=\"986\" height=\"459\" srcset=\"https:\/\/jrfortin.com\/jrf\/vibrato\/wp-content\/uploads\/sites\/40\/2022\/09\/pemf-therapy-machine-products.jpg 986w, https:\/\/jrfortin.com\/jrf\/vibrato\/wp-content\/uploads\/sites\/40\/2022\/09\/pemf-therapy-machine-products-300x140.jpg 300w, https:\/\/jrfortin.com\/jrf\/vibrato\/wp-content\/uploads\/sites\/40\/2022\/09\/pemf-therapy-machine-products-768x358.jpg 768w, https:\/\/jrfortin.com\/jrf\/vibrato\/wp-content\/uploads\/sites\/40\/2022\/09\/pemf-therapy-machine-products-150x70.jpg 150w, https:\/\/jrfortin.com\/jrf\/vibrato\/wp-content\/uploads\/sites\/40\/2022\/09\/pemf-therapy-machine-products-24x11.jpg 24w, https:\/\/jrfortin.com\/jrf\/vibrato\/wp-content\/uploads\/sites\/40\/2022\/09\/pemf-therapy-machine-products-36x17.jpg 36w, https:\/\/jrfortin.com\/jrf\/vibrato\/wp-content\/uploads\/sites\/40\/2022\/09\/pemf-therapy-machine-products-48x22.jpg 48w\" sizes=\"auto, (max-width: 986px) 100vw, 986px\" \/><\/p>\n","protected":false},"excerpt":{"rendered":"<p>Les appareils de CEMP Champ \u00c9lectro Magn\u00e9tique Puls\u00e9, sont des dispositifs de diff\u00e9rentes formes permettant de transmettre cette vibration au corps, en entier ou en partie, pour les humains et les animaux. Ces appareils vous aident \u00e0 retrouver votre vitalit\u00e9 et votre \u00e9quilibre. Le\u00a0 champ \u00e9lectromagn\u00e9tique puls\u00e9 cr\u00e9e un courant&#8230;<\/p>\n<p> <a class=\"continue-reading-link\" href=\"https:\/\/jrfortin.com\/jrf\/vibrato\/cemp-pemf\/\"><span>Continue reading<\/span><i class=\"crycon-right-dir\"><\/i><\/a> <\/p>\n","protected":false},"author":1,"featured_media":0,"parent":0,"menu_order":0,"comment_status":"open","ping_status":"closed","template":"templates\/template-onecolumn.php","meta":{"footnotes":""},"class_list":["post-14","page","type-page","status-publish","hentry"],"yoast_head":"<!-- This site is optimized with the Yoast SEO plugin v26.7 - https:\/\/yoast.com\/wordpress\/plugins\/seo\/ -->\n<title>CEMP \/ PEMF - espace Vibrat \u00ab O \u00bb<\/title>\n<meta name=\"robots\" content=\"index, follow, max-snippet:-1, max-image-preview:large, max-video-preview:-1\" \/>\n<link rel=\"canonical\" href=\"https:\/\/jrfortin.com\/jrf\/vibrato\/cemp-pemf\/\" \/>\n<meta property=\"og:locale\" content=\"fr_FR\" \/>\n<meta property=\"og:type\" content=\"article\" \/>\n<meta property=\"og:title\" content=\"CEMP \/ PEMF - espace Vibrat \u00ab O \u00bb\" \/>\n<meta property=\"og:description\" content=\"Les appareils de CEMP Champ \u00c9lectro Magn\u00e9tique Puls\u00e9, sont des dispositifs de diff\u00e9rentes formes permettant de transmettre cette vibration au corps, en entier ou en partie, pour les humains et les animaux. Ces appareils vous aident \u00e0 retrouver votre vitalit\u00e9 et votre \u00e9quilibre. Le\u00a0 champ \u00e9lectromagn\u00e9tique puls\u00e9 cr\u00e9e un courant... Continue reading\" \/>\n<meta property=\"og:url\" content=\"https:\/\/jrfortin.com\/jrf\/vibrato\/cemp-pemf\/\" \/>\n<meta property=\"og:site_name\" content=\"espace Vibrat \u00ab O \u00bb\" \/>\n<meta property=\"article:modified_time\" content=\"2022-09-27T15:28:18+00:00\" \/>\n<meta property=\"og:image\" content=\"http:\/\/jrfortin.com\/jrf\/lucie\/wp-content\/uploads\/sites\/40\/2022\/09\/pemf-therapy-machine-products.jpg\" \/>\n<meta name=\"twitter:card\" content=\"summary_large_image\" \/>\n<meta name=\"twitter:site\" content=\"@fortin_rock\" \/>\n<meta name=\"twitter:label1\" content=\"Dur\u00e9e de lecture estim\u00e9e\" \/>\n\t<meta name=\"twitter:data1\" content=\"1 minute\" \/>\n<script type=\"application\/ld+json\" class=\"yoast-schema-graph\">{\"@context\":\"https:\/\/schema.org\",\"@graph\":[{\"@type\":\"WebPage\",\"@id\":\"https:\/\/jrfortin.com\/jrf\/vibrato\/cemp-pemf\/\",\"url\":\"https:\/\/jrfortin.com\/jrf\/vibrato\/cemp-pemf\/\",\"name\":\"CEMP \/ PEMF - espace Vibrat \u00ab O \u00bb\",\"isPartOf\":{\"@id\":\"https:\/\/jrfortin.com\/jrf\/vibrato\/#website\"},\"primaryImageOfPage\":{\"@id\":\"https:\/\/jrfortin.com\/jrf\/vibrato\/cemp-pemf\/#primaryimage\"},\"image\":{\"@id\":\"https:\/\/jrfortin.com\/jrf\/vibrato\/cemp-pemf\/#primaryimage\"},\"thumbnailUrl\":\"http:\/\/jrfortin.com\/jrf\/lucie\/wp-content\/uploads\/sites\/40\/2022\/09\/pemf-therapy-machine-products.jpg\",\"datePublished\":\"2022-09-20T17:19:27+00:00\",\"dateModified\":\"2022-09-27T15:28:18+00:00\",\"breadcrumb\":{\"@id\":\"https:\/\/jrfortin.com\/jrf\/vibrato\/cemp-pemf\/#breadcrumb\"},\"inLanguage\":\"fr-FR\",\"potentialAction\":[{\"@type\":\"ReadAction\",\"target\":[\"https:\/\/jrfortin.com\/jrf\/vibrato\/cemp-pemf\/\"]}]},{\"@type\":\"ImageObject\",\"inLanguage\":\"fr-FR\",\"@id\":\"https:\/\/jrfortin.com\/jrf\/vibrato\/cemp-pemf\/#primaryimage\",\"url\":\"http:\/\/jrfortin.com\/jrf\/lucie\/wp-content\/uploads\/sites\/40\/2022\/09\/pemf-therapy-machine-products.jpg\",\"contentUrl\":\"http:\/\/jrfortin.com\/jrf\/lucie\/wp-content\/uploads\/sites\/40\/2022\/09\/pemf-therapy-machine-products.jpg\"},{\"@type\":\"BreadcrumbList\",\"@id\":\"https:\/\/jrfortin.com\/jrf\/vibrato\/cemp-pemf\/#breadcrumb\",\"itemListElement\":[{\"@type\":\"ListItem\",\"position\":1,\"name\":\"Accueil\",\"item\":\"https:\/\/jrfortin.com\/jrf\/vibrato\/\"},{\"@type\":\"ListItem\",\"position\":2,\"name\":\"CEMP \/ PEMF\"}]},{\"@type\":\"WebSite\",\"@id\":\"https:\/\/jrfortin.com\/jrf\/vibrato\/#website\",\"url\":\"https:\/\/jrfortin.com\/jrf\/vibrato\/\",\"name\":\"espace Vibrat \u00ab O \u00bb\",\"description\":\"un lieu o\u00f9 se retrouver...\",\"publisher\":{\"@id\":\"https:\/\/jrfortin.com\/jrf\/vibrato\/#\/schema\/person\/3c6fa605cdbaaea40a1729daa3e322c2\"},\"potentialAction\":[{\"@type\":\"SearchAction\",\"target\":{\"@type\":\"EntryPoint\",\"urlTemplate\":\"https:\/\/jrfortin.com\/jrf\/vibrato\/?s={search_term_string}\"},\"query-input\":{\"@type\":\"PropertyValueSpecification\",\"valueRequired\":true,\"valueName\":\"search_term_string\"}}],\"inLanguage\":\"fr-FR\"},{\"@type\":[\"Person\",\"Organization\"],\"@id\":\"https:\/\/jrfortin.com\/jrf\/vibrato\/#\/schema\/person\/3c6fa605cdbaaea40a1729daa3e322c2\",\"name\":\"Lucie Boucher\",\"image\":{\"@type\":\"ImageObject\",\"inLanguage\":\"fr-FR\",\"@id\":\"https:\/\/jrfortin.com\/jrf\/vibrato\/#\/schema\/person\/image\/\",\"url\":\"https:\/\/secure.gravatar.com\/avatar\/f3608658cb7bb85669cb928416969226?s=96&d=mm&r=g\",\"contentUrl\":\"https:\/\/secure.gravatar.com\/avatar\/f3608658cb7bb85669cb928416969226?s=96&d=mm&r=g\",\"caption\":\"Lucie Boucher\"},\"logo\":{\"@id\":\"https:\/\/jrfortin.com\/jrf\/vibrato\/#\/schema\/person\/image\/\"}}]}<\/script>\n<!-- \/ Yoast SEO plugin. -->","yoast_head_json":{"title":"CEMP \/ PEMF - espace Vibrat \u00ab O \u00bb","robots":{"index":"index","follow":"follow","max-snippet":"max-snippet:-1","max-image-preview":"max-image-preview:large","max-video-preview":"max-video-preview:-1"},"canonical":"https:\/\/jrfortin.com\/jrf\/vibrato\/cemp-pemf\/","og_locale":"fr_FR","og_type":"article","og_title":"CEMP \/ PEMF - espace Vibrat \u00ab O \u00bb","og_description":"Les appareils de CEMP Champ \u00c9lectro Magn\u00e9tique Puls\u00e9, sont des dispositifs de diff\u00e9rentes formes permettant de transmettre cette vibration au corps, en entier ou en partie, pour les humains et les animaux. Ces appareils vous aident \u00e0 retrouver votre vitalit\u00e9 et votre \u00e9quilibre. Le\u00a0 champ \u00e9lectromagn\u00e9tique puls\u00e9 cr\u00e9e un courant... Continue reading","og_url":"https:\/\/jrfortin.com\/jrf\/vibrato\/cemp-pemf\/","og_site_name":"espace Vibrat \u00ab O \u00bb","article_modified_time":"2022-09-27T15:28:18+00:00","og_image":[{"url":"http:\/\/jrfortin.com\/jrf\/lucie\/wp-content\/uploads\/sites\/40\/2022\/09\/pemf-therapy-machine-products.jpg","type":"","width":"","height":""}],"twitter_card":"summary_large_image","twitter_site":"@fortin_rock","twitter_misc":{"Dur\u00e9e de lecture estim\u00e9e":"1 minute"},"schema":{"@context":"https:\/\/schema.org","@graph":[{"@type":"WebPage","@id":"https:\/\/jrfortin.com\/jrf\/vibrato\/cemp-pemf\/","url":"https:\/\/jrfortin.com\/jrf\/vibrato\/cemp-pemf\/","name":"CEMP \/ PEMF - espace Vibrat \u00ab O \u00bb","isPartOf":{"@id":"https:\/\/jrfortin.com\/jrf\/vibrato\/#website"},"primaryImageOfPage":{"@id":"https:\/\/jrfortin.com\/jrf\/vibrato\/cemp-pemf\/#primaryimage"},"image":{"@id":"https:\/\/jrfortin.com\/jrf\/vibrato\/cemp-pemf\/#primaryimage"},"thumbnailUrl":"http:\/\/jrfortin.com\/jrf\/lucie\/wp-content\/uploads\/sites\/40\/2022\/09\/pemf-therapy-machine-products.jpg","datePublished":"2022-09-20T17:19:27+00:00","dateModified":"2022-09-27T15:28:18+00:00","breadcrumb":{"@id":"https:\/\/jrfortin.com\/jrf\/vibrato\/cemp-pemf\/#breadcrumb"},"inLanguage":"fr-FR","potentialAction":[{"@type":"ReadAction","target":["https:\/\/jrfortin.com\/jrf\/vibrato\/cemp-pemf\/"]}]},{"@type":"ImageObject","inLanguage":"fr-FR","@id":"https:\/\/jrfortin.com\/jrf\/vibrato\/cemp-pemf\/#primaryimage","url":"http:\/\/jrfortin.com\/jrf\/lucie\/wp-content\/uploads\/sites\/40\/2022\/09\/pemf-therapy-machine-products.jpg","contentUrl":"http:\/\/jrfortin.com\/jrf\/lucie\/wp-content\/uploads\/sites\/40\/2022\/09\/pemf-therapy-machine-products.jpg"},{"@type":"BreadcrumbList","@id":"https:\/\/jrfortin.com\/jrf\/vibrato\/cemp-pemf\/#breadcrumb","itemListElement":[{"@type":"ListItem","position":1,"name":"Accueil","item":"https:\/\/jrfortin.com\/jrf\/vibrato\/"},{"@type":"ListItem","position":2,"name":"CEMP \/ PEMF"}]},{"@type":"WebSite","@id":"https:\/\/jrfortin.com\/jrf\/vibrato\/#website","url":"https:\/\/jrfortin.com\/jrf\/vibrato\/","name":"espace Vibrat \u00ab O \u00bb","description":"un lieu o\u00f9 se retrouver...","publisher":{"@id":"https:\/\/jrfortin.com\/jrf\/vibrato\/#\/schema\/person\/3c6fa605cdbaaea40a1729daa3e322c2"},"potentialAction":[{"@type":"SearchAction","target":{"@type":"EntryPoint","urlTemplate":"https:\/\/jrfortin.com\/jrf\/vibrato\/?s={search_term_string}"},"query-input":{"@type":"PropertyValueSpecification","valueRequired":true,"valueName":"search_term_string"}}],"inLanguage":"fr-FR"},{"@type":["Person","Organization"],"@id":"https:\/\/jrfortin.com\/jrf\/vibrato\/#\/schema\/person\/3c6fa605cdbaaea40a1729daa3e322c2","name":"Lucie Boucher","image":{"@type":"ImageObject","inLanguage":"fr-FR","@id":"https:\/\/jrfortin.com\/jrf\/vibrato\/#\/schema\/person\/image\/","url":"https:\/\/secure.gravatar.com\/avatar\/f3608658cb7bb85669cb928416969226?s=96&d=mm&r=g","contentUrl":"https:\/\/secure.gravatar.com\/avatar\/f3608658cb7bb85669cb928416969226?s=96&d=mm&r=g","caption":"Lucie Boucher"},"logo":{"@id":"https:\/\/jrfortin.com\/jrf\/vibrato\/#\/schema\/person\/image\/"}}]}},"_links":{"self":[{"href":"https:\/\/jrfortin.com\/jrf\/vibrato\/wp-json\/wp\/v2\/pages\/14","targetHints":{"allow":["GET"]}}],"collection":[{"href":"https:\/\/jrfortin.com\/jrf\/vibrato\/wp-json\/wp\/v2\/pages"}],"about":[{"href":"https:\/\/jrfortin.com\/jrf\/vibrato\/wp-json\/wp\/v2\/types\/page"}],"author":[{"embeddable":true,"href":"https:\/\/jrfortin.com\/jrf\/vibrato\/wp-json\/wp\/v2\/users\/1"}],"replies":[{"embeddable":true,"href":"https:\/\/jrfortin.com\/jrf\/vibrato\/wp-json\/wp\/v2\/comments?post=14"}],"version-history":[{"count":6,"href":"https:\/\/jrfortin.com\/jrf\/vibrato\/wp-json\/wp\/v2\/pages\/14\/revisions"}],"predecessor-version":[{"id":161,"href":"https:\/\/jrfortin.com\/jrf\/vibrato\/wp-json\/wp\/v2\/pages\/14\/revisions\/161"}],"wp:attachment":[{"href":"https:\/\/jrfortin.com\/jrf\/vibrato\/wp-json\/wp\/v2\/media?parent=14"}],"curies":[{"name":"wp","href":"https:\/\/api.w.org\/{rel}","templated":true}]}}