{"id":16,"date":"2022-09-20T17:22:28","date_gmt":"2022-09-20T17:22:28","guid":{"rendered":"https:\/\/jrfortin.com\/jrf\/lucie\/?page_id=16"},"modified":"2022-09-25T16:27:39","modified_gmt":"2022-09-25T16:27:39","slug":"16-2","status":"publish","type":"page","link":"https:\/\/jrfortin.com\/jrf\/vibrato\/16-2\/","title":{"rendered":"PSIO"},"content":{"rendered":"<p><img loading=\"lazy\" decoding=\"async\" class=\"alignnone size-full wp-image-67\" src=\"http:\/\/jrfortin.com\/jrf\/lucie\/wp-content\/uploads\/sites\/40\/2022\/09\/femmepsio.jpeg\" alt=\"\" width=\"178\" height=\"178\" srcset=\"https:\/\/jrfortin.com\/jrf\/vibrato\/wp-content\/uploads\/sites\/40\/2022\/09\/femmepsio.jpeg 178w, https:\/\/jrfortin.com\/jrf\/vibrato\/wp-content\/uploads\/sites\/40\/2022\/09\/femmepsio-150x150.jpeg 150w, https:\/\/jrfortin.com\/jrf\/vibrato\/wp-content\/uploads\/sites\/40\/2022\/09\/femmepsio-24x24.jpeg 24w, https:\/\/jrfortin.com\/jrf\/vibrato\/wp-content\/uploads\/sites\/40\/2022\/09\/femmepsio-36x36.jpeg 36w, https:\/\/jrfortin.com\/jrf\/vibrato\/wp-content\/uploads\/sites\/40\/2022\/09\/femmepsio-48x48.jpeg 48w\" sizes=\"auto, (max-width: 178px) 100vw, 178px\" \/>Le PSIO est un appareil de haute technologie, reconnue m\u00e9dicalement et internationalement et qui contribue au mieux-\u00eatre de milliers de personnes.<\/p>\n<p><img loading=\"lazy\" decoding=\"async\" class=\" wp-image-62 alignright\" src=\"http:\/\/jrfortin.com\/jrf\/lucie\/wp-content\/uploads\/sites\/40\/2022\/09\/high-tech-radio-225x300.png\" alt=\"\" width=\"189\" height=\"252\" srcset=\"https:\/\/jrfortin.com\/jrf\/vibrato\/wp-content\/uploads\/sites\/40\/2022\/09\/high-tech-radio-225x300.png 225w, https:\/\/jrfortin.com\/jrf\/vibrato\/wp-content\/uploads\/sites\/40\/2022\/09\/high-tech-radio-112x150.png 112w, https:\/\/jrfortin.com\/jrf\/vibrato\/wp-content\/uploads\/sites\/40\/2022\/09\/high-tech-radio-18x24.png 18w, https:\/\/jrfortin.com\/jrf\/vibrato\/wp-content\/uploads\/sites\/40\/2022\/09\/high-tech-radio-27x36.png 27w, https:\/\/jrfortin.com\/jrf\/vibrato\/wp-content\/uploads\/sites\/40\/2022\/09\/high-tech-radio-36x48.png 36w, https:\/\/jrfortin.com\/jrf\/vibrato\/wp-content\/uploads\/sites\/40\/2022\/09\/high-tech-radio.png 700w\" sizes=\"auto, (max-width: 189px) 100vw, 189px\" \/>La lunette PSIO int\u00e8gre plusieurs technologies qui ont d\u00e9j\u00e0\u00a0 d\u00e9montr\u00e9 leur efficacit\u00e9 s\u00e9par\u00e9ment\u00a0: la luminoth\u00e9rapie, la pulsion lumineuse, la musique stimulante ou relaxante, les sons binauraux, la sophrologie et l\u2019autosuggestion.<\/p>\n<p>C\u2019est une technologie indispensable, pour la gestion du stress, la gestion du sommeil, les \u00e9puisements professionnels, la d\u00e9tente, le ressourcement, le d\u00e9tachement des d\u00e9pendances, bref, la possibilit\u00e9 de voir les difficult\u00e9s d&rsquo;un tout autre \u0153il.<\/p>\n<p><img loading=\"lazy\" decoding=\"async\" class=\" wp-image-65 alignleft\" src=\"http:\/\/jrfortin.com\/jrf\/lucie\/wp-content\/uploads\/sites\/40\/2022\/09\/Psio-magazine-FRANCAIS-212x300.png\" alt=\"\" width=\"162\" height=\"229\" srcset=\"https:\/\/jrfortin.com\/jrf\/vibrato\/wp-content\/uploads\/sites\/40\/2022\/09\/Psio-magazine-FRANCAIS-212x300.png 212w, https:\/\/jrfortin.com\/jrf\/vibrato\/wp-content\/uploads\/sites\/40\/2022\/09\/Psio-magazine-FRANCAIS-106x150.png 106w, https:\/\/jrfortin.com\/jrf\/vibrato\/wp-content\/uploads\/sites\/40\/2022\/09\/Psio-magazine-FRANCAIS-17x24.png 17w, https:\/\/jrfortin.com\/jrf\/vibrato\/wp-content\/uploads\/sites\/40\/2022\/09\/Psio-magazine-FRANCAIS-25x36.png 25w, https:\/\/jrfortin.com\/jrf\/vibrato\/wp-content\/uploads\/sites\/40\/2022\/09\/Psio-magazine-FRANCAIS-34x48.png 34w, https:\/\/jrfortin.com\/jrf\/vibrato\/wp-content\/uploads\/sites\/40\/2022\/09\/Psio-magazine-FRANCAIS.png 660w\" sizes=\"auto, (max-width: 162px) 100vw, 162px\" \/>Catalogue des produits<\/p>\n<p><a href=\"http:\/\/www.psiostore.com\">www.psiostore.com<\/a><\/p>\n<p>nom de l\u2019ambassadeur\u00a0: LucieBoucher<\/p>\n<p>Pour en faire l\u2019essai et en savoir davantage<\/p>\n<p><a href=\"mailto:espacevibrato@gmail.com\">espacevibrato@gmail.com<\/a><\/p>\n<p>418-929-7837<\/p>\n<p><em><strong>S\u00e9lectionne, copie l&rsquo;adresse courriel, clique la chaine, mailto:lucie.boucherpsio@gmail.com, cliquez sur nouvelle fen\u00eatre.<\/strong><\/em><\/p>\n","protected":false},"excerpt":{"rendered":"<p>Le PSIO est un appareil de haute technologie, reconnue m\u00e9dicalement et internationalement et qui contribue au mieux-\u00eatre de milliers de personnes. La lunette PSIO int\u00e8gre plusieurs technologies qui ont d\u00e9j\u00e0\u00a0 d\u00e9montr\u00e9 leur efficacit\u00e9 s\u00e9par\u00e9ment\u00a0: la luminoth\u00e9rapie, la pulsion lumineuse, la musique stimulante ou relaxante, les sons binauraux, la sophrologie et&#8230;<\/p>\n<p> <a class=\"continue-reading-link\" href=\"https:\/\/jrfortin.com\/jrf\/vibrato\/16-2\/\"><span>Continue reading<\/span><i class=\"crycon-right-dir\"><\/i><\/a> <\/p>\n","protected":false},"author":1,"featured_media":0,"parent":0,"menu_order":0,"comment_status":"open","ping_status":"closed","template":"templates\/template-onecolumn.php","meta":{"footnotes":""},"class_list":["post-16","page","type-page","status-publish","hentry"],"yoast_head":"<!-- This site is optimized with the Yoast SEO plugin v26.7 - https:\/\/yoast.com\/wordpress\/plugins\/seo\/ -->\n<title>PSIO - espace Vibrat \u00ab O \u00bb<\/title>\n<meta name=\"robots\" content=\"index, follow, max-snippet:-1, max-image-preview:large, max-video-preview:-1\" \/>\n<link rel=\"canonical\" href=\"https:\/\/jrfortin.com\/jrf\/vibrato\/16-2\/\" \/>\n<meta property=\"og:locale\" content=\"fr_FR\" \/>\n<meta property=\"og:type\" content=\"article\" \/>\n<meta property=\"og:title\" content=\"PSIO - espace Vibrat \u00ab O \u00bb\" \/>\n<meta property=\"og:description\" content=\"Le PSIO est un appareil de haute technologie, reconnue m\u00e9dicalement et internationalement et qui contribue au mieux-\u00eatre de milliers de personnes. La lunette PSIO int\u00e8gre plusieurs technologies qui ont d\u00e9j\u00e0\u00a0 d\u00e9montr\u00e9 leur efficacit\u00e9 s\u00e9par\u00e9ment\u00a0: la luminoth\u00e9rapie, la pulsion lumineuse, la musique stimulante ou relaxante, les sons binauraux, la sophrologie et... Continue reading\" \/>\n<meta property=\"og:url\" content=\"https:\/\/jrfortin.com\/jrf\/vibrato\/16-2\/\" \/>\n<meta property=\"og:site_name\" content=\"espace Vibrat \u00ab O \u00bb\" \/>\n<meta property=\"article:modified_time\" content=\"2022-09-25T16:27:39+00:00\" \/>\n<meta property=\"og:image\" content=\"http:\/\/jrfortin.com\/jrf\/lucie\/wp-content\/uploads\/sites\/40\/2022\/09\/femmepsio.jpeg\" \/>\n<meta name=\"twitter:card\" content=\"summary_large_image\" \/>\n<meta name=\"twitter:site\" content=\"@fortin_rock\" \/>\n<meta name=\"twitter:label1\" content=\"Dur\u00e9e de lecture estim\u00e9e\" \/>\n\t<meta name=\"twitter:data1\" content=\"1 minute\" \/>\n<script type=\"application\/ld+json\" class=\"yoast-schema-graph\">{\"@context\":\"https:\/\/schema.org\",\"@graph\":[{\"@type\":\"WebPage\",\"@id\":\"https:\/\/jrfortin.com\/jrf\/vibrato\/16-2\/\",\"url\":\"https:\/\/jrfortin.com\/jrf\/vibrato\/16-2\/\",\"name\":\"PSIO - espace Vibrat \u00ab O \u00bb\",\"isPartOf\":{\"@id\":\"https:\/\/jrfortin.com\/jrf\/vibrato\/#website\"},\"primaryImageOfPage\":{\"@id\":\"https:\/\/jrfortin.com\/jrf\/vibrato\/16-2\/#primaryimage\"},\"image\":{\"@id\":\"https:\/\/jrfortin.com\/jrf\/vibrato\/16-2\/#primaryimage\"},\"thumbnailUrl\":\"http:\/\/jrfortin.com\/jrf\/lucie\/wp-content\/uploads\/sites\/40\/2022\/09\/femmepsio.jpeg\",\"datePublished\":\"2022-09-20T17:22:28+00:00\",\"dateModified\":\"2022-09-25T16:27:39+00:00\",\"breadcrumb\":{\"@id\":\"https:\/\/jrfortin.com\/jrf\/vibrato\/16-2\/#breadcrumb\"},\"inLanguage\":\"fr-FR\",\"potentialAction\":[{\"@type\":\"ReadAction\",\"target\":[\"https:\/\/jrfortin.com\/jrf\/vibrato\/16-2\/\"]}]},{\"@type\":\"ImageObject\",\"inLanguage\":\"fr-FR\",\"@id\":\"https:\/\/jrfortin.com\/jrf\/vibrato\/16-2\/#primaryimage\",\"url\":\"http:\/\/jrfortin.com\/jrf\/lucie\/wp-content\/uploads\/sites\/40\/2022\/09\/femmepsio.jpeg\",\"contentUrl\":\"http:\/\/jrfortin.com\/jrf\/lucie\/wp-content\/uploads\/sites\/40\/2022\/09\/femmepsio.jpeg\"},{\"@type\":\"BreadcrumbList\",\"@id\":\"https:\/\/jrfortin.com\/jrf\/vibrato\/16-2\/#breadcrumb\",\"itemListElement\":[{\"@type\":\"ListItem\",\"position\":1,\"name\":\"Accueil\",\"item\":\"https:\/\/jrfortin.com\/jrf\/vibrato\/\"},{\"@type\":\"ListItem\",\"position\":2,\"name\":\"PSIO\"}]},{\"@type\":\"WebSite\",\"@id\":\"https:\/\/jrfortin.com\/jrf\/vibrato\/#website\",\"url\":\"https:\/\/jrfortin.com\/jrf\/vibrato\/\",\"name\":\"espace Vibrat \u00ab O \u00bb\",\"description\":\"un lieu o\u00f9 se retrouver...\",\"publisher\":{\"@id\":\"https:\/\/jrfortin.com\/jrf\/vibrato\/#\/schema\/person\/3c6fa605cdbaaea40a1729daa3e322c2\"},\"potentialAction\":[{\"@type\":\"SearchAction\",\"target\":{\"@type\":\"EntryPoint\",\"urlTemplate\":\"https:\/\/jrfortin.com\/jrf\/vibrato\/?s={search_term_string}\"},\"query-input\":{\"@type\":\"PropertyValueSpecification\",\"valueRequired\":true,\"valueName\":\"search_term_string\"}}],\"inLanguage\":\"fr-FR\"},{\"@type\":[\"Person\",\"Organization\"],\"@id\":\"https:\/\/jrfortin.com\/jrf\/vibrato\/#\/schema\/person\/3c6fa605cdbaaea40a1729daa3e322c2\",\"name\":\"Lucie Boucher\",\"image\":{\"@type\":\"ImageObject\",\"inLanguage\":\"fr-FR\",\"@id\":\"https:\/\/jrfortin.com\/jrf\/vibrato\/#\/schema\/person\/image\/\",\"url\":\"https:\/\/secure.gravatar.com\/avatar\/f3608658cb7bb85669cb928416969226?s=96&d=mm&r=g\",\"contentUrl\":\"https:\/\/secure.gravatar.com\/avatar\/f3608658cb7bb85669cb928416969226?s=96&d=mm&r=g\",\"caption\":\"Lucie Boucher\"},\"logo\":{\"@id\":\"https:\/\/jrfortin.com\/jrf\/vibrato\/#\/schema\/person\/image\/\"}}]}<\/script>\n<!-- \/ Yoast SEO plugin. -->","yoast_head_json":{"title":"PSIO - espace Vibrat \u00ab O \u00bb","robots":{"index":"index","follow":"follow","max-snippet":"max-snippet:-1","max-image-preview":"max-image-preview:large","max-video-preview":"max-video-preview:-1"},"canonical":"https:\/\/jrfortin.com\/jrf\/vibrato\/16-2\/","og_locale":"fr_FR","og_type":"article","og_title":"PSIO - espace Vibrat \u00ab O \u00bb","og_description":"Le PSIO est un appareil de haute technologie, reconnue m\u00e9dicalement et internationalement et qui contribue au mieux-\u00eatre de milliers de personnes. La lunette PSIO int\u00e8gre plusieurs technologies qui ont d\u00e9j\u00e0\u00a0 d\u00e9montr\u00e9 leur efficacit\u00e9 s\u00e9par\u00e9ment\u00a0: la luminoth\u00e9rapie, la pulsion lumineuse, la musique stimulante ou relaxante, les sons binauraux, la sophrologie et... Continue reading","og_url":"https:\/\/jrfortin.com\/jrf\/vibrato\/16-2\/","og_site_name":"espace Vibrat \u00ab O \u00bb","article_modified_time":"2022-09-25T16:27:39+00:00","og_image":[{"url":"http:\/\/jrfortin.com\/jrf\/lucie\/wp-content\/uploads\/sites\/40\/2022\/09\/femmepsio.jpeg","type":"","width":"","height":""}],"twitter_card":"summary_large_image","twitter_site":"@fortin_rock","twitter_misc":{"Dur\u00e9e de lecture estim\u00e9e":"1 minute"},"schema":{"@context":"https:\/\/schema.org","@graph":[{"@type":"WebPage","@id":"https:\/\/jrfortin.com\/jrf\/vibrato\/16-2\/","url":"https:\/\/jrfortin.com\/jrf\/vibrato\/16-2\/","name":"PSIO - espace Vibrat \u00ab O \u00bb","isPartOf":{"@id":"https:\/\/jrfortin.com\/jrf\/vibrato\/#website"},"primaryImageOfPage":{"@id":"https:\/\/jrfortin.com\/jrf\/vibrato\/16-2\/#primaryimage"},"image":{"@id":"https:\/\/jrfortin.com\/jrf\/vibrato\/16-2\/#primaryimage"},"thumbnailUrl":"http:\/\/jrfortin.com\/jrf\/lucie\/wp-content\/uploads\/sites\/40\/2022\/09\/femmepsio.jpeg","datePublished":"2022-09-20T17:22:28+00:00","dateModified":"2022-09-25T16:27:39+00:00","breadcrumb":{"@id":"https:\/\/jrfortin.com\/jrf\/vibrato\/16-2\/#breadcrumb"},"inLanguage":"fr-FR","potentialAction":[{"@type":"ReadAction","target":["https:\/\/jrfortin.com\/jrf\/vibrato\/16-2\/"]}]},{"@type":"ImageObject","inLanguage":"fr-FR","@id":"https:\/\/jrfortin.com\/jrf\/vibrato\/16-2\/#primaryimage","url":"http:\/\/jrfortin.com\/jrf\/lucie\/wp-content\/uploads\/sites\/40\/2022\/09\/femmepsio.jpeg","contentUrl":"http:\/\/jrfortin.com\/jrf\/lucie\/wp-content\/uploads\/sites\/40\/2022\/09\/femmepsio.jpeg"},{"@type":"BreadcrumbList","@id":"https:\/\/jrfortin.com\/jrf\/vibrato\/16-2\/#breadcrumb","itemListElement":[{"@type":"ListItem","position":1,"name":"Accueil","item":"https:\/\/jrfortin.com\/jrf\/vibrato\/"},{"@type":"ListItem","position":2,"name":"PSIO"}]},{"@type":"WebSite","@id":"https:\/\/jrfortin.com\/jrf\/vibrato\/#website","url":"https:\/\/jrfortin.com\/jrf\/vibrato\/","name":"espace Vibrat \u00ab O \u00bb","description":"un lieu o\u00f9 se retrouver...","publisher":{"@id":"https:\/\/jrfortin.com\/jrf\/vibrato\/#\/schema\/person\/3c6fa605cdbaaea40a1729daa3e322c2"},"potentialAction":[{"@type":"SearchAction","target":{"@type":"EntryPoint","urlTemplate":"https:\/\/jrfortin.com\/jrf\/vibrato\/?s={search_term_string}"},"query-input":{"@type":"PropertyValueSpecification","valueRequired":true,"valueName":"search_term_string"}}],"inLanguage":"fr-FR"},{"@type":["Person","Organization"],"@id":"https:\/\/jrfortin.com\/jrf\/vibrato\/#\/schema\/person\/3c6fa605cdbaaea40a1729daa3e322c2","name":"Lucie Boucher","image":{"@type":"ImageObject","inLanguage":"fr-FR","@id":"https:\/\/jrfortin.com\/jrf\/vibrato\/#\/schema\/person\/image\/","url":"https:\/\/secure.gravatar.com\/avatar\/f3608658cb7bb85669cb928416969226?s=96&d=mm&r=g","contentUrl":"https:\/\/secure.gravatar.com\/avatar\/f3608658cb7bb85669cb928416969226?s=96&d=mm&r=g","caption":"Lucie Boucher"},"logo":{"@id":"https:\/\/jrfortin.com\/jrf\/vibrato\/#\/schema\/person\/image\/"}}]}},"_links":{"self":[{"href":"https:\/\/jrfortin.com\/jrf\/vibrato\/wp-json\/wp\/v2\/pages\/16","targetHints":{"allow":["GET"]}}],"collection":[{"href":"https:\/\/jrfortin.com\/jrf\/vibrato\/wp-json\/wp\/v2\/pages"}],"about":[{"href":"https:\/\/jrfortin.com\/jrf\/vibrato\/wp-json\/wp\/v2\/types\/page"}],"author":[{"embeddable":true,"href":"https:\/\/jrfortin.com\/jrf\/vibrato\/wp-json\/wp\/v2\/users\/1"}],"replies":[{"embeddable":true,"href":"https:\/\/jrfortin.com\/jrf\/vibrato\/wp-json\/wp\/v2\/comments?post=16"}],"version-history":[{"count":9,"href":"https:\/\/jrfortin.com\/jrf\/vibrato\/wp-json\/wp\/v2\/pages\/16\/revisions"}],"predecessor-version":[{"id":157,"href":"https:\/\/jrfortin.com\/jrf\/vibrato\/wp-json\/wp\/v2\/pages\/16\/revisions\/157"}],"wp:attachment":[{"href":"https:\/\/jrfortin.com\/jrf\/vibrato\/wp-json\/wp\/v2\/media?parent=16"}],"curies":[{"name":"wp","href":"https:\/\/api.w.org\/{rel}","templated":true}]}}