{"id":19,"date":"2022-09-20T17:23:40","date_gmt":"2022-09-20T17:23:40","guid":{"rendered":"https:\/\/jrfortin.com\/jrf\/lucie\/?page_id=19"},"modified":"2022-09-27T15:29:39","modified_gmt":"2022-09-27T15:29:39","slug":"nat","status":"publish","type":"page","link":"https:\/\/jrfortin.com\/jrf\/vibrato\/nat\/","title":{"rendered":"NAT"},"content":{"rendered":"<p>Le NAT Natural Action Technologie est une compagnie qui a trouv\u00e9 le secret naturel de la structuration de l\u2019eau.<\/p>\n<p>Le mouvement de tournoiement de l\u2019eau dans l\u2019unit\u00e9 NAT nettoie sa m\u00e9moire tout en neutralisant les toxines pr\u00e9sentes, dont les hautes fr\u00e9quences \u00e9lectromagn\u00e9tiques et \u00e9lectroniques.<\/p>\n<p>L\u2019eau structur\u00e9e de Natural Action Technologie cr\u00e9e l\u2019action du\u00a0 mouvement de multiples vortex en forme de fleur de vie. L\u2019eau qui a circul\u00e9 dans l\u2019unit\u00e9 retrouve ses propri\u00e9t\u00e9s \u00e9nergisantes et vivifiantes, \u00a0comme dans la nature.\u00a0\u00a0 L\u2019eau qui en r\u00e9sulte est ramen\u00e9e \u00e0 sa forme la plus pure, vivante, dynamis\u00e9e et structur\u00e9e.<\/p>\n<p>Sa consommation favorise la sant\u00e9 par une excellente hydratation, l\u2019\u00e9limination des toxines et augmente la vitalit\u00e9.<\/p>\n<p>&nbsp;<\/p>\n<p style=\"text-align: center\"><img loading=\"lazy\" decoding=\"async\" class=\"alignnone size-medium wp-image-49\" src=\"http:\/\/jrfortin.com\/jrf\/lucie\/wp-content\/uploads\/sites\/40\/2022\/09\/Eau-210x300.png\" alt=\"\" width=\"210\" height=\"300\" srcset=\"https:\/\/jrfortin.com\/jrf\/vibrato\/wp-content\/uploads\/sites\/40\/2022\/09\/Eau-210x300.png 210w, https:\/\/jrfortin.com\/jrf\/vibrato\/wp-content\/uploads\/sites\/40\/2022\/09\/Eau-105x150.png 105w, https:\/\/jrfortin.com\/jrf\/vibrato\/wp-content\/uploads\/sites\/40\/2022\/09\/Eau-17x24.png 17w, https:\/\/jrfortin.com\/jrf\/vibrato\/wp-content\/uploads\/sites\/40\/2022\/09\/Eau-25x36.png 25w, https:\/\/jrfortin.com\/jrf\/vibrato\/wp-content\/uploads\/sites\/40\/2022\/09\/Eau-34x48.png 34w, https:\/\/jrfortin.com\/jrf\/vibrato\/wp-content\/uploads\/sites\/40\/2022\/09\/Eau.png 250w\" sizes=\"auto, (max-width: 210px) 100vw, 210px\" \/><img loading=\"lazy\" decoding=\"async\" class=\"alignnone size-medium wp-image-44\" src=\"http:\/\/jrfortin.com\/jrf\/lucie\/wp-content\/uploads\/sites\/40\/2022\/09\/Verre-eau--205x300.png\" alt=\"\" width=\"205\" height=\"300\" srcset=\"https:\/\/jrfortin.com\/jrf\/vibrato\/wp-content\/uploads\/sites\/40\/2022\/09\/Verre-eau--205x300.png 205w, https:\/\/jrfortin.com\/jrf\/vibrato\/wp-content\/uploads\/sites\/40\/2022\/09\/Verre-eau--103x150.png 103w, https:\/\/jrfortin.com\/jrf\/vibrato\/wp-content\/uploads\/sites\/40\/2022\/09\/Verre-eau--16x24.png 16w, https:\/\/jrfortin.com\/jrf\/vibrato\/wp-content\/uploads\/sites\/40\/2022\/09\/Verre-eau--25x36.png 25w, https:\/\/jrfortin.com\/jrf\/vibrato\/wp-content\/uploads\/sites\/40\/2022\/09\/Verre-eau--33x48.png 33w, https:\/\/jrfortin.com\/jrf\/vibrato\/wp-content\/uploads\/sites\/40\/2022\/09\/Verre-eau-.png 252w\" sizes=\"auto, (max-width: 205px) 100vw, 205px\" \/><\/p>\n<p>&nbsp;<\/p>\n<p style=\"text-align: left\">Catalogue des produits<\/p>\n<p style=\"text-align: left\"><img loading=\"lazy\" decoding=\"async\" class=\"alignnone wp-image-48\" src=\"http:\/\/jrfortin.com\/jrf\/vibrato\/wp-content\/uploads\/sites\/40\/2022\/09\/LOGO-OLA-La\u0300--300x300.jpg\" alt=\"\" width=\"127\" height=\"127\" srcset=\"https:\/\/jrfortin.com\/jrf\/vibrato\/wp-content\/uploads\/sites\/40\/2022\/09\/LOGO-OLA-La\u0300--300x300.jpg 300w, https:\/\/jrfortin.com\/jrf\/vibrato\/wp-content\/uploads\/sites\/40\/2022\/09\/LOGO-OLA-La\u0300--1024x1024.jpg 1024w, https:\/\/jrfortin.com\/jrf\/vibrato\/wp-content\/uploads\/sites\/40\/2022\/09\/LOGO-OLA-La\u0300--150x150.jpg 150w, https:\/\/jrfortin.com\/jrf\/vibrato\/wp-content\/uploads\/sites\/40\/2022\/09\/LOGO-OLA-La\u0300--768x768.jpg 768w, https:\/\/jrfortin.com\/jrf\/vibrato\/wp-content\/uploads\/sites\/40\/2022\/09\/LOGO-OLA-La\u0300--1320x1320.jpg 1320w, https:\/\/jrfortin.com\/jrf\/vibrato\/wp-content\/uploads\/sites\/40\/2022\/09\/LOGO-OLA-La\u0300--24x24.jpg 24w, https:\/\/jrfortin.com\/jrf\/vibrato\/wp-content\/uploads\/sites\/40\/2022\/09\/LOGO-OLA-La\u0300--36x36.jpg 36w, https:\/\/jrfortin.com\/jrf\/vibrato\/wp-content\/uploads\/sites\/40\/2022\/09\/LOGO-OLA-La\u0300--48x48.jpg 48w, https:\/\/jrfortin.com\/jrf\/vibrato\/wp-content\/uploads\/sites\/40\/2022\/09\/LOGO-OLA-La\u0300-.jpg 1500w\" sizes=\"auto, (max-width: 127px) 100vw, 127px\" \/><\/p>\n<p><a href=\"https:\/\/www.eaustructureeolala.com\/\" target=\"_blank\" rel=\"noopener\">https:\/\/www.eaustructureeolala.com\/<\/a><\/p>\n<p>Pour en savoir davantage<\/p>\n<p><a href=\"mailto:espacevibrato@gmail.com\">espacevibrato@gmail.com<\/a><\/p>\n<p>418-929-7837<\/p>\n","protected":false},"excerpt":{"rendered":"<p>Le NAT Natural Action Technologie est une compagnie qui a trouv\u00e9 le secret naturel de la structuration de l\u2019eau. Le mouvement de tournoiement de l\u2019eau dans l\u2019unit\u00e9 NAT nettoie sa m\u00e9moire tout en neutralisant les toxines pr\u00e9sentes, dont les hautes fr\u00e9quences \u00e9lectromagn\u00e9tiques et \u00e9lectroniques. L\u2019eau structur\u00e9e de Natural Action Technologie&#8230;<\/p>\n<p> <a class=\"continue-reading-link\" href=\"https:\/\/jrfortin.com\/jrf\/vibrato\/nat\/\"><span>Continue reading<\/span><i class=\"crycon-right-dir\"><\/i><\/a> <\/p>\n","protected":false},"author":1,"featured_media":0,"parent":0,"menu_order":0,"comment_status":"open","ping_status":"closed","template":"templates\/template-onecolumn.php","meta":{"footnotes":""},"class_list":["post-19","page","type-page","status-publish","hentry"],"yoast_head":"<!-- This site is optimized with the Yoast SEO plugin v26.7 - https:\/\/yoast.com\/wordpress\/plugins\/seo\/ -->\n<title>NAT - espace Vibrat \u00ab O \u00bb<\/title>\n<meta name=\"robots\" content=\"index, follow, max-snippet:-1, max-image-preview:large, max-video-preview:-1\" \/>\n<link rel=\"canonical\" href=\"https:\/\/jrfortin.com\/jrf\/vibrato\/nat\/\" \/>\n<meta property=\"og:locale\" content=\"fr_FR\" \/>\n<meta property=\"og:type\" content=\"article\" \/>\n<meta property=\"og:title\" content=\"NAT - espace Vibrat \u00ab O \u00bb\" \/>\n<meta property=\"og:description\" content=\"Le NAT Natural Action Technologie est une compagnie qui a trouv\u00e9 le secret naturel de la structuration de l\u2019eau. Le mouvement de tournoiement de l\u2019eau dans l\u2019unit\u00e9 NAT nettoie sa m\u00e9moire tout en neutralisant les toxines pr\u00e9sentes, dont les hautes fr\u00e9quences \u00e9lectromagn\u00e9tiques et \u00e9lectroniques. L\u2019eau structur\u00e9e de Natural Action Technologie... Continue reading\" \/>\n<meta property=\"og:url\" content=\"https:\/\/jrfortin.com\/jrf\/vibrato\/nat\/\" \/>\n<meta property=\"og:site_name\" content=\"espace Vibrat \u00ab O \u00bb\" \/>\n<meta property=\"article:modified_time\" content=\"2022-09-27T15:29:39+00:00\" \/>\n<meta property=\"og:image\" content=\"http:\/\/jrfortin.com\/jrf\/lucie\/wp-content\/uploads\/sites\/40\/2022\/09\/Eau-210x300.png\" \/>\n<meta name=\"twitter:card\" content=\"summary_large_image\" \/>\n<meta name=\"twitter:site\" content=\"@fortin_rock\" \/>\n<meta name=\"twitter:label1\" content=\"Dur\u00e9e de lecture estim\u00e9e\" \/>\n\t<meta name=\"twitter:data1\" content=\"1 minute\" \/>\n<script type=\"application\/ld+json\" class=\"yoast-schema-graph\">{\"@context\":\"https:\/\/schema.org\",\"@graph\":[{\"@type\":\"WebPage\",\"@id\":\"https:\/\/jrfortin.com\/jrf\/vibrato\/nat\/\",\"url\":\"https:\/\/jrfortin.com\/jrf\/vibrato\/nat\/\",\"name\":\"NAT - espace Vibrat \u00ab O \u00bb\",\"isPartOf\":{\"@id\":\"https:\/\/jrfortin.com\/jrf\/vibrato\/#website\"},\"primaryImageOfPage\":{\"@id\":\"https:\/\/jrfortin.com\/jrf\/vibrato\/nat\/#primaryimage\"},\"image\":{\"@id\":\"https:\/\/jrfortin.com\/jrf\/vibrato\/nat\/#primaryimage\"},\"thumbnailUrl\":\"http:\/\/jrfortin.com\/jrf\/lucie\/wp-content\/uploads\/sites\/40\/2022\/09\/Eau-210x300.png\",\"datePublished\":\"2022-09-20T17:23:40+00:00\",\"dateModified\":\"2022-09-27T15:29:39+00:00\",\"breadcrumb\":{\"@id\":\"https:\/\/jrfortin.com\/jrf\/vibrato\/nat\/#breadcrumb\"},\"inLanguage\":\"fr-FR\",\"potentialAction\":[{\"@type\":\"ReadAction\",\"target\":[\"https:\/\/jrfortin.com\/jrf\/vibrato\/nat\/\"]}]},{\"@type\":\"ImageObject\",\"inLanguage\":\"fr-FR\",\"@id\":\"https:\/\/jrfortin.com\/jrf\/vibrato\/nat\/#primaryimage\",\"url\":\"http:\/\/jrfortin.com\/jrf\/lucie\/wp-content\/uploads\/sites\/40\/2022\/09\/Eau-210x300.png\",\"contentUrl\":\"http:\/\/jrfortin.com\/jrf\/lucie\/wp-content\/uploads\/sites\/40\/2022\/09\/Eau-210x300.png\"},{\"@type\":\"BreadcrumbList\",\"@id\":\"https:\/\/jrfortin.com\/jrf\/vibrato\/nat\/#breadcrumb\",\"itemListElement\":[{\"@type\":\"ListItem\",\"position\":1,\"name\":\"Accueil\",\"item\":\"https:\/\/jrfortin.com\/jrf\/vibrato\/\"},{\"@type\":\"ListItem\",\"position\":2,\"name\":\"NAT\"}]},{\"@type\":\"WebSite\",\"@id\":\"https:\/\/jrfortin.com\/jrf\/vibrato\/#website\",\"url\":\"https:\/\/jrfortin.com\/jrf\/vibrato\/\",\"name\":\"espace Vibrat \u00ab O \u00bb\",\"description\":\"un lieu o\u00f9 se retrouver...\",\"publisher\":{\"@id\":\"https:\/\/jrfortin.com\/jrf\/vibrato\/#\/schema\/person\/3c6fa605cdbaaea40a1729daa3e322c2\"},\"potentialAction\":[{\"@type\":\"SearchAction\",\"target\":{\"@type\":\"EntryPoint\",\"urlTemplate\":\"https:\/\/jrfortin.com\/jrf\/vibrato\/?s={search_term_string}\"},\"query-input\":{\"@type\":\"PropertyValueSpecification\",\"valueRequired\":true,\"valueName\":\"search_term_string\"}}],\"inLanguage\":\"fr-FR\"},{\"@type\":[\"Person\",\"Organization\"],\"@id\":\"https:\/\/jrfortin.com\/jrf\/vibrato\/#\/schema\/person\/3c6fa605cdbaaea40a1729daa3e322c2\",\"name\":\"Lucie Boucher\",\"image\":{\"@type\":\"ImageObject\",\"inLanguage\":\"fr-FR\",\"@id\":\"https:\/\/jrfortin.com\/jrf\/vibrato\/#\/schema\/person\/image\/\",\"url\":\"https:\/\/secure.gravatar.com\/avatar\/f3608658cb7bb85669cb928416969226?s=96&d=mm&r=g\",\"contentUrl\":\"https:\/\/secure.gravatar.com\/avatar\/f3608658cb7bb85669cb928416969226?s=96&d=mm&r=g\",\"caption\":\"Lucie Boucher\"},\"logo\":{\"@id\":\"https:\/\/jrfortin.com\/jrf\/vibrato\/#\/schema\/person\/image\/\"}}]}<\/script>\n<!-- \/ Yoast SEO plugin. -->","yoast_head_json":{"title":"NAT - espace Vibrat \u00ab O \u00bb","robots":{"index":"index","follow":"follow","max-snippet":"max-snippet:-1","max-image-preview":"max-image-preview:large","max-video-preview":"max-video-preview:-1"},"canonical":"https:\/\/jrfortin.com\/jrf\/vibrato\/nat\/","og_locale":"fr_FR","og_type":"article","og_title":"NAT - espace Vibrat \u00ab O \u00bb","og_description":"Le NAT Natural Action Technologie est une compagnie qui a trouv\u00e9 le secret naturel de la structuration de l\u2019eau. Le mouvement de tournoiement de l\u2019eau dans l\u2019unit\u00e9 NAT nettoie sa m\u00e9moire tout en neutralisant les toxines pr\u00e9sentes, dont les hautes fr\u00e9quences \u00e9lectromagn\u00e9tiques et \u00e9lectroniques. L\u2019eau structur\u00e9e de Natural Action Technologie... Continue reading","og_url":"https:\/\/jrfortin.com\/jrf\/vibrato\/nat\/","og_site_name":"espace Vibrat \u00ab O \u00bb","article_modified_time":"2022-09-27T15:29:39+00:00","og_image":[{"url":"http:\/\/jrfortin.com\/jrf\/lucie\/wp-content\/uploads\/sites\/40\/2022\/09\/Eau-210x300.png","type":"","width":"","height":""}],"twitter_card":"summary_large_image","twitter_site":"@fortin_rock","twitter_misc":{"Dur\u00e9e de lecture estim\u00e9e":"1 minute"},"schema":{"@context":"https:\/\/schema.org","@graph":[{"@type":"WebPage","@id":"https:\/\/jrfortin.com\/jrf\/vibrato\/nat\/","url":"https:\/\/jrfortin.com\/jrf\/vibrato\/nat\/","name":"NAT - espace Vibrat \u00ab O \u00bb","isPartOf":{"@id":"https:\/\/jrfortin.com\/jrf\/vibrato\/#website"},"primaryImageOfPage":{"@id":"https:\/\/jrfortin.com\/jrf\/vibrato\/nat\/#primaryimage"},"image":{"@id":"https:\/\/jrfortin.com\/jrf\/vibrato\/nat\/#primaryimage"},"thumbnailUrl":"http:\/\/jrfortin.com\/jrf\/lucie\/wp-content\/uploads\/sites\/40\/2022\/09\/Eau-210x300.png","datePublished":"2022-09-20T17:23:40+00:00","dateModified":"2022-09-27T15:29:39+00:00","breadcrumb":{"@id":"https:\/\/jrfortin.com\/jrf\/vibrato\/nat\/#breadcrumb"},"inLanguage":"fr-FR","potentialAction":[{"@type":"ReadAction","target":["https:\/\/jrfortin.com\/jrf\/vibrato\/nat\/"]}]},{"@type":"ImageObject","inLanguage":"fr-FR","@id":"https:\/\/jrfortin.com\/jrf\/vibrato\/nat\/#primaryimage","url":"http:\/\/jrfortin.com\/jrf\/lucie\/wp-content\/uploads\/sites\/40\/2022\/09\/Eau-210x300.png","contentUrl":"http:\/\/jrfortin.com\/jrf\/lucie\/wp-content\/uploads\/sites\/40\/2022\/09\/Eau-210x300.png"},{"@type":"BreadcrumbList","@id":"https:\/\/jrfortin.com\/jrf\/vibrato\/nat\/#breadcrumb","itemListElement":[{"@type":"ListItem","position":1,"name":"Accueil","item":"https:\/\/jrfortin.com\/jrf\/vibrato\/"},{"@type":"ListItem","position":2,"name":"NAT"}]},{"@type":"WebSite","@id":"https:\/\/jrfortin.com\/jrf\/vibrato\/#website","url":"https:\/\/jrfortin.com\/jrf\/vibrato\/","name":"espace Vibrat \u00ab O \u00bb","description":"un lieu o\u00f9 se retrouver...","publisher":{"@id":"https:\/\/jrfortin.com\/jrf\/vibrato\/#\/schema\/person\/3c6fa605cdbaaea40a1729daa3e322c2"},"potentialAction":[{"@type":"SearchAction","target":{"@type":"EntryPoint","urlTemplate":"https:\/\/jrfortin.com\/jrf\/vibrato\/?s={search_term_string}"},"query-input":{"@type":"PropertyValueSpecification","valueRequired":true,"valueName":"search_term_string"}}],"inLanguage":"fr-FR"},{"@type":["Person","Organization"],"@id":"https:\/\/jrfortin.com\/jrf\/vibrato\/#\/schema\/person\/3c6fa605cdbaaea40a1729daa3e322c2","name":"Lucie Boucher","image":{"@type":"ImageObject","inLanguage":"fr-FR","@id":"https:\/\/jrfortin.com\/jrf\/vibrato\/#\/schema\/person\/image\/","url":"https:\/\/secure.gravatar.com\/avatar\/f3608658cb7bb85669cb928416969226?s=96&d=mm&r=g","contentUrl":"https:\/\/secure.gravatar.com\/avatar\/f3608658cb7bb85669cb928416969226?s=96&d=mm&r=g","caption":"Lucie Boucher"},"logo":{"@id":"https:\/\/jrfortin.com\/jrf\/vibrato\/#\/schema\/person\/image\/"}}]}},"_links":{"self":[{"href":"https:\/\/jrfortin.com\/jrf\/vibrato\/wp-json\/wp\/v2\/pages\/19","targetHints":{"allow":["GET"]}}],"collection":[{"href":"https:\/\/jrfortin.com\/jrf\/vibrato\/wp-json\/wp\/v2\/pages"}],"about":[{"href":"https:\/\/jrfortin.com\/jrf\/vibrato\/wp-json\/wp\/v2\/types\/page"}],"author":[{"embeddable":true,"href":"https:\/\/jrfortin.com\/jrf\/vibrato\/wp-json\/wp\/v2\/users\/1"}],"replies":[{"embeddable":true,"href":"https:\/\/jrfortin.com\/jrf\/vibrato\/wp-json\/wp\/v2\/comments?post=19"}],"version-history":[{"count":14,"href":"https:\/\/jrfortin.com\/jrf\/vibrato\/wp-json\/wp\/v2\/pages\/19\/revisions"}],"predecessor-version":[{"id":162,"href":"https:\/\/jrfortin.com\/jrf\/vibrato\/wp-json\/wp\/v2\/pages\/19\/revisions\/162"}],"wp:attachment":[{"href":"https:\/\/jrfortin.com\/jrf\/vibrato\/wp-json\/wp\/v2\/media?parent=19"}],"curies":[{"name":"wp","href":"https:\/\/api.w.org\/{rel}","templated":true}]}}