{"id":23,"date":"2022-09-20T17:26:24","date_gmt":"2022-09-20T17:26:24","guid":{"rendered":"https:\/\/jrfortin.com\/jrf\/lucie\/?page_id=23"},"modified":"2022-09-25T16:28:26","modified_gmt":"2022-09-25T16:28:26","slug":"healy","status":"publish","type":"page","link":"https:\/\/jrfortin.com\/jrf\/vibrato\/healy\/","title":{"rendered":"HEALY"},"content":{"rendered":"<p><img loading=\"lazy\" decoding=\"async\" class=\"size-medium wp-image-39 alignright\" src=\"http:\/\/jrfortin.com\/jrf\/lucie\/wp-content\/uploads\/sites\/40\/2022\/09\/264x250_content-healy.png\" alt=\"\" width=\"264\" height=\"250\" srcset=\"https:\/\/jrfortin.com\/jrf\/vibrato\/wp-content\/uploads\/sites\/40\/2022\/09\/264x250_content-healy.png 264w, https:\/\/jrfortin.com\/jrf\/vibrato\/wp-content\/uploads\/sites\/40\/2022\/09\/264x250_content-healy-150x142.png 150w, https:\/\/jrfortin.com\/jrf\/vibrato\/wp-content\/uploads\/sites\/40\/2022\/09\/264x250_content-healy-24x24.png 24w, https:\/\/jrfortin.com\/jrf\/vibrato\/wp-content\/uploads\/sites\/40\/2022\/09\/264x250_content-healy-36x34.png 36w, https:\/\/jrfortin.com\/jrf\/vibrato\/wp-content\/uploads\/sites\/40\/2022\/09\/264x250_content-healy-48x45.png 48w\" sizes=\"auto, (max-width: 264px) 100vw, 264px\" \/><img loading=\"lazy\" decoding=\"async\" class=\"size-medium wp-image-40 alignnone\" src=\"http:\/\/jrfortin.com\/jrf\/lucie\/wp-content\/uploads\/sites\/40\/2022\/09\/Unknown-300x232.png\" alt=\"\" width=\"300\" height=\"232\" srcset=\"https:\/\/jrfortin.com\/jrf\/vibrato\/wp-content\/uploads\/sites\/40\/2022\/09\/Unknown-300x232.png 300w, https:\/\/jrfortin.com\/jrf\/vibrato\/wp-content\/uploads\/sites\/40\/2022\/09\/Unknown-150x116.png 150w, https:\/\/jrfortin.com\/jrf\/vibrato\/wp-content\/uploads\/sites\/40\/2022\/09\/Unknown-400x311.png 400w, https:\/\/jrfortin.com\/jrf\/vibrato\/wp-content\/uploads\/sites\/40\/2022\/09\/Unknown-24x19.png 24w, https:\/\/jrfortin.com\/jrf\/vibrato\/wp-content\/uploads\/sites\/40\/2022\/09\/Unknown-36x28.png 36w, https:\/\/jrfortin.com\/jrf\/vibrato\/wp-content\/uploads\/sites\/40\/2022\/09\/Unknown-48x37.png 48w, https:\/\/jrfortin.com\/jrf\/vibrato\/wp-content\/uploads\/sites\/40\/2022\/09\/Unknown.png 540w\" sizes=\"auto, (max-width: 300px) 100vw, 300px\" \/><\/p>\n<p>Le Healy est un dispositif portable pour une sant\u00e9, un bien-\u00eatre et une vitalit\u00e9 holistique. La sant\u00e9 holistique repr\u00e9sente le sens de l\u2019unit\u00e9 et de la coh\u00e9rence du corps, de l\u2019esprit et de l\u2019\u00e2me par l\u2019exp\u00e9rience du bien-\u00eatre et de la vitalit\u00e9. Elle permet de vivre au maximum de ses capacit\u00e9s. Il est con\u00e7u pour harmoniser le champ bio\u00e9nerg\u00e9tique en utilisant des programmes de micro-courants \u00e0 fr\u00e9quences individualis\u00e9es (IMF) pour l\u2019harmonisation du champ bio\u00e9nerg\u00e9tique dans plusieurs domaines.<\/p>\n<p>Catalogue des produits : <a href=\"https:\/\/canada.healy.shop\/?partnername=2054-9814-6326\" target=\"_blank\" rel=\"noopener\">https:\/\/canada.healy.shop\/?partnername=2054-9814-6326<\/a><\/p>\n<p style=\"text-align: center\"><img loading=\"lazy\" decoding=\"async\" class=\"alignnone wp-image-37\" src=\"http:\/\/jrfortin.com\/jrf\/lucie\/wp-content\/uploads\/sites\/40\/2022\/09\/260x260_frequency-application-1.png\" alt=\"\" width=\"168\" height=\"168\" srcset=\"https:\/\/jrfortin.com\/jrf\/vibrato\/wp-content\/uploads\/sites\/40\/2022\/09\/260x260_frequency-application-1.png 260w, https:\/\/jrfortin.com\/jrf\/vibrato\/wp-content\/uploads\/sites\/40\/2022\/09\/260x260_frequency-application-1-150x150.png 150w, https:\/\/jrfortin.com\/jrf\/vibrato\/wp-content\/uploads\/sites\/40\/2022\/09\/260x260_frequency-application-1-24x24.png 24w, https:\/\/jrfortin.com\/jrf\/vibrato\/wp-content\/uploads\/sites\/40\/2022\/09\/260x260_frequency-application-1-36x36.png 36w, https:\/\/jrfortin.com\/jrf\/vibrato\/wp-content\/uploads\/sites\/40\/2022\/09\/260x260_frequency-application-1-48x48.png 48w\" sizes=\"auto, (max-width: 168px) 100vw, 168px\" \/> \u00a0\u00a0 <img loading=\"lazy\" decoding=\"async\" class=\"alignnone wp-image-41\" src=\"http:\/\/jrfortin.com\/jrf\/lucie\/wp-content\/uploads\/sites\/40\/2022\/09\/260x260_healthy-cells-1.png\" alt=\"\" width=\"162\" height=\"162\" srcset=\"https:\/\/jrfortin.com\/jrf\/vibrato\/wp-content\/uploads\/sites\/40\/2022\/09\/260x260_healthy-cells-1.png 260w, https:\/\/jrfortin.com\/jrf\/vibrato\/wp-content\/uploads\/sites\/40\/2022\/09\/260x260_healthy-cells-1-150x150.png 150w, https:\/\/jrfortin.com\/jrf\/vibrato\/wp-content\/uploads\/sites\/40\/2022\/09\/260x260_healthy-cells-1-24x24.png 24w, https:\/\/jrfortin.com\/jrf\/vibrato\/wp-content\/uploads\/sites\/40\/2022\/09\/260x260_healthy-cells-1-36x36.png 36w, https:\/\/jrfortin.com\/jrf\/vibrato\/wp-content\/uploads\/sites\/40\/2022\/09\/260x260_healthy-cells-1-48x48.png 48w\" sizes=\"auto, (max-width: 162px) 100vw, 162px\" \/> \u00a0 <img loading=\"lazy\" decoding=\"async\" class=\"alignnone wp-image-38\" src=\"http:\/\/jrfortin.com\/jrf\/lucie\/wp-content\/uploads\/sites\/40\/2022\/09\/260x260_dna-blueprint-1.png\" alt=\"\" width=\"164\" height=\"164\" srcset=\"https:\/\/jrfortin.com\/jrf\/vibrato\/wp-content\/uploads\/sites\/40\/2022\/09\/260x260_dna-blueprint-1.png 260w, https:\/\/jrfortin.com\/jrf\/vibrato\/wp-content\/uploads\/sites\/40\/2022\/09\/260x260_dna-blueprint-1-150x150.png 150w, https:\/\/jrfortin.com\/jrf\/vibrato\/wp-content\/uploads\/sites\/40\/2022\/09\/260x260_dna-blueprint-1-24x24.png 24w, https:\/\/jrfortin.com\/jrf\/vibrato\/wp-content\/uploads\/sites\/40\/2022\/09\/260x260_dna-blueprint-1-36x36.png 36w, https:\/\/jrfortin.com\/jrf\/vibrato\/wp-content\/uploads\/sites\/40\/2022\/09\/260x260_dna-blueprint-1-48x48.png 48w\" sizes=\"auto, (max-width: 164px) 100vw, 164px\" \/><\/p>\n<p>Pour en faire l\u2019essai et en savoir davantage<\/p>\n<p><a href=\"mailto:espacevibrato@gmail.com\">espacevibrato@gmail.com<\/a><\/p>\n<p>418-929-7837<\/p>\n","protected":false},"excerpt":{"rendered":"<p>Le Healy est un dispositif portable pour une sant\u00e9, un bien-\u00eatre et une vitalit\u00e9 holistique. La sant\u00e9 holistique repr\u00e9sente le sens de l\u2019unit\u00e9 et de la coh\u00e9rence du corps, de l\u2019esprit et de l\u2019\u00e2me par l\u2019exp\u00e9rience du bien-\u00eatre et de la vitalit\u00e9. Elle permet de vivre au maximum de ses&#8230;<\/p>\n<p> <a class=\"continue-reading-link\" href=\"https:\/\/jrfortin.com\/jrf\/vibrato\/healy\/\"><span>Continue reading<\/span><i class=\"crycon-right-dir\"><\/i><\/a> <\/p>\n","protected":false},"author":1,"featured_media":0,"parent":0,"menu_order":0,"comment_status":"open","ping_status":"closed","template":"templates\/template-onecolumn.php","meta":{"footnotes":""},"class_list":["post-23","page","type-page","status-publish","hentry"],"yoast_head":"<!-- This site is optimized with the Yoast SEO plugin v26.7 - https:\/\/yoast.com\/wordpress\/plugins\/seo\/ -->\n<title>HEALY - espace Vibrat \u00ab O \u00bb<\/title>\n<meta name=\"robots\" content=\"index, follow, max-snippet:-1, max-image-preview:large, max-video-preview:-1\" \/>\n<link rel=\"canonical\" href=\"https:\/\/jrfortin.com\/jrf\/vibrato\/healy\/\" \/>\n<meta property=\"og:locale\" content=\"fr_FR\" \/>\n<meta property=\"og:type\" content=\"article\" \/>\n<meta property=\"og:title\" content=\"HEALY - espace Vibrat \u00ab O \u00bb\" \/>\n<meta property=\"og:description\" content=\"Le Healy est un dispositif portable pour une sant\u00e9, un bien-\u00eatre et une vitalit\u00e9 holistique. La sant\u00e9 holistique repr\u00e9sente le sens de l\u2019unit\u00e9 et de la coh\u00e9rence du corps, de l\u2019esprit et de l\u2019\u00e2me par l\u2019exp\u00e9rience du bien-\u00eatre et de la vitalit\u00e9. Elle permet de vivre au maximum de ses... Continue reading\" \/>\n<meta property=\"og:url\" content=\"https:\/\/jrfortin.com\/jrf\/vibrato\/healy\/\" \/>\n<meta property=\"og:site_name\" content=\"espace Vibrat \u00ab O \u00bb\" \/>\n<meta property=\"article:modified_time\" content=\"2022-09-25T16:28:26+00:00\" \/>\n<meta property=\"og:image\" content=\"http:\/\/jrfortin.com\/jrf\/lucie\/wp-content\/uploads\/sites\/40\/2022\/09\/264x250_content-healy.png\" \/>\n<meta name=\"twitter:card\" content=\"summary_large_image\" \/>\n<meta name=\"twitter:site\" content=\"@fortin_rock\" \/>\n<meta name=\"twitter:label1\" content=\"Dur\u00e9e de lecture estim\u00e9e\" \/>\n\t<meta name=\"twitter:data1\" content=\"1 minute\" \/>\n<script type=\"application\/ld+json\" class=\"yoast-schema-graph\">{\"@context\":\"https:\/\/schema.org\",\"@graph\":[{\"@type\":\"WebPage\",\"@id\":\"https:\/\/jrfortin.com\/jrf\/vibrato\/healy\/\",\"url\":\"https:\/\/jrfortin.com\/jrf\/vibrato\/healy\/\",\"name\":\"HEALY - espace Vibrat \u00ab O \u00bb\",\"isPartOf\":{\"@id\":\"https:\/\/jrfortin.com\/jrf\/vibrato\/#website\"},\"primaryImageOfPage\":{\"@id\":\"https:\/\/jrfortin.com\/jrf\/vibrato\/healy\/#primaryimage\"},\"image\":{\"@id\":\"https:\/\/jrfortin.com\/jrf\/vibrato\/healy\/#primaryimage\"},\"thumbnailUrl\":\"http:\/\/jrfortin.com\/jrf\/lucie\/wp-content\/uploads\/sites\/40\/2022\/09\/264x250_content-healy.png\",\"datePublished\":\"2022-09-20T17:26:24+00:00\",\"dateModified\":\"2022-09-25T16:28:26+00:00\",\"breadcrumb\":{\"@id\":\"https:\/\/jrfortin.com\/jrf\/vibrato\/healy\/#breadcrumb\"},\"inLanguage\":\"fr-FR\",\"potentialAction\":[{\"@type\":\"ReadAction\",\"target\":[\"https:\/\/jrfortin.com\/jrf\/vibrato\/healy\/\"]}]},{\"@type\":\"ImageObject\",\"inLanguage\":\"fr-FR\",\"@id\":\"https:\/\/jrfortin.com\/jrf\/vibrato\/healy\/#primaryimage\",\"url\":\"http:\/\/jrfortin.com\/jrf\/lucie\/wp-content\/uploads\/sites\/40\/2022\/09\/264x250_content-healy.png\",\"contentUrl\":\"http:\/\/jrfortin.com\/jrf\/lucie\/wp-content\/uploads\/sites\/40\/2022\/09\/264x250_content-healy.png\"},{\"@type\":\"BreadcrumbList\",\"@id\":\"https:\/\/jrfortin.com\/jrf\/vibrato\/healy\/#breadcrumb\",\"itemListElement\":[{\"@type\":\"ListItem\",\"position\":1,\"name\":\"Accueil\",\"item\":\"https:\/\/jrfortin.com\/jrf\/vibrato\/\"},{\"@type\":\"ListItem\",\"position\":2,\"name\":\"HEALY\"}]},{\"@type\":\"WebSite\",\"@id\":\"https:\/\/jrfortin.com\/jrf\/vibrato\/#website\",\"url\":\"https:\/\/jrfortin.com\/jrf\/vibrato\/\",\"name\":\"espace Vibrat \u00ab O \u00bb\",\"description\":\"un lieu o\u00f9 se retrouver...\",\"publisher\":{\"@id\":\"https:\/\/jrfortin.com\/jrf\/vibrato\/#\/schema\/person\/3c6fa605cdbaaea40a1729daa3e322c2\"},\"potentialAction\":[{\"@type\":\"SearchAction\",\"target\":{\"@type\":\"EntryPoint\",\"urlTemplate\":\"https:\/\/jrfortin.com\/jrf\/vibrato\/?s={search_term_string}\"},\"query-input\":{\"@type\":\"PropertyValueSpecification\",\"valueRequired\":true,\"valueName\":\"search_term_string\"}}],\"inLanguage\":\"fr-FR\"},{\"@type\":[\"Person\",\"Organization\"],\"@id\":\"https:\/\/jrfortin.com\/jrf\/vibrato\/#\/schema\/person\/3c6fa605cdbaaea40a1729daa3e322c2\",\"name\":\"Lucie Boucher\",\"image\":{\"@type\":\"ImageObject\",\"inLanguage\":\"fr-FR\",\"@id\":\"https:\/\/jrfortin.com\/jrf\/vibrato\/#\/schema\/person\/image\/\",\"url\":\"https:\/\/secure.gravatar.com\/avatar\/f3608658cb7bb85669cb928416969226?s=96&d=mm&r=g\",\"contentUrl\":\"https:\/\/secure.gravatar.com\/avatar\/f3608658cb7bb85669cb928416969226?s=96&d=mm&r=g\",\"caption\":\"Lucie Boucher\"},\"logo\":{\"@id\":\"https:\/\/jrfortin.com\/jrf\/vibrato\/#\/schema\/person\/image\/\"}}]}<\/script>\n<!-- \/ Yoast SEO plugin. -->","yoast_head_json":{"title":"HEALY - espace Vibrat \u00ab O \u00bb","robots":{"index":"index","follow":"follow","max-snippet":"max-snippet:-1","max-image-preview":"max-image-preview:large","max-video-preview":"max-video-preview:-1"},"canonical":"https:\/\/jrfortin.com\/jrf\/vibrato\/healy\/","og_locale":"fr_FR","og_type":"article","og_title":"HEALY - espace Vibrat \u00ab O \u00bb","og_description":"Le Healy est un dispositif portable pour une sant\u00e9, un bien-\u00eatre et une vitalit\u00e9 holistique. La sant\u00e9 holistique repr\u00e9sente le sens de l\u2019unit\u00e9 et de la coh\u00e9rence du corps, de l\u2019esprit et de l\u2019\u00e2me par l\u2019exp\u00e9rience du bien-\u00eatre et de la vitalit\u00e9. Elle permet de vivre au maximum de ses... Continue reading","og_url":"https:\/\/jrfortin.com\/jrf\/vibrato\/healy\/","og_site_name":"espace Vibrat \u00ab O \u00bb","article_modified_time":"2022-09-25T16:28:26+00:00","og_image":[{"url":"http:\/\/jrfortin.com\/jrf\/lucie\/wp-content\/uploads\/sites\/40\/2022\/09\/264x250_content-healy.png","type":"","width":"","height":""}],"twitter_card":"summary_large_image","twitter_site":"@fortin_rock","twitter_misc":{"Dur\u00e9e de lecture estim\u00e9e":"1 minute"},"schema":{"@context":"https:\/\/schema.org","@graph":[{"@type":"WebPage","@id":"https:\/\/jrfortin.com\/jrf\/vibrato\/healy\/","url":"https:\/\/jrfortin.com\/jrf\/vibrato\/healy\/","name":"HEALY - espace Vibrat \u00ab O \u00bb","isPartOf":{"@id":"https:\/\/jrfortin.com\/jrf\/vibrato\/#website"},"primaryImageOfPage":{"@id":"https:\/\/jrfortin.com\/jrf\/vibrato\/healy\/#primaryimage"},"image":{"@id":"https:\/\/jrfortin.com\/jrf\/vibrato\/healy\/#primaryimage"},"thumbnailUrl":"http:\/\/jrfortin.com\/jrf\/lucie\/wp-content\/uploads\/sites\/40\/2022\/09\/264x250_content-healy.png","datePublished":"2022-09-20T17:26:24+00:00","dateModified":"2022-09-25T16:28:26+00:00","breadcrumb":{"@id":"https:\/\/jrfortin.com\/jrf\/vibrato\/healy\/#breadcrumb"},"inLanguage":"fr-FR","potentialAction":[{"@type":"ReadAction","target":["https:\/\/jrfortin.com\/jrf\/vibrato\/healy\/"]}]},{"@type":"ImageObject","inLanguage":"fr-FR","@id":"https:\/\/jrfortin.com\/jrf\/vibrato\/healy\/#primaryimage","url":"http:\/\/jrfortin.com\/jrf\/lucie\/wp-content\/uploads\/sites\/40\/2022\/09\/264x250_content-healy.png","contentUrl":"http:\/\/jrfortin.com\/jrf\/lucie\/wp-content\/uploads\/sites\/40\/2022\/09\/264x250_content-healy.png"},{"@type":"BreadcrumbList","@id":"https:\/\/jrfortin.com\/jrf\/vibrato\/healy\/#breadcrumb","itemListElement":[{"@type":"ListItem","position":1,"name":"Accueil","item":"https:\/\/jrfortin.com\/jrf\/vibrato\/"},{"@type":"ListItem","position":2,"name":"HEALY"}]},{"@type":"WebSite","@id":"https:\/\/jrfortin.com\/jrf\/vibrato\/#website","url":"https:\/\/jrfortin.com\/jrf\/vibrato\/","name":"espace Vibrat \u00ab O \u00bb","description":"un lieu o\u00f9 se retrouver...","publisher":{"@id":"https:\/\/jrfortin.com\/jrf\/vibrato\/#\/schema\/person\/3c6fa605cdbaaea40a1729daa3e322c2"},"potentialAction":[{"@type":"SearchAction","target":{"@type":"EntryPoint","urlTemplate":"https:\/\/jrfortin.com\/jrf\/vibrato\/?s={search_term_string}"},"query-input":{"@type":"PropertyValueSpecification","valueRequired":true,"valueName":"search_term_string"}}],"inLanguage":"fr-FR"},{"@type":["Person","Organization"],"@id":"https:\/\/jrfortin.com\/jrf\/vibrato\/#\/schema\/person\/3c6fa605cdbaaea40a1729daa3e322c2","name":"Lucie Boucher","image":{"@type":"ImageObject","inLanguage":"fr-FR","@id":"https:\/\/jrfortin.com\/jrf\/vibrato\/#\/schema\/person\/image\/","url":"https:\/\/secure.gravatar.com\/avatar\/f3608658cb7bb85669cb928416969226?s=96&d=mm&r=g","contentUrl":"https:\/\/secure.gravatar.com\/avatar\/f3608658cb7bb85669cb928416969226?s=96&d=mm&r=g","caption":"Lucie Boucher"},"logo":{"@id":"https:\/\/jrfortin.com\/jrf\/vibrato\/#\/schema\/person\/image\/"}}]}},"_links":{"self":[{"href":"https:\/\/jrfortin.com\/jrf\/vibrato\/wp-json\/wp\/v2\/pages\/23","targetHints":{"allow":["GET"]}}],"collection":[{"href":"https:\/\/jrfortin.com\/jrf\/vibrato\/wp-json\/wp\/v2\/pages"}],"about":[{"href":"https:\/\/jrfortin.com\/jrf\/vibrato\/wp-json\/wp\/v2\/types\/page"}],"author":[{"embeddable":true,"href":"https:\/\/jrfortin.com\/jrf\/vibrato\/wp-json\/wp\/v2\/users\/1"}],"replies":[{"embeddable":true,"href":"https:\/\/jrfortin.com\/jrf\/vibrato\/wp-json\/wp\/v2\/comments?post=23"}],"version-history":[{"count":8,"href":"https:\/\/jrfortin.com\/jrf\/vibrato\/wp-json\/wp\/v2\/pages\/23\/revisions"}],"predecessor-version":[{"id":158,"href":"https:\/\/jrfortin.com\/jrf\/vibrato\/wp-json\/wp\/v2\/pages\/23\/revisions\/158"}],"wp:attachment":[{"href":"https:\/\/jrfortin.com\/jrf\/vibrato\/wp-json\/wp\/v2\/media?parent=23"}],"curies":[{"name":"wp","href":"https:\/\/api.w.org\/{rel}","templated":true}]}}