{"id":25,"date":"2022-09-20T17:27:05","date_gmt":"2022-09-20T17:27:05","guid":{"rendered":"https:\/\/jrfortin.com\/jrf\/lucie\/?page_id=25"},"modified":"2022-09-27T15:31:15","modified_gmt":"2022-09-27T15:31:15","slug":"monat","status":"publish","type":"page","link":"https:\/\/jrfortin.com\/jrf\/vibrato\/monat\/","title":{"rendered":"MONAT"},"content":{"rendered":"<p><img loading=\"lazy\" decoding=\"async\" class=\"wp-image-54 alignright\" src=\"http:\/\/jrfortin.com\/jrf\/lucie\/wp-content\/uploads\/sites\/40\/2022\/09\/Calque-dimage-707x1024.jpg\" alt=\"\" width=\"336\" height=\"487\" srcset=\"https:\/\/jrfortin.com\/jrf\/vibrato\/wp-content\/uploads\/sites\/40\/2022\/09\/Calque-dimage-707x1024.jpg 707w, https:\/\/jrfortin.com\/jrf\/vibrato\/wp-content\/uploads\/sites\/40\/2022\/09\/Calque-dimage-207x300.jpg 207w, https:\/\/jrfortin.com\/jrf\/vibrato\/wp-content\/uploads\/sites\/40\/2022\/09\/Calque-dimage-768x1113.jpg 768w, https:\/\/jrfortin.com\/jrf\/vibrato\/wp-content\/uploads\/sites\/40\/2022\/09\/Calque-dimage-1060x1536.jpg 1060w, https:\/\/jrfortin.com\/jrf\/vibrato\/wp-content\/uploads\/sites\/40\/2022\/09\/Calque-dimage-1414x2048.jpg 1414w, https:\/\/jrfortin.com\/jrf\/vibrato\/wp-content\/uploads\/sites\/40\/2022\/09\/Calque-dimage-104x150.jpg 104w, https:\/\/jrfortin.com\/jrf\/vibrato\/wp-content\/uploads\/sites\/40\/2022\/09\/Calque-dimage-1320x1912.jpg 1320w, https:\/\/jrfortin.com\/jrf\/vibrato\/wp-content\/uploads\/sites\/40\/2022\/09\/Calque-dimage-17x24.jpg 17w, https:\/\/jrfortin.com\/jrf\/vibrato\/wp-content\/uploads\/sites\/40\/2022\/09\/Calque-dimage-25x36.jpg 25w, https:\/\/jrfortin.com\/jrf\/vibrato\/wp-content\/uploads\/sites\/40\/2022\/09\/Calque-dimage-33x48.jpg 33w, https:\/\/jrfortin.com\/jrf\/vibrato\/wp-content\/uploads\/sites\/40\/2022\/09\/Calque-dimage-scaled.jpg 1767w\" sizes=\"auto, (max-width: 336px) 100vw, 336px\" \/><\/p>\n<p>MONAT est une gamme de produits pour la peau et les cheveux, ainsi que des suppl\u00e9ments pour le bien-\u00eatre.<\/p>\n<p>Mobilisant la puissance naturelle des huiles v\u00e9g\u00e9tales, des fruits exotiques riches en nutriments, des cellules souches v\u00e9g\u00e9tales et d\u2019un peptide dynamisant et exclusif.<\/p>\n<p>Les ingr\u00e9dients de MONAT sont d\u2019origines naturelles, s\u00e9curitaires et pures. Ils sont v\u00e9g\u00e9taliens et respectueux des animaux.<\/p>\n<p>Des \u00e9chantillons de produit sont disponibles pour en faire l\u2019essai.<\/p>\n\n\t\t<style type=\"text\/css\">\n\t\t\t#gallery-1 {\n\t\t\t\tmargin: auto;\n\t\t\t}\n\t\t\t#gallery-1 .gallery-item {\n\t\t\t\tfloat: left;\n\t\t\t\tmargin-top: 10px;\n\t\t\t\ttext-align: center;\n\t\t\t\twidth: 25%;\n\t\t\t}\n\t\t\t#gallery-1 img {\n\t\t\t\tborder: 2px solid #cfcfcf;\n\t\t\t}\n\t\t\t#gallery-1 .gallery-caption {\n\t\t\t\tmargin-left: 0;\n\t\t\t}\n\t\t\t\/* see gallery_shortcode() in wp-includes\/media.php *\/\n\t\t<\/style>\n\t\t<div id='gallery-1' class='gallery galleryid-25 gallery-columns-4 gallery-size-full'><dl class='gallery-item'>\n\t\t\t<dt class='gallery-icon landscape'>\n\t\t\t\t<img loading=\"lazy\" decoding=\"async\" width=\"2160\" height=\"1080\" src=\"https:\/\/jrfortin.com\/jrf\/vibrato\/wp-content\/uploads\/sites\/40\/2022\/09\/EVENTBRITECOVERS_10.jpg\" class=\"attachment-full size-full\" alt=\"\" aria-describedby=\"gallery-1-45\" srcset=\"https:\/\/jrfortin.com\/jrf\/vibrato\/wp-content\/uploads\/sites\/40\/2022\/09\/EVENTBRITECOVERS_10.jpg 2160w, https:\/\/jrfortin.com\/jrf\/vibrato\/wp-content\/uploads\/sites\/40\/2022\/09\/EVENTBRITECOVERS_10-300x150.jpg 300w, https:\/\/jrfortin.com\/jrf\/vibrato\/wp-content\/uploads\/sites\/40\/2022\/09\/EVENTBRITECOVERS_10-1024x512.jpg 1024w, https:\/\/jrfortin.com\/jrf\/vibrato\/wp-content\/uploads\/sites\/40\/2022\/09\/EVENTBRITECOVERS_10-768x384.jpg 768w, https:\/\/jrfortin.com\/jrf\/vibrato\/wp-content\/uploads\/sites\/40\/2022\/09\/EVENTBRITECOVERS_10-1536x768.jpg 1536w, https:\/\/jrfortin.com\/jrf\/vibrato\/wp-content\/uploads\/sites\/40\/2022\/09\/EVENTBRITECOVERS_10-2048x1024.jpg 2048w, https:\/\/jrfortin.com\/jrf\/vibrato\/wp-content\/uploads\/sites\/40\/2022\/09\/EVENTBRITECOVERS_10-150x75.jpg 150w, https:\/\/jrfortin.com\/jrf\/vibrato\/wp-content\/uploads\/sites\/40\/2022\/09\/EVENTBRITECOVERS_10-1320x660.jpg 1320w, https:\/\/jrfortin.com\/jrf\/vibrato\/wp-content\/uploads\/sites\/40\/2022\/09\/EVENTBRITECOVERS_10-24x12.jpg 24w, https:\/\/jrfortin.com\/jrf\/vibrato\/wp-content\/uploads\/sites\/40\/2022\/09\/EVENTBRITECOVERS_10-36x18.jpg 36w, https:\/\/jrfortin.com\/jrf\/vibrato\/wp-content\/uploads\/sites\/40\/2022\/09\/EVENTBRITECOVERS_10-48x24.jpg 48w\" sizes=\"auto, (max-width: 2160px) 100vw, 2160px\" \/>\n\t\t\t<\/dt>\n\t\t\t\t<dd class='wp-caption-text gallery-caption' id='gallery-1-45'>\n\t\t\t\tJunior\n\t\t\t\t<\/dd><\/dl><dl class='gallery-item'>\n\t\t\t<dt class='gallery-icon landscape'>\n\t\t\t\t<img loading=\"lazy\" decoding=\"async\" width=\"2160\" height=\"1080\" src=\"https:\/\/jrfortin.com\/jrf\/vibrato\/wp-content\/uploads\/sites\/40\/2022\/09\/EVENTBRITECOVERS_1.jpg\" class=\"attachment-full size-full\" alt=\"\" aria-describedby=\"gallery-1-125\" srcset=\"https:\/\/jrfortin.com\/jrf\/vibrato\/wp-content\/uploads\/sites\/40\/2022\/09\/EVENTBRITECOVERS_1.jpg 2160w, https:\/\/jrfortin.com\/jrf\/vibrato\/wp-content\/uploads\/sites\/40\/2022\/09\/EVENTBRITECOVERS_1-300x150.jpg 300w, https:\/\/jrfortin.com\/jrf\/vibrato\/wp-content\/uploads\/sites\/40\/2022\/09\/EVENTBRITECOVERS_1-1024x512.jpg 1024w, https:\/\/jrfortin.com\/jrf\/vibrato\/wp-content\/uploads\/sites\/40\/2022\/09\/EVENTBRITECOVERS_1-768x384.jpg 768w, https:\/\/jrfortin.com\/jrf\/vibrato\/wp-content\/uploads\/sites\/40\/2022\/09\/EVENTBRITECOVERS_1-1536x768.jpg 1536w, https:\/\/jrfortin.com\/jrf\/vibrato\/wp-content\/uploads\/sites\/40\/2022\/09\/EVENTBRITECOVERS_1-2048x1024.jpg 2048w, https:\/\/jrfortin.com\/jrf\/vibrato\/wp-content\/uploads\/sites\/40\/2022\/09\/EVENTBRITECOVERS_1-150x75.jpg 150w, https:\/\/jrfortin.com\/jrf\/vibrato\/wp-content\/uploads\/sites\/40\/2022\/09\/EVENTBRITECOVERS_1-1320x660.jpg 1320w, https:\/\/jrfortin.com\/jrf\/vibrato\/wp-content\/uploads\/sites\/40\/2022\/09\/EVENTBRITECOVERS_1-24x12.jpg 24w, https:\/\/jrfortin.com\/jrf\/vibrato\/wp-content\/uploads\/sites\/40\/2022\/09\/EVENTBRITECOVERS_1-36x18.jpg 36w, https:\/\/jrfortin.com\/jrf\/vibrato\/wp-content\/uploads\/sites\/40\/2022\/09\/EVENTBRITECOVERS_1-48x24.jpg 48w\" sizes=\"auto, (max-width: 2160px) 100vw, 2160px\" \/>\n\t\t\t<\/dt>\n\t\t\t\t<dd class='wp-caption-text gallery-caption' id='gallery-1-125'>\n\t\t\t\tPeau\n\t\t\t\t<\/dd><\/dl><dl class='gallery-item'>\n\t\t\t<dt class='gallery-icon landscape'>\n\t\t\t\t<img loading=\"lazy\" decoding=\"async\" width=\"2160\" height=\"1080\" src=\"https:\/\/jrfortin.com\/jrf\/vibrato\/wp-content\/uploads\/sites\/40\/2022\/09\/EVENTBRITECOVERS_9.jpg\" class=\"attachment-full size-full\" alt=\"\" aria-describedby=\"gallery-1-126\" srcset=\"https:\/\/jrfortin.com\/jrf\/vibrato\/wp-content\/uploads\/sites\/40\/2022\/09\/EVENTBRITECOVERS_9.jpg 2160w, https:\/\/jrfortin.com\/jrf\/vibrato\/wp-content\/uploads\/sites\/40\/2022\/09\/EVENTBRITECOVERS_9-300x150.jpg 300w, https:\/\/jrfortin.com\/jrf\/vibrato\/wp-content\/uploads\/sites\/40\/2022\/09\/EVENTBRITECOVERS_9-1024x512.jpg 1024w, https:\/\/jrfortin.com\/jrf\/vibrato\/wp-content\/uploads\/sites\/40\/2022\/09\/EVENTBRITECOVERS_9-768x384.jpg 768w, https:\/\/jrfortin.com\/jrf\/vibrato\/wp-content\/uploads\/sites\/40\/2022\/09\/EVENTBRITECOVERS_9-1536x768.jpg 1536w, https:\/\/jrfortin.com\/jrf\/vibrato\/wp-content\/uploads\/sites\/40\/2022\/09\/EVENTBRITECOVERS_9-2048x1024.jpg 2048w, https:\/\/jrfortin.com\/jrf\/vibrato\/wp-content\/uploads\/sites\/40\/2022\/09\/EVENTBRITECOVERS_9-150x75.jpg 150w, https:\/\/jrfortin.com\/jrf\/vibrato\/wp-content\/uploads\/sites\/40\/2022\/09\/EVENTBRITECOVERS_9-1320x660.jpg 1320w, https:\/\/jrfortin.com\/jrf\/vibrato\/wp-content\/uploads\/sites\/40\/2022\/09\/EVENTBRITECOVERS_9-24x12.jpg 24w, https:\/\/jrfortin.com\/jrf\/vibrato\/wp-content\/uploads\/sites\/40\/2022\/09\/EVENTBRITECOVERS_9-36x18.jpg 36w, https:\/\/jrfortin.com\/jrf\/vibrato\/wp-content\/uploads\/sites\/40\/2022\/09\/EVENTBRITECOVERS_9-48x24.jpg 48w\" sizes=\"auto, (max-width: 2160px) 100vw, 2160px\" \/>\n\t\t\t<\/dt>\n\t\t\t\t<dd class='wp-caption-text gallery-caption' id='gallery-1-126'>\n\t\t\t\tCheveux\n\t\t\t\t<\/dd><\/dl><dl class='gallery-item'>\n\t\t\t<dt class='gallery-icon landscape'>\n\t\t\t\t<img loading=\"lazy\" decoding=\"async\" width=\"2160\" height=\"1080\" src=\"https:\/\/jrfortin.com\/jrf\/vibrato\/wp-content\/uploads\/sites\/40\/2022\/09\/EVENTBRITECOVERS_11.jpg\" class=\"attachment-full size-full\" alt=\"\" aria-describedby=\"gallery-1-47\" srcset=\"https:\/\/jrfortin.com\/jrf\/vibrato\/wp-content\/uploads\/sites\/40\/2022\/09\/EVENTBRITECOVERS_11.jpg 2160w, https:\/\/jrfortin.com\/jrf\/vibrato\/wp-content\/uploads\/sites\/40\/2022\/09\/EVENTBRITECOVERS_11-300x150.jpg 300w, https:\/\/jrfortin.com\/jrf\/vibrato\/wp-content\/uploads\/sites\/40\/2022\/09\/EVENTBRITECOVERS_11-1024x512.jpg 1024w, https:\/\/jrfortin.com\/jrf\/vibrato\/wp-content\/uploads\/sites\/40\/2022\/09\/EVENTBRITECOVERS_11-768x384.jpg 768w, https:\/\/jrfortin.com\/jrf\/vibrato\/wp-content\/uploads\/sites\/40\/2022\/09\/EVENTBRITECOVERS_11-1536x768.jpg 1536w, https:\/\/jrfortin.com\/jrf\/vibrato\/wp-content\/uploads\/sites\/40\/2022\/09\/EVENTBRITECOVERS_11-2048x1024.jpg 2048w, https:\/\/jrfortin.com\/jrf\/vibrato\/wp-content\/uploads\/sites\/40\/2022\/09\/EVENTBRITECOVERS_11-150x75.jpg 150w, https:\/\/jrfortin.com\/jrf\/vibrato\/wp-content\/uploads\/sites\/40\/2022\/09\/EVENTBRITECOVERS_11-1320x660.jpg 1320w, https:\/\/jrfortin.com\/jrf\/vibrato\/wp-content\/uploads\/sites\/40\/2022\/09\/EVENTBRITECOVERS_11-24x12.jpg 24w, https:\/\/jrfortin.com\/jrf\/vibrato\/wp-content\/uploads\/sites\/40\/2022\/09\/EVENTBRITECOVERS_11-36x18.jpg 36w, https:\/\/jrfortin.com\/jrf\/vibrato\/wp-content\/uploads\/sites\/40\/2022\/09\/EVENTBRITECOVERS_11-48x24.jpg 48w\" sizes=\"auto, (max-width: 2160px) 100vw, 2160px\" \/>\n\t\t\t<\/dt>\n\t\t\t\t<dd class='wp-caption-text gallery-caption' id='gallery-1-47'>\n\t\t\t\tHommes\n\t\t\t\t<\/dd><\/dl><br style=\"clear: both\" \/><dl class='gallery-item'>\n\t\t\t<dt class='gallery-icon landscape'>\n\t\t\t\t<img loading=\"lazy\" decoding=\"async\" width=\"2160\" height=\"1080\" src=\"https:\/\/jrfortin.com\/jrf\/vibrato\/wp-content\/uploads\/sites\/40\/2022\/09\/EVENTBRITECOVERS_5.jpg\" class=\"attachment-full size-full\" alt=\"\" aria-describedby=\"gallery-1-52\" srcset=\"https:\/\/jrfortin.com\/jrf\/vibrato\/wp-content\/uploads\/sites\/40\/2022\/09\/EVENTBRITECOVERS_5.jpg 2160w, https:\/\/jrfortin.com\/jrf\/vibrato\/wp-content\/uploads\/sites\/40\/2022\/09\/EVENTBRITECOVERS_5-300x150.jpg 300w, https:\/\/jrfortin.com\/jrf\/vibrato\/wp-content\/uploads\/sites\/40\/2022\/09\/EVENTBRITECOVERS_5-1024x512.jpg 1024w, https:\/\/jrfortin.com\/jrf\/vibrato\/wp-content\/uploads\/sites\/40\/2022\/09\/EVENTBRITECOVERS_5-768x384.jpg 768w, https:\/\/jrfortin.com\/jrf\/vibrato\/wp-content\/uploads\/sites\/40\/2022\/09\/EVENTBRITECOVERS_5-1536x768.jpg 1536w, https:\/\/jrfortin.com\/jrf\/vibrato\/wp-content\/uploads\/sites\/40\/2022\/09\/EVENTBRITECOVERS_5-2048x1024.jpg 2048w, https:\/\/jrfortin.com\/jrf\/vibrato\/wp-content\/uploads\/sites\/40\/2022\/09\/EVENTBRITECOVERS_5-150x75.jpg 150w, https:\/\/jrfortin.com\/jrf\/vibrato\/wp-content\/uploads\/sites\/40\/2022\/09\/EVENTBRITECOVERS_5-1320x660.jpg 1320w, https:\/\/jrfortin.com\/jrf\/vibrato\/wp-content\/uploads\/sites\/40\/2022\/09\/EVENTBRITECOVERS_5-24x12.jpg 24w, https:\/\/jrfortin.com\/jrf\/vibrato\/wp-content\/uploads\/sites\/40\/2022\/09\/EVENTBRITECOVERS_5-36x18.jpg 36w, https:\/\/jrfortin.com\/jrf\/vibrato\/wp-content\/uploads\/sites\/40\/2022\/09\/EVENTBRITECOVERS_5-48x24.jpg 48w\" sizes=\"auto, (max-width: 2160px) 100vw, 2160px\" \/>\n\t\t\t<\/dt>\n\t\t\t\t<dd class='wp-caption-text gallery-caption' id='gallery-1-52'>\n\t\t\t\tSuppl\u00e9ments mieux \u00eatre\n\t\t\t\t<\/dd><\/dl><dl class='gallery-item'>\n\t\t\t<dt class='gallery-icon landscape'>\n\t\t\t\t<img loading=\"lazy\" decoding=\"async\" width=\"2160\" height=\"1080\" src=\"https:\/\/jrfortin.com\/jrf\/vibrato\/wp-content\/uploads\/sites\/40\/2022\/09\/EVENTBRITECOVERS_6.jpg\" class=\"attachment-full size-full\" alt=\"\" aria-describedby=\"gallery-1-46\" srcset=\"https:\/\/jrfortin.com\/jrf\/vibrato\/wp-content\/uploads\/sites\/40\/2022\/09\/EVENTBRITECOVERS_6.jpg 2160w, https:\/\/jrfortin.com\/jrf\/vibrato\/wp-content\/uploads\/sites\/40\/2022\/09\/EVENTBRITECOVERS_6-300x150.jpg 300w, https:\/\/jrfortin.com\/jrf\/vibrato\/wp-content\/uploads\/sites\/40\/2022\/09\/EVENTBRITECOVERS_6-1024x512.jpg 1024w, https:\/\/jrfortin.com\/jrf\/vibrato\/wp-content\/uploads\/sites\/40\/2022\/09\/EVENTBRITECOVERS_6-768x384.jpg 768w, https:\/\/jrfortin.com\/jrf\/vibrato\/wp-content\/uploads\/sites\/40\/2022\/09\/EVENTBRITECOVERS_6-1536x768.jpg 1536w, https:\/\/jrfortin.com\/jrf\/vibrato\/wp-content\/uploads\/sites\/40\/2022\/09\/EVENTBRITECOVERS_6-2048x1024.jpg 2048w, https:\/\/jrfortin.com\/jrf\/vibrato\/wp-content\/uploads\/sites\/40\/2022\/09\/EVENTBRITECOVERS_6-150x75.jpg 150w, https:\/\/jrfortin.com\/jrf\/vibrato\/wp-content\/uploads\/sites\/40\/2022\/09\/EVENTBRITECOVERS_6-1320x660.jpg 1320w, https:\/\/jrfortin.com\/jrf\/vibrato\/wp-content\/uploads\/sites\/40\/2022\/09\/EVENTBRITECOVERS_6-24x12.jpg 24w, https:\/\/jrfortin.com\/jrf\/vibrato\/wp-content\/uploads\/sites\/40\/2022\/09\/EVENTBRITECOVERS_6-36x18.jpg 36w, https:\/\/jrfortin.com\/jrf\/vibrato\/wp-content\/uploads\/sites\/40\/2022\/09\/EVENTBRITECOVERS_6-48x24.jpg 48w\" sizes=\"auto, (max-width: 2160px) 100vw, 2160px\" \/>\n\t\t\t<\/dt>\n\t\t\t\t<dd class='wp-caption-text gallery-caption' id='gallery-1-46'>\n\t\t\t\tPartenaires\n\t\t\t\t<\/dd><\/dl>\n\t\t\t<br style='clear: both' \/>\n\t\t<\/div>\n\n<p>Catalogue des produits<\/p>\n<p><a href=\"https:\/\/lucieboucher7.mymonat.com\/\">https:\/\/lucieboucher7.mymonat.com\/<\/a><\/p>\n<p>Pour en faire l\u2019essai et en savoir davantage<\/p>\n<p><a href=\"mailto:espacevibrato@gmail.com\">espacevibrato@gmail.com<\/a><\/p>\n<p>418-929-7837<\/p>\n","protected":false},"excerpt":{"rendered":"<p>MONAT est une gamme de produits pour la peau et les cheveux, ainsi que des suppl\u00e9ments pour le bien-\u00eatre. Mobilisant la puissance naturelle des huiles v\u00e9g\u00e9tales, des fruits exotiques riches en nutriments, des cellules souches v\u00e9g\u00e9tales et d\u2019un peptide dynamisant et exclusif. Les ingr\u00e9dients de MONAT sont d\u2019origines naturelles, s\u00e9curitaires&#8230;<\/p>\n<p> <a class=\"continue-reading-link\" href=\"https:\/\/jrfortin.com\/jrf\/vibrato\/monat\/\"><span>Continue reading<\/span><i class=\"crycon-right-dir\"><\/i><\/a> <\/p>\n","protected":false},"author":1,"featured_media":0,"parent":0,"menu_order":0,"comment_status":"open","ping_status":"closed","template":"templates\/template-onecolumn.php","meta":{"footnotes":""},"class_list":["post-25","page","type-page","status-publish","hentry"],"yoast_head":"<!-- This site is optimized with the Yoast SEO plugin v26.7 - https:\/\/yoast.com\/wordpress\/plugins\/seo\/ -->\n<title>MONAT - espace Vibrat \u00ab O \u00bb<\/title>\n<meta name=\"robots\" content=\"index, follow, max-snippet:-1, max-image-preview:large, max-video-preview:-1\" \/>\n<link rel=\"canonical\" href=\"https:\/\/jrfortin.com\/jrf\/vibrato\/monat\/\" \/>\n<meta property=\"og:locale\" content=\"fr_FR\" \/>\n<meta property=\"og:type\" content=\"article\" \/>\n<meta property=\"og:title\" content=\"MONAT - espace Vibrat \u00ab O \u00bb\" \/>\n<meta property=\"og:description\" content=\"MONAT est une gamme de produits pour la peau et les cheveux, ainsi que des suppl\u00e9ments pour le bien-\u00eatre. Mobilisant la puissance naturelle des huiles v\u00e9g\u00e9tales, des fruits exotiques riches en nutriments, des cellules souches v\u00e9g\u00e9tales et d\u2019un peptide dynamisant et exclusif. Les ingr\u00e9dients de MONAT sont d\u2019origines naturelles, s\u00e9curitaires... Continue reading\" \/>\n<meta property=\"og:url\" content=\"https:\/\/jrfortin.com\/jrf\/vibrato\/monat\/\" \/>\n<meta property=\"og:site_name\" content=\"espace Vibrat \u00ab O \u00bb\" \/>\n<meta property=\"article:modified_time\" content=\"2022-09-27T15:31:15+00:00\" \/>\n<meta property=\"og:image\" content=\"https:\/\/jrfortin.com\/jrf\/vibrato\/wp-content\/uploads\/sites\/40\/2022\/09\/EVENTBRITECOVERS_10.jpg\" \/>\n<meta name=\"twitter:card\" content=\"summary_large_image\" \/>\n<meta name=\"twitter:site\" content=\"@fortin_rock\" \/>\n<meta name=\"twitter:label1\" content=\"Dur\u00e9e de lecture estim\u00e9e\" \/>\n\t<meta name=\"twitter:data1\" content=\"1 minute\" \/>\n<script type=\"application\/ld+json\" class=\"yoast-schema-graph\">{\"@context\":\"https:\/\/schema.org\",\"@graph\":[{\"@type\":\"WebPage\",\"@id\":\"https:\/\/jrfortin.com\/jrf\/vibrato\/monat\/\",\"url\":\"https:\/\/jrfortin.com\/jrf\/vibrato\/monat\/\",\"name\":\"MONAT - espace Vibrat \u00ab O \u00bb\",\"isPartOf\":{\"@id\":\"https:\/\/jrfortin.com\/jrf\/vibrato\/#website\"},\"primaryImageOfPage\":{\"@id\":\"https:\/\/jrfortin.com\/jrf\/vibrato\/monat\/#primaryimage\"},\"image\":{\"@id\":\"https:\/\/jrfortin.com\/jrf\/vibrato\/monat\/#primaryimage\"},\"thumbnailUrl\":\"http:\/\/jrfortin.com\/jrf\/lucie\/wp-content\/uploads\/sites\/40\/2022\/09\/Calque-dimage-707x1024.jpg\",\"datePublished\":\"2022-09-20T17:27:05+00:00\",\"dateModified\":\"2022-09-27T15:31:15+00:00\",\"breadcrumb\":{\"@id\":\"https:\/\/jrfortin.com\/jrf\/vibrato\/monat\/#breadcrumb\"},\"inLanguage\":\"fr-FR\",\"potentialAction\":[{\"@type\":\"ReadAction\",\"target\":[\"https:\/\/jrfortin.com\/jrf\/vibrato\/monat\/\"]}]},{\"@type\":\"ImageObject\",\"inLanguage\":\"fr-FR\",\"@id\":\"https:\/\/jrfortin.com\/jrf\/vibrato\/monat\/#primaryimage\",\"url\":\"http:\/\/jrfortin.com\/jrf\/lucie\/wp-content\/uploads\/sites\/40\/2022\/09\/Calque-dimage-707x1024.jpg\",\"contentUrl\":\"http:\/\/jrfortin.com\/jrf\/lucie\/wp-content\/uploads\/sites\/40\/2022\/09\/Calque-dimage-707x1024.jpg\"},{\"@type\":\"BreadcrumbList\",\"@id\":\"https:\/\/jrfortin.com\/jrf\/vibrato\/monat\/#breadcrumb\",\"itemListElement\":[{\"@type\":\"ListItem\",\"position\":1,\"name\":\"Accueil\",\"item\":\"https:\/\/jrfortin.com\/jrf\/vibrato\/\"},{\"@type\":\"ListItem\",\"position\":2,\"name\":\"MONAT\"}]},{\"@type\":\"WebSite\",\"@id\":\"https:\/\/jrfortin.com\/jrf\/vibrato\/#website\",\"url\":\"https:\/\/jrfortin.com\/jrf\/vibrato\/\",\"name\":\"espace Vibrat \u00ab O \u00bb\",\"description\":\"un lieu o\u00f9 se retrouver...\",\"publisher\":{\"@id\":\"https:\/\/jrfortin.com\/jrf\/vibrato\/#\/schema\/person\/3c6fa605cdbaaea40a1729daa3e322c2\"},\"potentialAction\":[{\"@type\":\"SearchAction\",\"target\":{\"@type\":\"EntryPoint\",\"urlTemplate\":\"https:\/\/jrfortin.com\/jrf\/vibrato\/?s={search_term_string}\"},\"query-input\":{\"@type\":\"PropertyValueSpecification\",\"valueRequired\":true,\"valueName\":\"search_term_string\"}}],\"inLanguage\":\"fr-FR\"},{\"@type\":[\"Person\",\"Organization\"],\"@id\":\"https:\/\/jrfortin.com\/jrf\/vibrato\/#\/schema\/person\/3c6fa605cdbaaea40a1729daa3e322c2\",\"name\":\"Lucie Boucher\",\"image\":{\"@type\":\"ImageObject\",\"inLanguage\":\"fr-FR\",\"@id\":\"https:\/\/jrfortin.com\/jrf\/vibrato\/#\/schema\/person\/image\/\",\"url\":\"https:\/\/secure.gravatar.com\/avatar\/f3608658cb7bb85669cb928416969226?s=96&d=mm&r=g\",\"contentUrl\":\"https:\/\/secure.gravatar.com\/avatar\/f3608658cb7bb85669cb928416969226?s=96&d=mm&r=g\",\"caption\":\"Lucie Boucher\"},\"logo\":{\"@id\":\"https:\/\/jrfortin.com\/jrf\/vibrato\/#\/schema\/person\/image\/\"}}]}<\/script>\n<!-- \/ Yoast SEO plugin. -->","yoast_head_json":{"title":"MONAT - espace Vibrat \u00ab O \u00bb","robots":{"index":"index","follow":"follow","max-snippet":"max-snippet:-1","max-image-preview":"max-image-preview:large","max-video-preview":"max-video-preview:-1"},"canonical":"https:\/\/jrfortin.com\/jrf\/vibrato\/monat\/","og_locale":"fr_FR","og_type":"article","og_title":"MONAT - espace Vibrat \u00ab O \u00bb","og_description":"MONAT est une gamme de produits pour la peau et les cheveux, ainsi que des suppl\u00e9ments pour le bien-\u00eatre. Mobilisant la puissance naturelle des huiles v\u00e9g\u00e9tales, des fruits exotiques riches en nutriments, des cellules souches v\u00e9g\u00e9tales et d\u2019un peptide dynamisant et exclusif. Les ingr\u00e9dients de MONAT sont d\u2019origines naturelles, s\u00e9curitaires... Continue reading","og_url":"https:\/\/jrfortin.com\/jrf\/vibrato\/monat\/","og_site_name":"espace Vibrat \u00ab O \u00bb","article_modified_time":"2022-09-27T15:31:15+00:00","og_image":[{"url":"https:\/\/jrfortin.com\/jrf\/vibrato\/wp-content\/uploads\/sites\/40\/2022\/09\/EVENTBRITECOVERS_10.jpg","type":"","width":"","height":""}],"twitter_card":"summary_large_image","twitter_site":"@fortin_rock","twitter_misc":{"Dur\u00e9e de lecture estim\u00e9e":"1 minute"},"schema":{"@context":"https:\/\/schema.org","@graph":[{"@type":"WebPage","@id":"https:\/\/jrfortin.com\/jrf\/vibrato\/monat\/","url":"https:\/\/jrfortin.com\/jrf\/vibrato\/monat\/","name":"MONAT - espace Vibrat \u00ab O \u00bb","isPartOf":{"@id":"https:\/\/jrfortin.com\/jrf\/vibrato\/#website"},"primaryImageOfPage":{"@id":"https:\/\/jrfortin.com\/jrf\/vibrato\/monat\/#primaryimage"},"image":{"@id":"https:\/\/jrfortin.com\/jrf\/vibrato\/monat\/#primaryimage"},"thumbnailUrl":"http:\/\/jrfortin.com\/jrf\/lucie\/wp-content\/uploads\/sites\/40\/2022\/09\/Calque-dimage-707x1024.jpg","datePublished":"2022-09-20T17:27:05+00:00","dateModified":"2022-09-27T15:31:15+00:00","breadcrumb":{"@id":"https:\/\/jrfortin.com\/jrf\/vibrato\/monat\/#breadcrumb"},"inLanguage":"fr-FR","potentialAction":[{"@type":"ReadAction","target":["https:\/\/jrfortin.com\/jrf\/vibrato\/monat\/"]}]},{"@type":"ImageObject","inLanguage":"fr-FR","@id":"https:\/\/jrfortin.com\/jrf\/vibrato\/monat\/#primaryimage","url":"http:\/\/jrfortin.com\/jrf\/lucie\/wp-content\/uploads\/sites\/40\/2022\/09\/Calque-dimage-707x1024.jpg","contentUrl":"http:\/\/jrfortin.com\/jrf\/lucie\/wp-content\/uploads\/sites\/40\/2022\/09\/Calque-dimage-707x1024.jpg"},{"@type":"BreadcrumbList","@id":"https:\/\/jrfortin.com\/jrf\/vibrato\/monat\/#breadcrumb","itemListElement":[{"@type":"ListItem","position":1,"name":"Accueil","item":"https:\/\/jrfortin.com\/jrf\/vibrato\/"},{"@type":"ListItem","position":2,"name":"MONAT"}]},{"@type":"WebSite","@id":"https:\/\/jrfortin.com\/jrf\/vibrato\/#website","url":"https:\/\/jrfortin.com\/jrf\/vibrato\/","name":"espace Vibrat \u00ab O \u00bb","description":"un lieu o\u00f9 se retrouver...","publisher":{"@id":"https:\/\/jrfortin.com\/jrf\/vibrato\/#\/schema\/person\/3c6fa605cdbaaea40a1729daa3e322c2"},"potentialAction":[{"@type":"SearchAction","target":{"@type":"EntryPoint","urlTemplate":"https:\/\/jrfortin.com\/jrf\/vibrato\/?s={search_term_string}"},"query-input":{"@type":"PropertyValueSpecification","valueRequired":true,"valueName":"search_term_string"}}],"inLanguage":"fr-FR"},{"@type":["Person","Organization"],"@id":"https:\/\/jrfortin.com\/jrf\/vibrato\/#\/schema\/person\/3c6fa605cdbaaea40a1729daa3e322c2","name":"Lucie Boucher","image":{"@type":"ImageObject","inLanguage":"fr-FR","@id":"https:\/\/jrfortin.com\/jrf\/vibrato\/#\/schema\/person\/image\/","url":"https:\/\/secure.gravatar.com\/avatar\/f3608658cb7bb85669cb928416969226?s=96&d=mm&r=g","contentUrl":"https:\/\/secure.gravatar.com\/avatar\/f3608658cb7bb85669cb928416969226?s=96&d=mm&r=g","caption":"Lucie Boucher"},"logo":{"@id":"https:\/\/jrfortin.com\/jrf\/vibrato\/#\/schema\/person\/image\/"}}]}},"_links":{"self":[{"href":"https:\/\/jrfortin.com\/jrf\/vibrato\/wp-json\/wp\/v2\/pages\/25","targetHints":{"allow":["GET"]}}],"collection":[{"href":"https:\/\/jrfortin.com\/jrf\/vibrato\/wp-json\/wp\/v2\/pages"}],"about":[{"href":"https:\/\/jrfortin.com\/jrf\/vibrato\/wp-json\/wp\/v2\/types\/page"}],"author":[{"embeddable":true,"href":"https:\/\/jrfortin.com\/jrf\/vibrato\/wp-json\/wp\/v2\/users\/1"}],"replies":[{"embeddable":true,"href":"https:\/\/jrfortin.com\/jrf\/vibrato\/wp-json\/wp\/v2\/comments?post=25"}],"version-history":[{"count":15,"href":"https:\/\/jrfortin.com\/jrf\/vibrato\/wp-json\/wp\/v2\/pages\/25\/revisions"}],"predecessor-version":[{"id":159,"href":"https:\/\/jrfortin.com\/jrf\/vibrato\/wp-json\/wp\/v2\/pages\/25\/revisions\/159"}],"wp:attachment":[{"href":"https:\/\/jrfortin.com\/jrf\/vibrato\/wp-json\/wp\/v2\/media?parent=25"}],"curies":[{"name":"wp","href":"https:\/\/api.w.org\/{rel}","templated":true}]}}