{"id":13191,"date":"2020-04-13T17:32:28","date_gmt":"2020-04-13T21:32:28","guid":{"rendered":"https:\/\/jrfortin.com\/jrf\/?page_id=13191"},"modified":"2023-07-13T08:31:26","modified_gmt":"2023-07-13T12:31:26","slug":"4-katate-ryote-dori","status":"publish","type":"page","link":"https:\/\/jrfortin.com\/jrf\/4-katate-ryote-dori\/","title":{"rendered":"4 \u2013\u00a0KATATE-RYOTE-DORI\u00a0"},"content":{"rendered":"<p style=\"text-align: justify;\"><strong>Attaque par saisie des deux poignets par-devant.<br \/>\n<\/strong><\/p>\n<!--[if lt IE 9]><script>document.createElement('video');<\/script><![endif]-->\n\t<div class=\"wp-playlist wp-video-playlist wp-playlist-light\">\n\t\t<video controls=\"controls\" preload=\"none\" width=\"808\"\n\t\t height=\"606\"\t><\/video>\n\t<div class=\"wp-playlist-next\"><\/div>\n\t<div class=\"wp-playlist-prev\"><\/div>\n\t<noscript>\n\t<ol>\n\t\t<li><a href='https:\/\/jrfortin.com\/jrf\/wp-content\/uploads\/2023\/07\/041.1-Ryote-dori-kokyu-nage-hakucho.mov'>041.1- Ryote-dori kokyu-nage hakucho<\/a><\/li><li><a href='https:\/\/jrfortin.com\/jrf\/wp-content\/uploads\/2023\/07\/042.1-Ryote-dori-kokyu-nage-zenpo-nage.mov'>042.1- Ryote-dori kokyu-nage zenpo-nage<\/a><\/li><li><a href='https:\/\/jrfortin.com\/jrf\/wp-content\/uploads\/2023\/07\/042.2-Ryote-dori-kokyu-nage-zenpo-nage.mov'>042.2- Ryote-dori kokyu-nage zenpo-nage<\/a><\/li><li><a href='https:\/\/jrfortin.com\/jrf\/wp-content\/uploads\/2023\/07\/043.1-Ryote-dori-tenchi-nage.mov'>043.1- Ryote-dori tenchi-nage<\/a><\/li><li><a href='https:\/\/jrfortin.com\/jrf\/wp-content\/uploads\/2023\/07\/043.2-Ryote-dori-tenchi-nage-irimi-tenkan.mov'>043.2- Ryote-dori tenchi-nage (irimi & tenkan)<\/a><\/li>\t<\/ol>\n\t<\/noscript>\n\t<script type=\"application\/json\" class=\"wp-playlist-script\">{\"type\":\"video\",\"tracklist\":true,\"tracknumbers\":true,\"images\":true,\"artists\":true,\"tracks\":[{\"src\":\"https:\\\/\\\/jrfortin.com\\\/jrf\\\/wp-content\\\/uploads\\\/2023\\\/07\\\/041.1-Ryote-dori-kokyu-nage-hakucho.mov\",\"type\":\"video\\\/quicktime\",\"title\":\"041.1- Ryote-dori kokyu-nage hakucho\",\"caption\":\"\",\"description\":\"\",\"meta\":{\"length_formatted\":\"0:05\"},\"dimensions\":{\"original\":{\"width\":480,\"height\":360},\"resized\":{\"width\":808,\"height\":606}},\"image\":{\"src\":\"https:\\\/\\\/jrfortin.com\\\/jrf\\\/wp-includes\\\/images\\\/media\\\/video.svg\",\"width\":48,\"height\":64},\"thumb\":{\"src\":\"https:\\\/\\\/jrfortin.com\\\/jrf\\\/wp-includes\\\/images\\\/media\\\/video.svg\",\"width\":48,\"height\":64}},{\"src\":\"https:\\\/\\\/jrfortin.com\\\/jrf\\\/wp-content\\\/uploads\\\/2023\\\/07\\\/042.1-Ryote-dori-kokyu-nage-zenpo-nage.mov\",\"type\":\"video\\\/quicktime\",\"title\":\"042.1- Ryote-dori kokyu-nage zenpo-nage\",\"caption\":\"\",\"description\":\"\",\"meta\":{\"length_formatted\":\"0:31\"},\"dimensions\":{\"original\":{\"width\":640,\"height\":360},\"resized\":{\"width\":808,\"height\":455}},\"image\":{\"src\":\"https:\\\/\\\/jrfortin.com\\\/jrf\\\/wp-includes\\\/images\\\/media\\\/video.svg\",\"width\":48,\"height\":64},\"thumb\":{\"src\":\"https:\\\/\\\/jrfortin.com\\\/jrf\\\/wp-includes\\\/images\\\/media\\\/video.svg\",\"width\":48,\"height\":64}},{\"src\":\"https:\\\/\\\/jrfortin.com\\\/jrf\\\/wp-content\\\/uploads\\\/2023\\\/07\\\/042.2-Ryote-dori-kokyu-nage-zenpo-nage.mov\",\"type\":\"video\\\/quicktime\",\"title\":\"042.2- Ryote-dori kokyu-nage zenpo-nage\",\"caption\":\"\",\"description\":\"\",\"meta\":{\"length_formatted\":\"0:08\"},\"dimensions\":{\"original\":{\"width\":480,\"height\":360},\"resized\":{\"width\":808,\"height\":606}},\"image\":{\"src\":\"https:\\\/\\\/jrfortin.com\\\/jrf\\\/wp-includes\\\/images\\\/media\\\/video.svg\",\"width\":48,\"height\":64},\"thumb\":{\"src\":\"https:\\\/\\\/jrfortin.com\\\/jrf\\\/wp-includes\\\/images\\\/media\\\/video.svg\",\"width\":48,\"height\":64}},{\"src\":\"https:\\\/\\\/jrfortin.com\\\/jrf\\\/wp-content\\\/uploads\\\/2023\\\/07\\\/043.1-Ryote-dori-tenchi-nage.mov\",\"type\":\"video\\\/quicktime\",\"title\":\"043.1- Ryote-dori tenchi-nage\",\"caption\":\"\",\"description\":\"\",\"meta\":{\"length_formatted\":\"1:09\"},\"dimensions\":{\"original\":{\"width\":640,\"height\":360},\"resized\":{\"width\":808,\"height\":455}},\"image\":{\"src\":\"https:\\\/\\\/jrfortin.com\\\/jrf\\\/wp-includes\\\/images\\\/media\\\/video.svg\",\"width\":48,\"height\":64},\"thumb\":{\"src\":\"https:\\\/\\\/jrfortin.com\\\/jrf\\\/wp-includes\\\/images\\\/media\\\/video.svg\",\"width\":48,\"height\":64}},{\"src\":\"https:\\\/\\\/jrfortin.com\\\/jrf\\\/wp-content\\\/uploads\\\/2023\\\/07\\\/043.2-Ryote-dori-tenchi-nage-irimi-tenkan.mov\",\"type\":\"video\\\/quicktime\",\"title\":\"043.2- Ryote-dori tenchi-nage (irimi & tenkan)\",\"caption\":\"\",\"description\":\"\",\"meta\":{\"length_formatted\":\"1:07\"},\"dimensions\":{\"original\":{\"width\":640,\"height\":480},\"resized\":{\"width\":808,\"height\":606}},\"image\":{\"src\":\"https:\\\/\\\/jrfortin.com\\\/jrf\\\/wp-includes\\\/images\\\/media\\\/video.svg\",\"width\":48,\"height\":64},\"thumb\":{\"src\":\"https:\\\/\\\/jrfortin.com\\\/jrf\\\/wp-includes\\\/images\\\/media\\\/video.svg\",\"width\":48,\"height\":64}}]}<\/script>\n<\/div>\n\t\n<p style=\"text-align: justify;\"><strong><img data-recalc-dims=\"1\" loading=\"lazy\" decoding=\"async\" data-attachment-id=\"2927\" data-permalink=\"https:\/\/jrfortin.com\/jrf\/?attachment_id=2927\" data-orig-file=\"https:\/\/i0.wp.com\/jrfortin.com\/jrf\/wp-content\/uploads\/2013\/03\/deux.png?fit=118%2C28&amp;ssl=1\" data-orig-size=\"118,28\" data-comments-opened=\"0\" data-image-meta=\"{&quot;aperture&quot;:&quot;0&quot;,&quot;credit&quot;:&quot;&quot;,&quot;camera&quot;:&quot;&quot;,&quot;caption&quot;:&quot;&quot;,&quot;created_timestamp&quot;:&quot;0&quot;,&quot;copyright&quot;:&quot;&quot;,&quot;focal_length&quot;:&quot;0&quot;,&quot;iso&quot;:&quot;0&quot;,&quot;shutter_speed&quot;:&quot;0&quot;,&quot;title&quot;:&quot;&quot;,&quot;orientation&quot;:&quot;0&quot;}\" data-image-title=\"deux\" data-image-description=\"&lt;p&gt;niveau Ceinture brune&lt;\/p&gt;\n\" data-image-caption=\"\" data-medium-file=\"https:\/\/i0.wp.com\/jrfortin.com\/jrf\/wp-content\/uploads\/2013\/03\/deux.png?fit=118%2C28&amp;ssl=1\" data-large-file=\"https:\/\/i0.wp.com\/jrfortin.com\/jrf\/wp-content\/uploads\/2013\/03\/deux.png?fit=118%2C28&amp;ssl=1\" class=\"alignright wp-image-2927 size-full\" src=\"https:\/\/i0.wp.com\/jrfortin.com\/jrf\/wp-content\/uploads\/2013\/03\/deux.png?resize=118%2C28\" alt=\"deux\" width=\"118\" height=\"28\" \/>4.1 \u2013 <em>Katate-ryote-dori Kokyu-nage Hakucho\u00a0<\/em><\/strong>: Projection par le souffle vital en effectuant un mouvement similaire \u00e0 celui d\u2019un cygne de lac qui \u00e9tend ses ailes pour amerrir, sur saisie des deux poignets.<\/p>\n<p style=\"text-align: justify;\"><u>Indices de succ\u00e8s<\/u>\u00a0: Lorsque survient l\u2019attaque, <em>Nage<\/em> dirige le<em> Ki <\/em>vers bas, puis vers le haut, en montant ses bras vers le ciel. Pour effectuer la projection, <em>Nage<\/em> s\u2019affaisse au sol, en g\u00e9nuflexion, en avan\u00e7ant l\u00e9g\u00e8rement sur la gauche ou sur la droite.<\/p>\n<p style=\"text-align: justify;\">De cette mani\u00e8re, <em>Nage<\/em> laissera passer \u00e9ventuellement <em>Uke<\/em> d\u2019un c\u00f4t\u00e9 ou de l\u2019autre. Il n\u2019aura plus qu\u2019\u00e0 laisser tomber ses bras \u00e0 l\u2019int\u00e9rieur de son champ de vision, ce qui contraindra <em>Uke<\/em> \u00e0 tomber et \u00e0 effectuer une roulade vers l\u2019avant.<\/p>\n<hr \/>\n<p style=\"text-align: justify;\"><strong><img data-recalc-dims=\"1\" loading=\"lazy\" decoding=\"async\" data-attachment-id=\"2926\" data-permalink=\"https:\/\/jrfortin.com\/jrf\/?attachment_id=2926\" data-orig-file=\"https:\/\/i0.wp.com\/jrfortin.com\/jrf\/wp-content\/uploads\/2013\/03\/un.png?fit=59%2C28&amp;ssl=1\" data-orig-size=\"59,28\" data-comments-opened=\"0\" data-image-meta=\"{&quot;aperture&quot;:&quot;0&quot;,&quot;credit&quot;:&quot;&quot;,&quot;camera&quot;:&quot;&quot;,&quot;caption&quot;:&quot;&quot;,&quot;created_timestamp&quot;:&quot;0&quot;,&quot;copyright&quot;:&quot;&quot;,&quot;focal_length&quot;:&quot;0&quot;,&quot;iso&quot;:&quot;0&quot;,&quot;shutter_speed&quot;:&quot;0&quot;,&quot;title&quot;:&quot;&quot;,&quot;orientation&quot;:&quot;0&quot;}\" data-image-title=\"Ceinture bleue &#8211; ikkyu &#8211; 1er niveau de ma\u00eetrise A\u00efkido\" data-image-description=\"&lt;p&gt;niveau Ceinture bleue&lt;\/p&gt;\n\" data-image-caption=\"\" data-medium-file=\"https:\/\/i0.wp.com\/jrfortin.com\/jrf\/wp-content\/uploads\/2013\/03\/un.png?fit=59%2C28&amp;ssl=1\" data-large-file=\"https:\/\/i0.wp.com\/jrfortin.com\/jrf\/wp-content\/uploads\/2013\/03\/un.png?fit=59%2C28&amp;ssl=1\" class=\"alignright wp-image-2926\" src=\"https:\/\/i0.wp.com\/jrfortin.com\/jrf\/wp-content\/uploads\/2013\/03\/un.png?resize=59%2C28\" alt=\"un\" width=\"59\" height=\"28\" \/>4.2 \u2013 <em>Katate-ryote-dori Kokyu-nage Zenpo-nage\u00a0<\/em><\/strong>: Projection par le souffle vital vers l\u2019avant en produisant un mouvement vers le haut, puis vers le bas dans la direction de l\u2019attaque, sur saisie des deux poignets.<\/p>\n<p style=\"text-align: justify;\"><u>Indices de succ\u00e8s<\/u>\u00a0: Avant de subir l\u2019attaque, <em>Nage<\/em> doit diriger le<em> Ki <\/em>vers le bas. Par la suite, tout en tournant \u00e0 180 degr\u00e9s, il ram\u00e8nera ses mains ensemble en ex\u00e9cutant un mouvement vers le haut puis un autre vers le bas pour produire la projection. Le mouvement vers le bas doit \u00eatre effectu\u00e9 lorsque les <em>Kika\u00ef-tanden<\/em> s\u2019alignent c\u00f4te \u00e0 c\u00f4te. <em>Nage<\/em> doit s\u2019adapter \u00e0 la vitesse de l\u2019attaque en se d\u00e9pla\u00e7ant harmonieusement au m\u00eame rythme que <em>Uke<\/em>.<\/p>\n<p style=\"text-align: justify;\"><em>Une variation de cette technique se d\u00e9crit comme suit\u00a0: Lorsque survient l\u2019attaque, Nage tourne son centre perpendiculairement \u00e0 Uke, tout en laissant tomber le bras ext\u00e9rieur et en pointant vers le sol. Uke s\u2019en trouvera d\u00e9s\u00e9quilibr\u00e9. Pendant ce temps, la main arri\u00e8re de Nage effectuera un mouvement circulaire vers le haut, puis vers le bas, comme si Nage lan\u00e7ait une balle au sol au moment o\u00f9 s\u2019alignent les Kika\u00ef-tanden c\u00f4te \u00e0 c\u00f4te, ce qui produira, indubitablement, une projection de tr\u00e8s grande amplitude.<\/em><\/p>\n<hr \/>\n<p style=\"text-align: justify;\"><strong><img data-recalc-dims=\"1\" loading=\"lazy\" decoding=\"async\" data-attachment-id=\"2927\" data-permalink=\"https:\/\/jrfortin.com\/jrf\/?attachment_id=2927\" data-orig-file=\"https:\/\/i0.wp.com\/jrfortin.com\/jrf\/wp-content\/uploads\/2013\/03\/deux.png?fit=118%2C28&amp;ssl=1\" data-orig-size=\"118,28\" data-comments-opened=\"0\" data-image-meta=\"{&quot;aperture&quot;:&quot;0&quot;,&quot;credit&quot;:&quot;&quot;,&quot;camera&quot;:&quot;&quot;,&quot;caption&quot;:&quot;&quot;,&quot;created_timestamp&quot;:&quot;0&quot;,&quot;copyright&quot;:&quot;&quot;,&quot;focal_length&quot;:&quot;0&quot;,&quot;iso&quot;:&quot;0&quot;,&quot;shutter_speed&quot;:&quot;0&quot;,&quot;title&quot;:&quot;&quot;,&quot;orientation&quot;:&quot;0&quot;}\" data-image-title=\"deux\" data-image-description=\"&lt;p&gt;niveau Ceinture brune&lt;\/p&gt;\n\" data-image-caption=\"\" data-medium-file=\"https:\/\/i0.wp.com\/jrfortin.com\/jrf\/wp-content\/uploads\/2013\/03\/deux.png?fit=118%2C28&amp;ssl=1\" data-large-file=\"https:\/\/i0.wp.com\/jrfortin.com\/jrf\/wp-content\/uploads\/2013\/03\/deux.png?fit=118%2C28&amp;ssl=1\" class=\"alignright wp-image-2927 size-full\" src=\"https:\/\/i0.wp.com\/jrfortin.com\/jrf\/wp-content\/uploads\/2013\/03\/deux.png?resize=118%2C28\" alt=\"deux\" width=\"118\" height=\"28\" \/><\/strong><strong>VI.4.3 \u2013 <em>Katate-ryote-dori Tenchi-nage\u00a0<\/em><\/strong>: Projection dite du ciel et de la terre, en levant une main vers le haut et en maintenant l\u2019autre vers le bas, sur attaque par-devant par saisie des deux poignets.<\/p>\n<p style=\"text-align: justify;\"><u>Indices de succ\u00e8s<\/u>\u00a0: Sur l\u2019attaque, <em>Nage<\/em> prend l\u2019initiative en abaissant le centre et en laissant tomber le bras du c\u00f4t\u00e9 de sa jambe avanc\u00e9e.<\/p>\n<p style=\"text-align: justify;\">Il dirige le<em> Ki <\/em>avec sa main en pointant droit au sol. Puis, avec son autre main, il dirige le<em> Ki <\/em>vers le haut, en prenant soin qu\u2019elle demeure \u00e0 l\u2019int\u00e9rieur de la saisie de <em>Uke<\/em>.<\/p>\n<p style=\"text-align: justify;\">a \u2013 <u>Avec d\u00e9placement de <em>Nage<\/em> dans le m\u00eame alignement que la ligne d\u2019attaque de <em>Uke<\/em><\/u> (<em>Irimi<\/em>)\u00a0: <em>Nage<\/em> aligne les <em>Kika\u00ef-tanden<\/em> en avan\u00e7ant \u00e0 c\u00f4t\u00e9 de <em>Uke<\/em>, puis tourne son centre en dirigeant le<em> Ki <\/em>vers le bas toujours en pointant ses doigts vers le sol.<\/p>\n<p style=\"text-align: justify;\">b \u2013 <u>Avec d\u00e9placement circulaire dans une direction autre que l\u2019angle d\u2019attaque de <em>Uke<\/em><\/u> (<em>Tenkan<\/em>)\u00a0: <em>Nage<\/em> aligne les <em>Kika\u00ef-tanden<\/em> en reculant dans un d\u00e9placement circulaire. <em>Uke<\/em> subit ainsi une impulsion l\u2019emportant dans le sillage de <em>Nage<\/em>.<\/p>\n<p style=\"text-align: justify;\">Pour r\u00e9aliser la projection, <em>Nage<\/em> peut proc\u00e9der de deux mani\u00e8res\u00a0: 1 \u2014 il inversera subitement la position des bras en continuant de se d\u00e9placer, ce qui aura pour effet de projeter <em>Uke<\/em> sans effort, ou ; 2 \u2014 il enchainera la technique telle qu\u2019expliqu\u00e9e pr\u00e9c\u00e9demment (IV.4.3.a) lorsqu\u2019il aura, par son d\u00e9placement, cr\u00e9\u00e9 une impulsion.4- Attaques par saisie des deux poignets.<\/p>\n<hr \/>\n<p style=\"text-align: right;\"><a href=\"https:\/\/jrfortin.com\/jrf\/koichi-tohei-2-2\/#Haut\" rel=\"noopener noreferrer\"><strong>Retour \u00e0 l&rsquo;index des techniques<\/strong><\/a><\/p>\n<p><a title=\"Shin-Shin Toitsu A\u00efkido\" href=\"https:\/\/fr.wikipedia.org\/wiki\/Shin_Shin_Toitsu_Aikido\" target=\"_blank\" rel=\"noopener\"><em>Ki-A\u00efkido sur Wikipedia<\/em><\/a><\/p>\n","protected":false},"excerpt":{"rendered":"<p>Attaque par saisie des deux poignets par-devant. 4\u2026<\/p>\n<p> <a class=\"continue-reading-link\" href=\"https:\/\/jrfortin.com\/jrf\/4-katate-ryote-dori\/\"><span>continuez la lecture<\/span><i class=\"crycon-right-dir\"><\/i><\/a> <\/p>\n","protected":false},"author":1,"featured_media":0,"parent":0,"menu_order":0,"comment_status":"open","ping_status":"open","template":"","meta":{"footnotes":""},"class_list":["post-13191","page","type-page","status-publish","hentry"],"yoast_head":"<!-- This site is optimized with the Yoast SEO plugin v26.7 - https:\/\/yoast.com\/wordpress\/plugins\/seo\/ -->\n<title>4 \u2013\u00a0KATATE-RYOTE-DORI\u00a0 - Dojo du Nouveau Monde<\/title>\n<meta name=\"robots\" content=\"index, follow, max-snippet:-1, max-image-preview:large, max-video-preview:-1\" \/>\n<link rel=\"canonical\" href=\"https:\/\/jrfortin.com\/jrf\/4-katate-ryote-dori\/\" \/>\n<meta property=\"og:locale\" content=\"fr_FR\" \/>\n<meta property=\"og:type\" content=\"article\" \/>\n<meta property=\"og:title\" content=\"4 \u2013\u00a0KATATE-RYOTE-DORI\u00a0 - Dojo du Nouveau Monde\" \/>\n<meta property=\"og:description\" content=\"Attaque par saisie des deux poignets par-devant. 4\u2026 continuez la lecture\" \/>\n<meta property=\"og:url\" content=\"https:\/\/jrfortin.com\/jrf\/4-katate-ryote-dori\/\" \/>\n<meta property=\"og:site_name\" content=\"Dojo du Nouveau Monde\" \/>\n<meta property=\"article:modified_time\" content=\"2023-07-13T12:31:26+00:00\" \/>\n<meta property=\"og:image\" content=\"http:\/\/jrfortin.com\/jrf\/wp-content\/uploads\/2013\/03\/deux.png\" \/>\n<meta name=\"twitter:card\" content=\"summary_large_image\" \/>\n<meta name=\"twitter:site\" content=\"@fortin_rock\" \/>\n<meta name=\"twitter:label1\" content=\"Dur\u00e9e de lecture estim\u00e9e\" \/>\n\t<meta name=\"twitter:data1\" content=\"3 minutes\" \/>\n<script type=\"application\/ld+json\" class=\"yoast-schema-graph\">{\"@context\":\"https:\/\/schema.org\",\"@graph\":[{\"@type\":\"WebPage\",\"@id\":\"https:\/\/jrfortin.com\/jrf\/4-katate-ryote-dori\/\",\"url\":\"https:\/\/jrfortin.com\/jrf\/4-katate-ryote-dori\/\",\"name\":\"4 \u2013\u00a0KATATE-RYOTE-DORI\u00a0 - Dojo du Nouveau Monde\",\"isPartOf\":{\"@id\":\"https:\/\/jrfortin.com\/jrf\/#website\"},\"primaryImageOfPage\":{\"@id\":\"https:\/\/jrfortin.com\/jrf\/4-katate-ryote-dori\/#primaryimage\"},\"image\":{\"@id\":\"https:\/\/jrfortin.com\/jrf\/4-katate-ryote-dori\/#primaryimage\"},\"thumbnailUrl\":\"http:\/\/jrfortin.com\/jrf\/wp-content\/uploads\/2013\/03\/deux.png\",\"datePublished\":\"2020-04-13T21:32:28+00:00\",\"dateModified\":\"2023-07-13T12:31:26+00:00\",\"breadcrumb\":{\"@id\":\"https:\/\/jrfortin.com\/jrf\/4-katate-ryote-dori\/#breadcrumb\"},\"inLanguage\":\"fr-FR\",\"potentialAction\":[{\"@type\":\"ReadAction\",\"target\":[\"https:\/\/jrfortin.com\/jrf\/4-katate-ryote-dori\/\"]}]},{\"@type\":\"ImageObject\",\"inLanguage\":\"fr-FR\",\"@id\":\"https:\/\/jrfortin.com\/jrf\/4-katate-ryote-dori\/#primaryimage\",\"url\":\"http:\/\/jrfortin.com\/jrf\/wp-content\/uploads\/2013\/03\/deux.png\",\"contentUrl\":\"http:\/\/jrfortin.com\/jrf\/wp-content\/uploads\/2013\/03\/deux.png\"},{\"@type\":\"BreadcrumbList\",\"@id\":\"https:\/\/jrfortin.com\/jrf\/4-katate-ryote-dori\/#breadcrumb\",\"itemListElement\":[{\"@type\":\"ListItem\",\"position\":1,\"name\":\"Accueil\",\"item\":\"https:\/\/jrfortin.com\/jrf\/\"},{\"@type\":\"ListItem\",\"position\":2,\"name\":\"4 \u2013\u00a0KATATE-RYOTE-DORI\u00a0\"}]},{\"@type\":\"WebSite\",\"@id\":\"https:\/\/jrfortin.com\/jrf\/#website\",\"url\":\"https:\/\/jrfortin.com\/jrf\/\",\"name\":\"Dojo du Nouveau Monde\",\"description\":\"R\u00e9seau de Shihan Jean-Rock Fortin\",\"publisher\":{\"@id\":\"https:\/\/jrfortin.com\/jrf\/#\/schema\/person\/420b013ae3febafe8d99a66adee55de9\"},\"potentialAction\":[{\"@type\":\"SearchAction\",\"target\":{\"@type\":\"EntryPoint\",\"urlTemplate\":\"https:\/\/jrfortin.com\/jrf\/?s={search_term_string}\"},\"query-input\":{\"@type\":\"PropertyValueSpecification\",\"valueRequired\":true,\"valueName\":\"search_term_string\"}}],\"inLanguage\":\"fr-FR\"},{\"@type\":[\"Person\",\"Organization\"],\"@id\":\"https:\/\/jrfortin.com\/jrf\/#\/schema\/person\/420b013ae3febafe8d99a66adee55de9\",\"name\":\"Shihan Jean-Rock Fortin, M.A.\",\"image\":{\"@type\":\"ImageObject\",\"inLanguage\":\"fr-FR\",\"@id\":\"https:\/\/jrfortin.com\/jrf\/#\/schema\/person\/image\/\",\"url\":\"https:\/\/i2.wp.com\/jrfortin.com\/jrf\/wp-content\/uploads\/2020\/07\/ki-le-chemin.jpg?fit=600%2C848&ssl=1\",\"contentUrl\":\"https:\/\/i2.wp.com\/jrfortin.com\/jrf\/wp-content\/uploads\/2020\/07\/ki-le-chemin.jpg?fit=600%2C848&ssl=1\",\"width\":600,\"height\":848,\"caption\":\"Shihan Jean-Rock Fortin, M.A.\"},\"logo\":{\"@id\":\"https:\/\/jrfortin.com\/jrf\/#\/schema\/person\/image\/\"},\"description\":\"Globetrotteur par affaires et pour le plaisir, et Orientaliste, je suis instructeur d'arts martiaux (maitre-enseignant de Ki-A\u00efkido [Shihan] &amp; Dim-Mak), Fondateur du Dojo du Nouveau Monde (2010), \\\"S\u00e9ancier\\\" de Kiatsu, M\u00e9tatronicien, Radiesth\u00e9siste, Coutelier d'art, Conf\u00e9rencier et Auteur du livre \\\"Ki - Le Chemin de l'\u00c9veil\\\" (2018). Je suis \u00e9galement Consultant strat\u00e9gique en \u00e9volution et prosp\u00e9rit\u00e9 des personnes et des organisations.\",\"sameAs\":[\"http:\/\/www.jrfortin.com\"]}]}<\/script>\n<!-- \/ Yoast SEO plugin. -->","yoast_head_json":{"title":"4 \u2013\u00a0KATATE-RYOTE-DORI\u00a0 - Dojo du Nouveau Monde","robots":{"index":"index","follow":"follow","max-snippet":"max-snippet:-1","max-image-preview":"max-image-preview:large","max-video-preview":"max-video-preview:-1"},"canonical":"https:\/\/jrfortin.com\/jrf\/4-katate-ryote-dori\/","og_locale":"fr_FR","og_type":"article","og_title":"4 \u2013\u00a0KATATE-RYOTE-DORI\u00a0 - Dojo du Nouveau Monde","og_description":"Attaque par saisie des deux poignets par-devant. 4\u2026 continuez la lecture","og_url":"https:\/\/jrfortin.com\/jrf\/4-katate-ryote-dori\/","og_site_name":"Dojo du Nouveau Monde","article_modified_time":"2023-07-13T12:31:26+00:00","og_image":[{"url":"http:\/\/jrfortin.com\/jrf\/wp-content\/uploads\/2013\/03\/deux.png","type":"","width":"","height":""}],"twitter_card":"summary_large_image","twitter_site":"@fortin_rock","twitter_misc":{"Dur\u00e9e de lecture estim\u00e9e":"3 minutes"},"schema":{"@context":"https:\/\/schema.org","@graph":[{"@type":"WebPage","@id":"https:\/\/jrfortin.com\/jrf\/4-katate-ryote-dori\/","url":"https:\/\/jrfortin.com\/jrf\/4-katate-ryote-dori\/","name":"4 \u2013\u00a0KATATE-RYOTE-DORI\u00a0 - Dojo du Nouveau Monde","isPartOf":{"@id":"https:\/\/jrfortin.com\/jrf\/#website"},"primaryImageOfPage":{"@id":"https:\/\/jrfortin.com\/jrf\/4-katate-ryote-dori\/#primaryimage"},"image":{"@id":"https:\/\/jrfortin.com\/jrf\/4-katate-ryote-dori\/#primaryimage"},"thumbnailUrl":"http:\/\/jrfortin.com\/jrf\/wp-content\/uploads\/2013\/03\/deux.png","datePublished":"2020-04-13T21:32:28+00:00","dateModified":"2023-07-13T12:31:26+00:00","breadcrumb":{"@id":"https:\/\/jrfortin.com\/jrf\/4-katate-ryote-dori\/#breadcrumb"},"inLanguage":"fr-FR","potentialAction":[{"@type":"ReadAction","target":["https:\/\/jrfortin.com\/jrf\/4-katate-ryote-dori\/"]}]},{"@type":"ImageObject","inLanguage":"fr-FR","@id":"https:\/\/jrfortin.com\/jrf\/4-katate-ryote-dori\/#primaryimage","url":"http:\/\/jrfortin.com\/jrf\/wp-content\/uploads\/2013\/03\/deux.png","contentUrl":"http:\/\/jrfortin.com\/jrf\/wp-content\/uploads\/2013\/03\/deux.png"},{"@type":"BreadcrumbList","@id":"https:\/\/jrfortin.com\/jrf\/4-katate-ryote-dori\/#breadcrumb","itemListElement":[{"@type":"ListItem","position":1,"name":"Accueil","item":"https:\/\/jrfortin.com\/jrf\/"},{"@type":"ListItem","position":2,"name":"4 \u2013\u00a0KATATE-RYOTE-DORI\u00a0"}]},{"@type":"WebSite","@id":"https:\/\/jrfortin.com\/jrf\/#website","url":"https:\/\/jrfortin.com\/jrf\/","name":"Dojo du Nouveau Monde","description":"R\u00e9seau de Shihan Jean-Rock Fortin","publisher":{"@id":"https:\/\/jrfortin.com\/jrf\/#\/schema\/person\/420b013ae3febafe8d99a66adee55de9"},"potentialAction":[{"@type":"SearchAction","target":{"@type":"EntryPoint","urlTemplate":"https:\/\/jrfortin.com\/jrf\/?s={search_term_string}"},"query-input":{"@type":"PropertyValueSpecification","valueRequired":true,"valueName":"search_term_string"}}],"inLanguage":"fr-FR"},{"@type":["Person","Organization"],"@id":"https:\/\/jrfortin.com\/jrf\/#\/schema\/person\/420b013ae3febafe8d99a66adee55de9","name":"Shihan Jean-Rock Fortin, M.A.","image":{"@type":"ImageObject","inLanguage":"fr-FR","@id":"https:\/\/jrfortin.com\/jrf\/#\/schema\/person\/image\/","url":"https:\/\/i2.wp.com\/jrfortin.com\/jrf\/wp-content\/uploads\/2020\/07\/ki-le-chemin.jpg?fit=600%2C848&ssl=1","contentUrl":"https:\/\/i2.wp.com\/jrfortin.com\/jrf\/wp-content\/uploads\/2020\/07\/ki-le-chemin.jpg?fit=600%2C848&ssl=1","width":600,"height":848,"caption":"Shihan Jean-Rock Fortin, M.A."},"logo":{"@id":"https:\/\/jrfortin.com\/jrf\/#\/schema\/person\/image\/"},"description":"Globetrotteur par affaires et pour le plaisir, et Orientaliste, je suis instructeur d'arts martiaux (maitre-enseignant de Ki-A\u00efkido [Shihan] &amp; Dim-Mak), Fondateur du Dojo du Nouveau Monde (2010), \"S\u00e9ancier\" de Kiatsu, M\u00e9tatronicien, Radiesth\u00e9siste, Coutelier d'art, Conf\u00e9rencier et Auteur du livre \"Ki - Le Chemin de l'\u00c9veil\" (2018). Je suis \u00e9galement Consultant strat\u00e9gique en \u00e9volution et prosp\u00e9rit\u00e9 des personnes et des organisations.","sameAs":["http:\/\/www.jrfortin.com"]}]}},"jetpack_sharing_enabled":true,"_links":{"self":[{"href":"https:\/\/jrfortin.com\/jrf\/wp-json\/wp\/v2\/pages\/13191","targetHints":{"allow":["GET"]}}],"collection":[{"href":"https:\/\/jrfortin.com\/jrf\/wp-json\/wp\/v2\/pages"}],"about":[{"href":"https:\/\/jrfortin.com\/jrf\/wp-json\/wp\/v2\/types\/page"}],"author":[{"embeddable":true,"href":"https:\/\/jrfortin.com\/jrf\/wp-json\/wp\/v2\/users\/1"}],"replies":[{"embeddable":true,"href":"https:\/\/jrfortin.com\/jrf\/wp-json\/wp\/v2\/comments?post=13191"}],"version-history":[{"count":2,"href":"https:\/\/jrfortin.com\/jrf\/wp-json\/wp\/v2\/pages\/13191\/revisions"}],"predecessor-version":[{"id":19580,"href":"https:\/\/jrfortin.com\/jrf\/wp-json\/wp\/v2\/pages\/13191\/revisions\/19580"}],"wp:attachment":[{"href":"https:\/\/jrfortin.com\/jrf\/wp-json\/wp\/v2\/media?parent=13191"}],"curies":[{"name":"wp","href":"https:\/\/api.w.org\/{rel}","templated":true}]}}