{"id":13205,"date":"2020-04-13T18:05:59","date_gmt":"2020-04-13T22:05:59","guid":{"rendered":"https:\/\/jrfortin.com\/jrf\/?page_id=13205"},"modified":"2023-07-13T08:28:00","modified_gmt":"2023-07-13T12:28:00","slug":"10-attaques-par-coups-de-pied","status":"publish","type":"page","link":"https:\/\/jrfortin.com\/jrf\/10-attaques-par-coups-de-pied\/","title":{"rendered":"10- D\u00e9fense sur attaques par coups de pied"},"content":{"rendered":"<!--[if lt IE 9]><script>document.createElement('video');<\/script><![endif]-->\n\t<div class=\"wp-playlist wp-video-playlist wp-playlist-light\">\n\t\t<video controls=\"controls\" preload=\"none\" width=\"808\"\n\t\t height=\"455\"\t><\/video>\n\t<div class=\"wp-playlist-next\"><\/div>\n\t<div class=\"wp-playlist-prev\"><\/div>\n\t<noscript>\n\t<ol>\n\t\t<li><a href='https:\/\/jrfortin.com\/jrf\/wp-content\/uploads\/2023\/07\/Mae-Giri-Irimi.mov'>Mae-Giri Irimi<\/a><\/li><li><a href='https:\/\/jrfortin.com\/jrf\/wp-content\/uploads\/2023\/06\/Mawashi-geri-kokyu-nage-ashi-dori.mov'>Mawashi-geri-kokyu-nage-ashi-dori<\/a><\/li><li><a href='https:\/\/jrfortin.com\/jrf\/wp-content\/uploads\/2023\/07\/102.1-Mawashi-geri-kokyu-nage-ashi-dori.mov'>Mawashi-geri kokyu-nage ashi-dori<\/a><\/li>\t<\/ol>\n\t<\/noscript>\n\t<script type=\"application\/json\" class=\"wp-playlist-script\">{\"type\":\"video\",\"tracklist\":true,\"tracknumbers\":true,\"images\":true,\"artists\":true,\"tracks\":[{\"src\":\"https:\\\/\\\/jrfortin.com\\\/jrf\\\/wp-content\\\/uploads\\\/2023\\\/07\\\/Mae-Giri-Irimi.mov\",\"type\":\"video\\\/quicktime\",\"title\":\"Mae-Giri Irimi\",\"caption\":\"\",\"description\":\"\",\"meta\":{\"length_formatted\":\"0:25\"},\"dimensions\":{\"original\":{\"width\":640,\"height\":360},\"resized\":{\"width\":808,\"height\":455}},\"image\":{\"src\":\"https:\\\/\\\/jrfortin.com\\\/jrf\\\/wp-includes\\\/images\\\/media\\\/video.svg\",\"width\":48,\"height\":64},\"thumb\":{\"src\":\"https:\\\/\\\/jrfortin.com\\\/jrf\\\/wp-includes\\\/images\\\/media\\\/video.svg\",\"width\":48,\"height\":64}},{\"src\":\"https:\\\/\\\/jrfortin.com\\\/jrf\\\/wp-content\\\/uploads\\\/2023\\\/06\\\/Mawashi-geri-kokyu-nage-ashi-dori.mov\",\"type\":\"video\\\/quicktime\",\"title\":\"Mawashi-geri-kokyu-nage-ashi-dori\",\"caption\":\"\",\"description\":\"\",\"meta\":{\"length_formatted\":\"1:19\"},\"dimensions\":{\"original\":{\"width\":1920,\"height\":1080},\"resized\":{\"width\":808,\"height\":455}},\"image\":{\"src\":\"https:\\\/\\\/jrfortin.com\\\/jrf\\\/wp-includes\\\/images\\\/media\\\/video.svg\",\"width\":48,\"height\":64},\"thumb\":{\"src\":\"https:\\\/\\\/jrfortin.com\\\/jrf\\\/wp-includes\\\/images\\\/media\\\/video.svg\",\"width\":48,\"height\":64}},{\"src\":\"https:\\\/\\\/jrfortin.com\\\/jrf\\\/wp-content\\\/uploads\\\/2023\\\/07\\\/102.1-Mawashi-geri-kokyu-nage-ashi-dori.mov\",\"type\":\"video\\\/quicktime\",\"title\":\"Mawashi-geri kokyu-nage ashi-dori\",\"caption\":\"\",\"description\":\"\",\"meta\":{\"length_formatted\":\"0:22\"},\"dimensions\":{\"original\":{\"width\":640,\"height\":360},\"resized\":{\"width\":808,\"height\":455}},\"image\":{\"src\":\"https:\\\/\\\/jrfortin.com\\\/jrf\\\/wp-includes\\\/images\\\/media\\\/video.svg\",\"width\":48,\"height\":64},\"thumb\":{\"src\":\"https:\\\/\\\/jrfortin.com\\\/jrf\\\/wp-includes\\\/images\\\/media\\\/video.svg\",\"width\":48,\"height\":64}}]}<\/script>\n<\/div>\n\t\n<p style=\"text-align: justify;\"><strong>10.1 \u2013 <em>Mae-geri Irimi Michibiki-kaeshi<\/em>\u00a0<\/strong>: Projection par retour d\u2019\u00e9nergie dans la ligne d\u2019attaque, par <em>At\u00e9mi<\/em> du revers de la main avant (<em>Shuto<\/em>) \u00e0 la gorge de <em>Uke<\/em>, sur coup de pied frontal. [restrict &#8230;]<\/p>\n<p style=\"text-align: justify;\"><u>Indices de succ\u00e8s<\/u>\u00a0: Tournant le centre \u00e0 90 degr\u00e9s, <em>Nage<\/em> fait passer l\u2019attaque de <em>Uke<\/em> en dirigeant le<em> Ki <\/em>vers le bas avec les doigts de la main. Un nouveau mouvement de<em> Ki <\/em>est alors produit en direction inverse de la trajectoire d\u2019attaque, avec la m\u00eame main, et il s\u2019ensuit l\u2019<em>At\u00e9mi<\/em> port\u00e9 du revers de la main (<em>Shuto<\/em>) \u00e0 la gorge de <em>Uke<\/em>.<\/p>\n<p style=\"text-align: justify;\">L\u2019<em>At\u00e9mi<\/em> est port\u00e9 \u00e0 la gorge de <em>Uke<\/em>, alors que la paume est tourn\u00e9e vers le sol. Le bout des doigts est utilis\u00e9 telle une lame. \u00c0 l\u2019entrainement, <em>Uke<\/em> passera d\u2019instinct en dessous de <em>Nage<\/em>, \u00e0 la mani\u00e8re d\u2019un voleur de but au <em>baseball<\/em>, afin d\u2019\u00e9viter de se fracasser la trach\u00e9e sur un assemblage de bras inflexible.<\/p>\n<p style=\"text-align: justify;\"><em>Une variation de cette technique consiste \u00e0 porter l\u2019At\u00e9mi avec la main arri\u00e8re, avec la paume de la main tourn\u00e9e vers le ciel.<\/em><\/p>\n<hr \/>\n<p style=\"text-align: justify;\"><strong><img data-recalc-dims=\"1\" loading=\"lazy\" decoding=\"async\" data-attachment-id=\"2928\" data-permalink=\"https:\/\/jrfortin.com\/jrf\/?attachment_id=2928\" data-orig-file=\"https:\/\/i0.wp.com\/jrfortin.com\/jrf\/wp-content\/uploads\/2013\/03\/trois.png?fit=177%2C28&amp;ssl=1\" data-orig-size=\"177,28\" data-comments-opened=\"0\" data-image-meta=\"{&quot;aperture&quot;:&quot;0&quot;,&quot;credit&quot;:&quot;&quot;,&quot;camera&quot;:&quot;&quot;,&quot;caption&quot;:&quot;&quot;,&quot;created_timestamp&quot;:&quot;0&quot;,&quot;copyright&quot;:&quot;&quot;,&quot;focal_length&quot;:&quot;0&quot;,&quot;iso&quot;:&quot;0&quot;,&quot;shutter_speed&quot;:&quot;0&quot;,&quot;title&quot;:&quot;&quot;,&quot;orientation&quot;:&quot;0&quot;}\" data-image-title=\"trois\" data-image-description=\"&lt;p&gt;niveau Ceinture noire&lt;\/p&gt;\n\" data-image-caption=\"\" data-medium-file=\"https:\/\/i0.wp.com\/jrfortin.com\/jrf\/wp-content\/uploads\/2013\/03\/trois.png?fit=177%2C28&amp;ssl=1\" data-large-file=\"https:\/\/i0.wp.com\/jrfortin.com\/jrf\/wp-content\/uploads\/2013\/03\/trois.png?fit=177%2C28&amp;ssl=1\" class=\"alignright wp-image-2928 size-full\" src=\"https:\/\/i0.wp.com\/jrfortin.com\/jrf\/wp-content\/uploads\/2013\/03\/trois.png?resize=177%2C28\" alt=\"trois\" width=\"177\" height=\"28\" \/>10.2 \u2013 <em>Mawashi-geri Kokyu-nage Ashi-dori<\/em>\u00a0<\/strong>: Projection par le souffle vital, effectu\u00e9e par saisie et retournement de la jambe de <em>Uke<\/em>, sur coup de pied circulaire fouett\u00e9 dans un mouvement partant de l\u2019ext\u00e9rieur vers l\u2019int\u00e9rieur.<\/p>\n<p style=\"text-align: justify;\"><u>Indices de succ\u00e8s<\/u>\u00a0: Au d\u00e9clenchement de l\u2019attaque, <em>Nage<\/em> prend l\u2019initiative en se d\u00e9pla\u00e7ant l\u00e9g\u00e8rement du c\u00f4t\u00e9 int\u00e9rieur, c\u2019est-\u00e0-dire dans le sens de l\u2019attaque.<\/p>\n<p style=\"text-align: justify;\">Cette man\u0153uvre a pour effet d\u2019annihiler la force du coup de pied en le rendant veule. Simultan\u00e9ment, <em>Nage<\/em> accueille la jambe en l\u2019enroulant avec son bras, provoquant ainsi le retournement de <em>Uke<\/em>. <em>Nage<\/em> avancera alors pour provoquer la chute de <em>Uke<\/em> en roulade avant.<\/p>\n<hr \/>\n<p style=\"text-align: right;\"><a href=\"https:\/\/jrfortin.com\/jrf\/koichi-tohei-2-2\/#Haut\" rel=\"noopener noreferrer\"><strong>Retour \u00e0 l&rsquo;index des techniques<\/strong><\/a><\/p>\n<p><a title=\"Shin-Shin Toitsu A\u00efkido\" href=\"https:\/\/fr.wikipedia.org\/wiki\/Shin_Shin_Toitsu_Aikido\" target=\"_blank\" rel=\"noopener\"><em>Ki-A\u00efkido sur Wikipedia<\/em><\/a><\/p>\n","protected":false},"excerpt":{"rendered":"<p>10.1 \u2013 Mae-geri Irimi Michibiki-kaeshi\u00a0: Projectio\u2026<\/p>\n<p> <a class=\"continue-reading-link\" href=\"https:\/\/jrfortin.com\/jrf\/10-attaques-par-coups-de-pied\/\"><span>continuez la lecture<\/span><i class=\"crycon-right-dir\"><\/i><\/a> <\/p>\n","protected":false},"author":1,"featured_media":0,"parent":0,"menu_order":0,"comment_status":"open","ping_status":"closed","template":"templates\/template-twocolumns-right.php","meta":{"footnotes":""},"class_list":["post-13205","page","type-page","status-publish","hentry"],"yoast_head":"<!-- This site is optimized with the Yoast SEO plugin v26.7 - https:\/\/yoast.com\/wordpress\/plugins\/seo\/ -->\n<title>10- D\u00e9fense sur attaques par coups de pied - Dojo du Nouveau Monde<\/title>\n<meta name=\"robots\" content=\"index, follow, max-snippet:-1, max-image-preview:large, max-video-preview:-1\" \/>\n<link rel=\"canonical\" href=\"https:\/\/jrfortin.com\/jrf\/10-attaques-par-coups-de-pied\/\" \/>\n<meta property=\"og:locale\" content=\"fr_FR\" \/>\n<meta property=\"og:type\" content=\"article\" \/>\n<meta property=\"og:title\" content=\"10- D\u00e9fense sur attaques par coups de pied - Dojo du Nouveau Monde\" \/>\n<meta property=\"og:description\" content=\"10.1 \u2013 Mae-geri Irimi Michibiki-kaeshi\u00a0: Projectio\u2026 continuez la lecture\" \/>\n<meta property=\"og:url\" content=\"https:\/\/jrfortin.com\/jrf\/10-attaques-par-coups-de-pied\/\" \/>\n<meta property=\"og:site_name\" content=\"Dojo du Nouveau Monde\" \/>\n<meta property=\"article:modified_time\" content=\"2023-07-13T12:28:00+00:00\" \/>\n<meta property=\"og:image\" content=\"http:\/\/jrfortin.com\/jrf\/wp-content\/uploads\/2013\/03\/trois.png\" \/>\n<meta name=\"twitter:card\" content=\"summary_large_image\" \/>\n<meta name=\"twitter:site\" content=\"@fortin_rock\" \/>\n<meta name=\"twitter:label1\" content=\"Dur\u00e9e de lecture estim\u00e9e\" \/>\n\t<meta name=\"twitter:data1\" content=\"2 minutes\" \/>\n<script type=\"application\/ld+json\" class=\"yoast-schema-graph\">{\"@context\":\"https:\/\/schema.org\",\"@graph\":[{\"@type\":\"WebPage\",\"@id\":\"https:\/\/jrfortin.com\/jrf\/10-attaques-par-coups-de-pied\/\",\"url\":\"https:\/\/jrfortin.com\/jrf\/10-attaques-par-coups-de-pied\/\",\"name\":\"10- D\u00e9fense sur attaques par coups de pied - Dojo du Nouveau Monde\",\"isPartOf\":{\"@id\":\"https:\/\/jrfortin.com\/jrf\/#website\"},\"primaryImageOfPage\":{\"@id\":\"https:\/\/jrfortin.com\/jrf\/10-attaques-par-coups-de-pied\/#primaryimage\"},\"image\":{\"@id\":\"https:\/\/jrfortin.com\/jrf\/10-attaques-par-coups-de-pied\/#primaryimage\"},\"thumbnailUrl\":\"http:\/\/jrfortin.com\/jrf\/wp-content\/uploads\/2013\/03\/trois.png\",\"datePublished\":\"2020-04-13T22:05:59+00:00\",\"dateModified\":\"2023-07-13T12:28:00+00:00\",\"breadcrumb\":{\"@id\":\"https:\/\/jrfortin.com\/jrf\/10-attaques-par-coups-de-pied\/#breadcrumb\"},\"inLanguage\":\"fr-FR\",\"potentialAction\":[{\"@type\":\"ReadAction\",\"target\":[\"https:\/\/jrfortin.com\/jrf\/10-attaques-par-coups-de-pied\/\"]}]},{\"@type\":\"ImageObject\",\"inLanguage\":\"fr-FR\",\"@id\":\"https:\/\/jrfortin.com\/jrf\/10-attaques-par-coups-de-pied\/#primaryimage\",\"url\":\"http:\/\/jrfortin.com\/jrf\/wp-content\/uploads\/2013\/03\/trois.png\",\"contentUrl\":\"http:\/\/jrfortin.com\/jrf\/wp-content\/uploads\/2013\/03\/trois.png\"},{\"@type\":\"BreadcrumbList\",\"@id\":\"https:\/\/jrfortin.com\/jrf\/10-attaques-par-coups-de-pied\/#breadcrumb\",\"itemListElement\":[{\"@type\":\"ListItem\",\"position\":1,\"name\":\"Accueil\",\"item\":\"https:\/\/jrfortin.com\/jrf\/\"},{\"@type\":\"ListItem\",\"position\":2,\"name\":\"10- D\u00e9fense sur attaques par coups de pied\"}]},{\"@type\":\"WebSite\",\"@id\":\"https:\/\/jrfortin.com\/jrf\/#website\",\"url\":\"https:\/\/jrfortin.com\/jrf\/\",\"name\":\"Dojo du Nouveau Monde\",\"description\":\"R\u00e9seau de Shihan Jean-Rock Fortin\",\"publisher\":{\"@id\":\"https:\/\/jrfortin.com\/jrf\/#\/schema\/person\/420b013ae3febafe8d99a66adee55de9\"},\"potentialAction\":[{\"@type\":\"SearchAction\",\"target\":{\"@type\":\"EntryPoint\",\"urlTemplate\":\"https:\/\/jrfortin.com\/jrf\/?s={search_term_string}\"},\"query-input\":{\"@type\":\"PropertyValueSpecification\",\"valueRequired\":true,\"valueName\":\"search_term_string\"}}],\"inLanguage\":\"fr-FR\"},{\"@type\":[\"Person\",\"Organization\"],\"@id\":\"https:\/\/jrfortin.com\/jrf\/#\/schema\/person\/420b013ae3febafe8d99a66adee55de9\",\"name\":\"Shihan Jean-Rock Fortin, M.A.\",\"image\":{\"@type\":\"ImageObject\",\"inLanguage\":\"fr-FR\",\"@id\":\"https:\/\/jrfortin.com\/jrf\/#\/schema\/person\/image\/\",\"url\":\"https:\/\/i2.wp.com\/jrfortin.com\/jrf\/wp-content\/uploads\/2020\/07\/ki-le-chemin.jpg?fit=600%2C848&ssl=1\",\"contentUrl\":\"https:\/\/i2.wp.com\/jrfortin.com\/jrf\/wp-content\/uploads\/2020\/07\/ki-le-chemin.jpg?fit=600%2C848&ssl=1\",\"width\":600,\"height\":848,\"caption\":\"Shihan Jean-Rock Fortin, M.A.\"},\"logo\":{\"@id\":\"https:\/\/jrfortin.com\/jrf\/#\/schema\/person\/image\/\"},\"description\":\"Globetrotteur par affaires et pour le plaisir, et Orientaliste, je suis instructeur d'arts martiaux (maitre-enseignant de Ki-A\u00efkido [Shihan] &amp; Dim-Mak), Fondateur du Dojo du Nouveau Monde (2010), \\\"S\u00e9ancier\\\" de Kiatsu, M\u00e9tatronicien, Radiesth\u00e9siste, Coutelier d'art, Conf\u00e9rencier et Auteur du livre \\\"Ki - Le Chemin de l'\u00c9veil\\\" (2018). Je suis \u00e9galement Consultant strat\u00e9gique en \u00e9volution et prosp\u00e9rit\u00e9 des personnes et des organisations.\",\"sameAs\":[\"http:\/\/www.jrfortin.com\"]}]}<\/script>\n<!-- \/ Yoast SEO plugin. -->","yoast_head_json":{"title":"10- D\u00e9fense sur attaques par coups de pied - Dojo du Nouveau Monde","robots":{"index":"index","follow":"follow","max-snippet":"max-snippet:-1","max-image-preview":"max-image-preview:large","max-video-preview":"max-video-preview:-1"},"canonical":"https:\/\/jrfortin.com\/jrf\/10-attaques-par-coups-de-pied\/","og_locale":"fr_FR","og_type":"article","og_title":"10- D\u00e9fense sur attaques par coups de pied - Dojo du Nouveau Monde","og_description":"10.1 \u2013 Mae-geri Irimi Michibiki-kaeshi\u00a0: Projectio\u2026 continuez la lecture","og_url":"https:\/\/jrfortin.com\/jrf\/10-attaques-par-coups-de-pied\/","og_site_name":"Dojo du Nouveau Monde","article_modified_time":"2023-07-13T12:28:00+00:00","og_image":[{"url":"http:\/\/jrfortin.com\/jrf\/wp-content\/uploads\/2013\/03\/trois.png","type":"","width":"","height":""}],"twitter_card":"summary_large_image","twitter_site":"@fortin_rock","twitter_misc":{"Dur\u00e9e de lecture estim\u00e9e":"2 minutes"},"schema":{"@context":"https:\/\/schema.org","@graph":[{"@type":"WebPage","@id":"https:\/\/jrfortin.com\/jrf\/10-attaques-par-coups-de-pied\/","url":"https:\/\/jrfortin.com\/jrf\/10-attaques-par-coups-de-pied\/","name":"10- D\u00e9fense sur attaques par coups de pied - Dojo du Nouveau Monde","isPartOf":{"@id":"https:\/\/jrfortin.com\/jrf\/#website"},"primaryImageOfPage":{"@id":"https:\/\/jrfortin.com\/jrf\/10-attaques-par-coups-de-pied\/#primaryimage"},"image":{"@id":"https:\/\/jrfortin.com\/jrf\/10-attaques-par-coups-de-pied\/#primaryimage"},"thumbnailUrl":"http:\/\/jrfortin.com\/jrf\/wp-content\/uploads\/2013\/03\/trois.png","datePublished":"2020-04-13T22:05:59+00:00","dateModified":"2023-07-13T12:28:00+00:00","breadcrumb":{"@id":"https:\/\/jrfortin.com\/jrf\/10-attaques-par-coups-de-pied\/#breadcrumb"},"inLanguage":"fr-FR","potentialAction":[{"@type":"ReadAction","target":["https:\/\/jrfortin.com\/jrf\/10-attaques-par-coups-de-pied\/"]}]},{"@type":"ImageObject","inLanguage":"fr-FR","@id":"https:\/\/jrfortin.com\/jrf\/10-attaques-par-coups-de-pied\/#primaryimage","url":"http:\/\/jrfortin.com\/jrf\/wp-content\/uploads\/2013\/03\/trois.png","contentUrl":"http:\/\/jrfortin.com\/jrf\/wp-content\/uploads\/2013\/03\/trois.png"},{"@type":"BreadcrumbList","@id":"https:\/\/jrfortin.com\/jrf\/10-attaques-par-coups-de-pied\/#breadcrumb","itemListElement":[{"@type":"ListItem","position":1,"name":"Accueil","item":"https:\/\/jrfortin.com\/jrf\/"},{"@type":"ListItem","position":2,"name":"10- D\u00e9fense sur attaques par coups de pied"}]},{"@type":"WebSite","@id":"https:\/\/jrfortin.com\/jrf\/#website","url":"https:\/\/jrfortin.com\/jrf\/","name":"Dojo du Nouveau Monde","description":"R\u00e9seau de Shihan Jean-Rock Fortin","publisher":{"@id":"https:\/\/jrfortin.com\/jrf\/#\/schema\/person\/420b013ae3febafe8d99a66adee55de9"},"potentialAction":[{"@type":"SearchAction","target":{"@type":"EntryPoint","urlTemplate":"https:\/\/jrfortin.com\/jrf\/?s={search_term_string}"},"query-input":{"@type":"PropertyValueSpecification","valueRequired":true,"valueName":"search_term_string"}}],"inLanguage":"fr-FR"},{"@type":["Person","Organization"],"@id":"https:\/\/jrfortin.com\/jrf\/#\/schema\/person\/420b013ae3febafe8d99a66adee55de9","name":"Shihan Jean-Rock Fortin, M.A.","image":{"@type":"ImageObject","inLanguage":"fr-FR","@id":"https:\/\/jrfortin.com\/jrf\/#\/schema\/person\/image\/","url":"https:\/\/i2.wp.com\/jrfortin.com\/jrf\/wp-content\/uploads\/2020\/07\/ki-le-chemin.jpg?fit=600%2C848&ssl=1","contentUrl":"https:\/\/i2.wp.com\/jrfortin.com\/jrf\/wp-content\/uploads\/2020\/07\/ki-le-chemin.jpg?fit=600%2C848&ssl=1","width":600,"height":848,"caption":"Shihan Jean-Rock Fortin, M.A."},"logo":{"@id":"https:\/\/jrfortin.com\/jrf\/#\/schema\/person\/image\/"},"description":"Globetrotteur par affaires et pour le plaisir, et Orientaliste, je suis instructeur d'arts martiaux (maitre-enseignant de Ki-A\u00efkido [Shihan] &amp; Dim-Mak), Fondateur du Dojo du Nouveau Monde (2010), \"S\u00e9ancier\" de Kiatsu, M\u00e9tatronicien, Radiesth\u00e9siste, Coutelier d'art, Conf\u00e9rencier et Auteur du livre \"Ki - Le Chemin de l'\u00c9veil\" (2018). Je suis \u00e9galement Consultant strat\u00e9gique en \u00e9volution et prosp\u00e9rit\u00e9 des personnes et des organisations.","sameAs":["http:\/\/www.jrfortin.com"]}]}},"jetpack_sharing_enabled":true,"_links":{"self":[{"href":"https:\/\/jrfortin.com\/jrf\/wp-json\/wp\/v2\/pages\/13205","targetHints":{"allow":["GET"]}}],"collection":[{"href":"https:\/\/jrfortin.com\/jrf\/wp-json\/wp\/v2\/pages"}],"about":[{"href":"https:\/\/jrfortin.com\/jrf\/wp-json\/wp\/v2\/types\/page"}],"author":[{"embeddable":true,"href":"https:\/\/jrfortin.com\/jrf\/wp-json\/wp\/v2\/users\/1"}],"replies":[{"embeddable":true,"href":"https:\/\/jrfortin.com\/jrf\/wp-json\/wp\/v2\/comments?post=13205"}],"version-history":[{"count":2,"href":"https:\/\/jrfortin.com\/jrf\/wp-json\/wp\/v2\/pages\/13205\/revisions"}],"predecessor-version":[{"id":19576,"href":"https:\/\/jrfortin.com\/jrf\/wp-json\/wp\/v2\/pages\/13205\/revisions\/19576"}],"wp:attachment":[{"href":"https:\/\/jrfortin.com\/jrf\/wp-json\/wp\/v2\/media?parent=13205"}],"curies":[{"name":"wp","href":"https:\/\/api.w.org\/{rel}","templated":true}]}}