{"id":13217,"date":"2020-04-14T08:27:13","date_gmt":"2020-04-14T12:27:13","guid":{"rendered":"https:\/\/jrfortin.com\/jrf\/?page_id=13217"},"modified":"2023-07-12T13:31:47","modified_gmt":"2023-07-12T17:31:47","slug":"15-tachi-dori-attaques-au-sabre","status":"publish","type":"page","link":"https:\/\/jrfortin.com\/jrf\/15-tachi-dori-attaques-au-sabre\/","title":{"rendered":"15- Tachi-dori (attaques au sabre)"},"content":{"rendered":"<p style=\"text-align: justify;\"><strong><img data-recalc-dims=\"1\" loading=\"lazy\" decoding=\"async\" data-attachment-id=\"2928\" data-permalink=\"https:\/\/jrfortin.com\/jrf\/?attachment_id=2928\" data-orig-file=\"https:\/\/i0.wp.com\/jrfortin.com\/jrf\/wp-content\/uploads\/2013\/03\/trois.png?fit=177%2C28&amp;ssl=1\" data-orig-size=\"177,28\" data-comments-opened=\"0\" data-image-meta=\"{&quot;aperture&quot;:&quot;0&quot;,&quot;credit&quot;:&quot;&quot;,&quot;camera&quot;:&quot;&quot;,&quot;caption&quot;:&quot;&quot;,&quot;created_timestamp&quot;:&quot;0&quot;,&quot;copyright&quot;:&quot;&quot;,&quot;focal_length&quot;:&quot;0&quot;,&quot;iso&quot;:&quot;0&quot;,&quot;shutter_speed&quot;:&quot;0&quot;,&quot;title&quot;:&quot;&quot;,&quot;orientation&quot;:&quot;0&quot;}\" data-image-title=\"trois\" data-image-description=\"&lt;p&gt;niveau Ceinture noire&lt;\/p&gt;\n\" data-image-caption=\"\" data-medium-file=\"https:\/\/i0.wp.com\/jrfortin.com\/jrf\/wp-content\/uploads\/2013\/03\/trois.png?fit=177%2C28&amp;ssl=1\" data-large-file=\"https:\/\/i0.wp.com\/jrfortin.com\/jrf\/wp-content\/uploads\/2013\/03\/trois.png?fit=177%2C28&amp;ssl=1\" class=\"alignright wp-image-2928 size-full\" src=\"https:\/\/i0.wp.com\/jrfortin.com\/jrf\/wp-content\/uploads\/2013\/03\/trois.png?resize=177%2C28\" alt=\"trois\" width=\"177\" height=\"28\" \/><\/strong><\/p>\n<!--[if lt IE 9]><script>document.createElement('video');<\/script><![endif]-->\n\t<div class=\"wp-playlist wp-video-playlist wp-playlist-light\">\n\t\t<video controls=\"controls\" preload=\"none\" width=\"808\"\n\t\t height=\"606\"\t><\/video>\n\t<div class=\"wp-playlist-next\"><\/div>\n\t<div class=\"wp-playlist-prev\"><\/div>\n\t<noscript>\n\t<ol>\n\t\t<li><a href='https:\/\/jrfortin.com\/jrf\/wp-content\/uploads\/2023\/07\/151.1-Tachi-dori-shomen-uchi-irimi-sudori-kokyu-nage.mov'>151.1- Tachi-dori shomen-uchi irimi sudori kokyu-nage<\/a><\/li><li><a href='https:\/\/jrfortin.com\/jrf\/wp-content\/uploads\/2023\/07\/152.2-Tach-dori-shomen-uchi-irimi-dori.mov'>152.2- Tach-dori shomen-uchi irimi-dori<\/a><\/li><li><a href='https:\/\/jrfortin.com\/jrf\/wp-content\/uploads\/2023\/07\/153.1-Tachi-dori-yokomen-uchi-irimi-nage.mov'>153.1- Tachi-dori yokomen-uchi irimi-nage<\/a><\/li>\t<\/ol>\n\t<\/noscript>\n\t<script type=\"application\/json\" class=\"wp-playlist-script\">{\"type\":\"video\",\"tracklist\":true,\"tracknumbers\":true,\"images\":true,\"artists\":true,\"tracks\":[{\"src\":\"https:\\\/\\\/jrfortin.com\\\/jrf\\\/wp-content\\\/uploads\\\/2023\\\/07\\\/151.1-Tachi-dori-shomen-uchi-irimi-sudori-kokyu-nage.mov\",\"type\":\"video\\\/quicktime\",\"title\":\"151.1- Tachi-dori shomen-uchi irimi sudori kokyu-nage\",\"caption\":\"\",\"description\":\"\",\"meta\":{\"length_formatted\":\"0:22\"},\"dimensions\":{\"original\":{\"width\":480,\"height\":360},\"resized\":{\"width\":808,\"height\":606}},\"image\":{\"src\":\"https:\\\/\\\/jrfortin.com\\\/jrf\\\/wp-includes\\\/images\\\/media\\\/video.svg\",\"width\":48,\"height\":64},\"thumb\":{\"src\":\"https:\\\/\\\/jrfortin.com\\\/jrf\\\/wp-includes\\\/images\\\/media\\\/video.svg\",\"width\":48,\"height\":64}},{\"src\":\"https:\\\/\\\/jrfortin.com\\\/jrf\\\/wp-content\\\/uploads\\\/2023\\\/07\\\/152.2-Tach-dori-shomen-uchi-irimi-dori.mov\",\"type\":\"video\\\/quicktime\",\"title\":\"152.2- Tach-dori shomen-uchi irimi-dori\",\"caption\":\"\",\"description\":\"\",\"meta\":{\"length_formatted\":\"0:04\"},\"dimensions\":{\"original\":{\"width\":480,\"height\":360},\"resized\":{\"width\":808,\"height\":606}},\"image\":{\"src\":\"https:\\\/\\\/jrfortin.com\\\/jrf\\\/wp-includes\\\/images\\\/media\\\/video.svg\",\"width\":48,\"height\":64},\"thumb\":{\"src\":\"https:\\\/\\\/jrfortin.com\\\/jrf\\\/wp-includes\\\/images\\\/media\\\/video.svg\",\"width\":48,\"height\":64}},{\"src\":\"https:\\\/\\\/jrfortin.com\\\/jrf\\\/wp-content\\\/uploads\\\/2023\\\/07\\\/153.1-Tachi-dori-yokomen-uchi-irimi-nage.mov\",\"type\":\"video\\\/quicktime\",\"title\":\"153.1- Tachi-dori yokomen-uchi irimi-nage\",\"caption\":\"\",\"description\":\"\",\"meta\":{\"length_formatted\":\"0:07\"},\"dimensions\":{\"original\":{\"width\":480,\"height\":360},\"resized\":{\"width\":808,\"height\":606}},\"image\":{\"src\":\"https:\\\/\\\/jrfortin.com\\\/jrf\\\/wp-includes\\\/images\\\/media\\\/video.svg\",\"width\":48,\"height\":64},\"thumb\":{\"src\":\"https:\\\/\\\/jrfortin.com\\\/jrf\\\/wp-includes\\\/images\\\/media\\\/video.svg\",\"width\":48,\"height\":64}}]}<\/script>\n<\/div>\n\t\n<p style=\"text-align: justify;\"><strong>15.1 \u2013 <em>Tachi-dori Shomen-uchi Irimi Sudori Kokyu-nage<\/em>\u00a0<\/strong>: Projection par le souffle vital par contr\u00f4le de la t\u00eate apr\u00e8s esquive de dos, sur frappe directe \u00e0 la t\u00eate, de haut en bas.<\/p>\n<p style=\"text-align: justify;\"><u>Indices de succ\u00e8s<\/u>\u00a0: <em>Nage<\/em> se tient debout avec une jambe avanc\u00e9e d\u2019un demi-pas. Lorsque <em>Uke<\/em> attaque, <em>Nage<\/em> proc\u00e8de \u00e0 une esquive qui le fera passer dos \u00e0 <em>Uke<\/em>. Il reproduit fid\u00e8lement l\u2019exercice\u00a04.E d\u00e9crit \u00e0 l\u2019Annexe\u00a0V (p. 335).<\/p>\n<p style=\"text-align: justify;\">Cette man\u0153uvre va d\u00e9contenancer <em>Uke<\/em> et permettre \u00e0 <em>Nage<\/em> de s\u2019en rapprocher. Lorsque ce dernier se retrouve compl\u00e8tement derri\u00e8re <em>Uke<\/em>, il l\u00e8ve aussit\u00f4t les deux bras vers le ciel en diffusant le<em> Ki <\/em>vers le haut. Ainsi, lorsque <em>Uke<\/em> se retournera en poursuivant <em>Nage<\/em> pour l\u2019attaquer de nouveau, il se livrera de lui-m\u00eame aux mains de <em>Nage<\/em>.<\/p>\n<p style=\"text-align: justify;\">Ce dernier ex\u00e9cute alors l\u2019exercice\u00a04.D d\u00e9crit \u00e0 l\u2019Annexe\u00a0V\u00a0: \u00ab\u00a0<em>Shomen-uchi Kokyu-nage Waza<\/em>\u00a0\u00bb (p. 334). Le<em> Ki <\/em>est diffus\u00e9 vers le bas en tournant, \u00e9ventuellement jusqu\u2019\u00e0 180 degr\u00e9s, tout en contr\u00f4lant la t\u00eate de <em>Uke<\/em> dans le creux de l\u2019\u00e9paule.<\/p>\n<p style=\"text-align: justify;\">Puis, le<em> Ki <\/em>est dirig\u00e9 vers le haut, et une fois encore vers le bas pour produire la projection. Quand <em>Nage<\/em> laissera tomber son bras, sa main s\u2019abattra naturellement sur les poignets de <em>Uke<\/em>. <em>Nage<\/em> tiendra alors le <em>Boken<\/em> de sorte que le tranchant pointera vers l\u2019ext\u00e9rieur. Autrement dit, s\u2019il s\u2019agissait d\u2019un sabre r\u00e9el, <em>Nage<\/em> ne se couperait pas.<\/p>\n<p style=\"text-align: justify;\">Pour retourner <em>Uke<\/em> face contre terre, <em>Nage<\/em> se d\u00e9placera en contournant <em>Uke<\/em> tout en marchant de c\u00f4t\u00e9. <em>Uke<\/em> se retrouvera alors sur le ventre et c\u2019est \u00e0 ce moment-l\u00e0 que <em>Nage<\/em> s\u2019emparera du <em>Boken<\/em>. Cette technique peut se faire de la m\u00eame fa\u00e7on avec une attaque au <em>Jo<\/em>.<\/p>\n<hr \/>\n<p style=\"text-align: justify;\"><strong><img data-recalc-dims=\"1\" loading=\"lazy\" decoding=\"async\" data-attachment-id=\"2928\" data-permalink=\"https:\/\/jrfortin.com\/jrf\/?attachment_id=2928\" data-orig-file=\"https:\/\/i0.wp.com\/jrfortin.com\/jrf\/wp-content\/uploads\/2013\/03\/trois.png?fit=177%2C28&amp;ssl=1\" data-orig-size=\"177,28\" data-comments-opened=\"0\" data-image-meta=\"{&quot;aperture&quot;:&quot;0&quot;,&quot;credit&quot;:&quot;&quot;,&quot;camera&quot;:&quot;&quot;,&quot;caption&quot;:&quot;&quot;,&quot;created_timestamp&quot;:&quot;0&quot;,&quot;copyright&quot;:&quot;&quot;,&quot;focal_length&quot;:&quot;0&quot;,&quot;iso&quot;:&quot;0&quot;,&quot;shutter_speed&quot;:&quot;0&quot;,&quot;title&quot;:&quot;&quot;,&quot;orientation&quot;:&quot;0&quot;}\" data-image-title=\"trois\" data-image-description=\"&lt;p&gt;niveau Ceinture noire&lt;\/p&gt;\n\" data-image-caption=\"\" data-medium-file=\"https:\/\/i0.wp.com\/jrfortin.com\/jrf\/wp-content\/uploads\/2013\/03\/trois.png?fit=177%2C28&amp;ssl=1\" data-large-file=\"https:\/\/i0.wp.com\/jrfortin.com\/jrf\/wp-content\/uploads\/2013\/03\/trois.png?fit=177%2C28&amp;ssl=1\" class=\"alignright wp-image-2928 size-full\" src=\"https:\/\/i0.wp.com\/jrfortin.com\/jrf\/wp-content\/uploads\/2013\/03\/trois.png?resize=177%2C28\" alt=\"trois\" width=\"177\" height=\"28\" \/><\/strong><\/p>\n<p style=\"text-align: justify;\"><strong>15.2 \u2013 <em>Tachi-dori<\/em> <em>Shomen-uchi<\/em> <em>Irimi-dori<\/em>\u00a0<\/strong>: Projection par mouvement de haut en bas en avan\u00e7ant dans le sens de l\u2019attaque et en agrippant le sabre de <em>Uke<\/em> avec la main droite, sur frappe directe \u00e0 la t\u00eate, de haut en bas.<\/p>\n<p style=\"text-align: justify;\"><u>Indices de succ\u00e8s<\/u>\u00a0: <em>Nage<\/em> prend l\u2019initiative en dirigeant le<em> Ki <\/em>de <em>Uke<\/em> vers le bas en tournant son centre \u00e0 180 degr\u00e9s. Avec un peu de pratique, sa main tombera infailliblement sur la poign\u00e9e du <em>Boken<\/em>. Ainsi, les <em>Kika\u00ef-tanden<\/em> se retrouveront align\u00e9s c\u00f4te \u00e0 c\u00f4te.<\/p>\n<p style=\"text-align: justify;\">Puis, <em>Nage<\/em> dirige le<em> Ki <\/em>vers le haut en se d\u00e9pla\u00e7ant vers l\u2019avant, dans le sens de la ligne d\u2019attaque, puis vers bas. Pour se prot\u00e9ger d\u2019une collision avec le sol, <em>Uke<\/em> sera alors contraint de l\u00e2cher sa prise du <em>Boken<\/em> et de prendre une chute en roulade avant. Cette technique se r\u00e9alise \u00e9galement avec une attaque au <em>Jo<\/em>.<\/p>\n<hr \/>\n<p style=\"text-align: justify;\"><strong><img data-recalc-dims=\"1\" loading=\"lazy\" decoding=\"async\" data-attachment-id=\"2928\" data-permalink=\"https:\/\/jrfortin.com\/jrf\/?attachment_id=2928\" data-orig-file=\"https:\/\/i0.wp.com\/jrfortin.com\/jrf\/wp-content\/uploads\/2013\/03\/trois.png?fit=177%2C28&amp;ssl=1\" data-orig-size=\"177,28\" data-comments-opened=\"0\" data-image-meta=\"{&quot;aperture&quot;:&quot;0&quot;,&quot;credit&quot;:&quot;&quot;,&quot;camera&quot;:&quot;&quot;,&quot;caption&quot;:&quot;&quot;,&quot;created_timestamp&quot;:&quot;0&quot;,&quot;copyright&quot;:&quot;&quot;,&quot;focal_length&quot;:&quot;0&quot;,&quot;iso&quot;:&quot;0&quot;,&quot;shutter_speed&quot;:&quot;0&quot;,&quot;title&quot;:&quot;&quot;,&quot;orientation&quot;:&quot;0&quot;}\" data-image-title=\"trois\" data-image-description=\"&lt;p&gt;niveau Ceinture noire&lt;\/p&gt;\n\" data-image-caption=\"\" data-medium-file=\"https:\/\/i0.wp.com\/jrfortin.com\/jrf\/wp-content\/uploads\/2013\/03\/trois.png?fit=177%2C28&amp;ssl=1\" data-large-file=\"https:\/\/i0.wp.com\/jrfortin.com\/jrf\/wp-content\/uploads\/2013\/03\/trois.png?fit=177%2C28&amp;ssl=1\" class=\"alignright wp-image-2928 size-full\" src=\"https:\/\/i0.wp.com\/jrfortin.com\/jrf\/wp-content\/uploads\/2013\/03\/trois.png?resize=177%2C28\" alt=\"trois\" width=\"177\" height=\"28\" \/>15.3 \u2013 <em>Tachi-dori Yokomen-uchi Irimi Kokyu-nage<\/em>\u00a0<\/strong>: Projection par mouvement vers le haut en frappant l\u00e9g\u00e8rement l\u2019avant-bras et la main de <em>Uke<\/em>, au moment o\u00f9 celui-ci amorce son attaque de frappe de c\u00f4t\u00e9 \u00e0 la t\u00eate.<\/p>\n<p style=\"text-align: justify;\"><u>Indices de succ\u00e8s<\/u>\u00a0: <em>Uke<\/em> attaque du c\u00f4t\u00e9 de la jambe avant de <em>Nage<\/em>. Il sort de la ligne d\u2019attaque lorsqu\u2019il se d\u00e9place pour ass\u00e9ner un <em>At\u00e9mi<\/em> avec le <em>Boken<\/em> au c\u00f4t\u00e9 de la t\u00eate ou au cou de <em>Nage<\/em>. Pour plus d\u2019information concernant l\u2019attaque, voir le pr\u00e9ambule de la section\u00a08 de la pr\u00e9sente annexe (p. 360).<\/p>\n<p style=\"text-align: justify;\">Quand <em>Nage<\/em> ressent le<em> Ki <\/em>du partenaire, c\u2019est-\u00e0-dire bien avant que <em>Uke<\/em> se mette en mouvement, il amorce la technique. Il diffuse alors le<em> Ki <\/em>vers le haut, en avan\u00e7ant \u00e0 partir du centre, afin d\u2019\u00e9tablir un l\u00e9ger contact avec <em>Uke<\/em> en pla\u00e7ant ses mains sur les poignets de ce dernier.<\/p>\n<p style=\"text-align: justify;\">Apr\u00e8s le contact, <em>Nage<\/em> abaisse son centre. <em>Uke<\/em> tombera parce qu\u2019il sera d\u00e9s\u00e9quilibr\u00e9 d\u00e8s le d\u00e9but de l\u2019attaque. En effet, l\u2019attaque de <em>Uke<\/em> rencontrera les bras inflexibles de <em>Nage<\/em>. Ainsi, plus forte et puissante sera l\u2019attaque de <em>Uke<\/em> et plus exp\u00e9ditive sera sa chute. Cette technique peut se faire de la m\u00eame fa\u00e7on avec une attaque au <em>Jo<\/em>.<\/p>\n<hr \/>\n<p style=\"text-align: right;\"><a href=\"https:\/\/jrfortin.com\/jrf\/koichi-tohei-2-2\/#Haut\" rel=\"noopener noreferrer\"><strong>Retour \u00e0 l&rsquo;index des techniques<\/strong><\/a><\/p>\n<p><a title=\"Shin-Shin Toitsu A\u00efkido\" href=\"https:\/\/fr.wikipedia.org\/wiki\/Shin_Shin_Toitsu_Aikido\" target=\"_blank\" rel=\"noopener\"><em>Ki-A\u00efkido sur Wikipedia<\/em><\/a><\/p>\n","protected":false},"excerpt":{"rendered":"<p>15.1 \u2013 Tachi-dori Shomen-uchi Irimi Sudori Kokyu-n\u2026<\/p>\n<p> <a class=\"continue-reading-link\" href=\"https:\/\/jrfortin.com\/jrf\/15-tachi-dori-attaques-au-sabre\/\"><span>continuez la lecture<\/span><i class=\"crycon-right-dir\"><\/i><\/a> <\/p>\n","protected":false},"author":1,"featured_media":0,"parent":0,"menu_order":0,"comment_status":"open","ping_status":"open","template":"","meta":{"footnotes":""},"class_list":["post-13217","page","type-page","status-publish","hentry"],"yoast_head":"<!-- This site is optimized with the Yoast SEO plugin v26.7 - https:\/\/yoast.com\/wordpress\/plugins\/seo\/ -->\n<title>15- Tachi-dori (attaques au sabre) - Dojo du Nouveau Monde<\/title>\n<meta name=\"robots\" content=\"index, follow, max-snippet:-1, max-image-preview:large, max-video-preview:-1\" \/>\n<link rel=\"canonical\" href=\"https:\/\/jrfortin.com\/jrf\/15-tachi-dori-attaques-au-sabre\/\" \/>\n<meta property=\"og:locale\" content=\"fr_FR\" \/>\n<meta property=\"og:type\" content=\"article\" \/>\n<meta property=\"og:title\" content=\"15- Tachi-dori (attaques au sabre) - Dojo du Nouveau Monde\" \/>\n<meta property=\"og:description\" content=\"15.1 \u2013 Tachi-dori Shomen-uchi Irimi Sudori Kokyu-n\u2026 continuez la lecture\" \/>\n<meta property=\"og:url\" content=\"https:\/\/jrfortin.com\/jrf\/15-tachi-dori-attaques-au-sabre\/\" \/>\n<meta property=\"og:site_name\" content=\"Dojo du Nouveau Monde\" \/>\n<meta property=\"article:modified_time\" content=\"2023-07-12T17:31:47+00:00\" \/>\n<meta property=\"og:image\" content=\"http:\/\/jrfortin.com\/jrf\/wp-content\/uploads\/2013\/03\/trois.png\" \/>\n<meta name=\"twitter:card\" content=\"summary_large_image\" \/>\n<meta name=\"twitter:site\" content=\"@fortin_rock\" \/>\n<meta name=\"twitter:label1\" content=\"Dur\u00e9e de lecture estim\u00e9e\" \/>\n\t<meta name=\"twitter:data1\" content=\"4 minutes\" \/>\n<script type=\"application\/ld+json\" class=\"yoast-schema-graph\">{\"@context\":\"https:\/\/schema.org\",\"@graph\":[{\"@type\":\"WebPage\",\"@id\":\"https:\/\/jrfortin.com\/jrf\/15-tachi-dori-attaques-au-sabre\/\",\"url\":\"https:\/\/jrfortin.com\/jrf\/15-tachi-dori-attaques-au-sabre\/\",\"name\":\"15- Tachi-dori (attaques au sabre) - Dojo du Nouveau Monde\",\"isPartOf\":{\"@id\":\"https:\/\/jrfortin.com\/jrf\/#website\"},\"primaryImageOfPage\":{\"@id\":\"https:\/\/jrfortin.com\/jrf\/15-tachi-dori-attaques-au-sabre\/#primaryimage\"},\"image\":{\"@id\":\"https:\/\/jrfortin.com\/jrf\/15-tachi-dori-attaques-au-sabre\/#primaryimage\"},\"thumbnailUrl\":\"http:\/\/jrfortin.com\/jrf\/wp-content\/uploads\/2013\/03\/trois.png\",\"datePublished\":\"2020-04-14T12:27:13+00:00\",\"dateModified\":\"2023-07-12T17:31:47+00:00\",\"breadcrumb\":{\"@id\":\"https:\/\/jrfortin.com\/jrf\/15-tachi-dori-attaques-au-sabre\/#breadcrumb\"},\"inLanguage\":\"fr-FR\",\"potentialAction\":[{\"@type\":\"ReadAction\",\"target\":[\"https:\/\/jrfortin.com\/jrf\/15-tachi-dori-attaques-au-sabre\/\"]}]},{\"@type\":\"ImageObject\",\"inLanguage\":\"fr-FR\",\"@id\":\"https:\/\/jrfortin.com\/jrf\/15-tachi-dori-attaques-au-sabre\/#primaryimage\",\"url\":\"http:\/\/jrfortin.com\/jrf\/wp-content\/uploads\/2013\/03\/trois.png\",\"contentUrl\":\"http:\/\/jrfortin.com\/jrf\/wp-content\/uploads\/2013\/03\/trois.png\"},{\"@type\":\"BreadcrumbList\",\"@id\":\"https:\/\/jrfortin.com\/jrf\/15-tachi-dori-attaques-au-sabre\/#breadcrumb\",\"itemListElement\":[{\"@type\":\"ListItem\",\"position\":1,\"name\":\"Accueil\",\"item\":\"https:\/\/jrfortin.com\/jrf\/\"},{\"@type\":\"ListItem\",\"position\":2,\"name\":\"15- Tachi-dori (attaques au sabre)\"}]},{\"@type\":\"WebSite\",\"@id\":\"https:\/\/jrfortin.com\/jrf\/#website\",\"url\":\"https:\/\/jrfortin.com\/jrf\/\",\"name\":\"Dojo du Nouveau Monde\",\"description\":\"R\u00e9seau de Shihan Jean-Rock Fortin\",\"publisher\":{\"@id\":\"https:\/\/jrfortin.com\/jrf\/#\/schema\/person\/420b013ae3febafe8d99a66adee55de9\"},\"potentialAction\":[{\"@type\":\"SearchAction\",\"target\":{\"@type\":\"EntryPoint\",\"urlTemplate\":\"https:\/\/jrfortin.com\/jrf\/?s={search_term_string}\"},\"query-input\":{\"@type\":\"PropertyValueSpecification\",\"valueRequired\":true,\"valueName\":\"search_term_string\"}}],\"inLanguage\":\"fr-FR\"},{\"@type\":[\"Person\",\"Organization\"],\"@id\":\"https:\/\/jrfortin.com\/jrf\/#\/schema\/person\/420b013ae3febafe8d99a66adee55de9\",\"name\":\"Shihan Jean-Rock Fortin, M.A.\",\"image\":{\"@type\":\"ImageObject\",\"inLanguage\":\"fr-FR\",\"@id\":\"https:\/\/jrfortin.com\/jrf\/#\/schema\/person\/image\/\",\"url\":\"https:\/\/i2.wp.com\/jrfortin.com\/jrf\/wp-content\/uploads\/2020\/07\/ki-le-chemin.jpg?fit=600%2C848&ssl=1\",\"contentUrl\":\"https:\/\/i2.wp.com\/jrfortin.com\/jrf\/wp-content\/uploads\/2020\/07\/ki-le-chemin.jpg?fit=600%2C848&ssl=1\",\"width\":600,\"height\":848,\"caption\":\"Shihan Jean-Rock Fortin, M.A.\"},\"logo\":{\"@id\":\"https:\/\/jrfortin.com\/jrf\/#\/schema\/person\/image\/\"},\"description\":\"Globetrotteur par affaires et pour le plaisir, et Orientaliste, je suis instructeur d'arts martiaux (maitre-enseignant de Ki-A\u00efkido [Shihan] &amp; Dim-Mak), Fondateur du Dojo du Nouveau Monde (2010), \\\"S\u00e9ancier\\\" de Kiatsu, M\u00e9tatronicien, Radiesth\u00e9siste, Coutelier d'art, Conf\u00e9rencier et Auteur du livre \\\"Ki - Le Chemin de l'\u00c9veil\\\" (2018). Je suis \u00e9galement Consultant strat\u00e9gique en \u00e9volution et prosp\u00e9rit\u00e9 des personnes et des organisations.\",\"sameAs\":[\"http:\/\/www.jrfortin.com\"]}]}<\/script>\n<!-- \/ Yoast SEO plugin. -->","yoast_head_json":{"title":"15- Tachi-dori (attaques au sabre) - Dojo du Nouveau Monde","robots":{"index":"index","follow":"follow","max-snippet":"max-snippet:-1","max-image-preview":"max-image-preview:large","max-video-preview":"max-video-preview:-1"},"canonical":"https:\/\/jrfortin.com\/jrf\/15-tachi-dori-attaques-au-sabre\/","og_locale":"fr_FR","og_type":"article","og_title":"15- Tachi-dori (attaques au sabre) - Dojo du Nouveau Monde","og_description":"15.1 \u2013 Tachi-dori Shomen-uchi Irimi Sudori Kokyu-n\u2026 continuez la lecture","og_url":"https:\/\/jrfortin.com\/jrf\/15-tachi-dori-attaques-au-sabre\/","og_site_name":"Dojo du Nouveau Monde","article_modified_time":"2023-07-12T17:31:47+00:00","og_image":[{"url":"http:\/\/jrfortin.com\/jrf\/wp-content\/uploads\/2013\/03\/trois.png","type":"","width":"","height":""}],"twitter_card":"summary_large_image","twitter_site":"@fortin_rock","twitter_misc":{"Dur\u00e9e de lecture estim\u00e9e":"4 minutes"},"schema":{"@context":"https:\/\/schema.org","@graph":[{"@type":"WebPage","@id":"https:\/\/jrfortin.com\/jrf\/15-tachi-dori-attaques-au-sabre\/","url":"https:\/\/jrfortin.com\/jrf\/15-tachi-dori-attaques-au-sabre\/","name":"15- Tachi-dori (attaques au sabre) - Dojo du Nouveau Monde","isPartOf":{"@id":"https:\/\/jrfortin.com\/jrf\/#website"},"primaryImageOfPage":{"@id":"https:\/\/jrfortin.com\/jrf\/15-tachi-dori-attaques-au-sabre\/#primaryimage"},"image":{"@id":"https:\/\/jrfortin.com\/jrf\/15-tachi-dori-attaques-au-sabre\/#primaryimage"},"thumbnailUrl":"http:\/\/jrfortin.com\/jrf\/wp-content\/uploads\/2013\/03\/trois.png","datePublished":"2020-04-14T12:27:13+00:00","dateModified":"2023-07-12T17:31:47+00:00","breadcrumb":{"@id":"https:\/\/jrfortin.com\/jrf\/15-tachi-dori-attaques-au-sabre\/#breadcrumb"},"inLanguage":"fr-FR","potentialAction":[{"@type":"ReadAction","target":["https:\/\/jrfortin.com\/jrf\/15-tachi-dori-attaques-au-sabre\/"]}]},{"@type":"ImageObject","inLanguage":"fr-FR","@id":"https:\/\/jrfortin.com\/jrf\/15-tachi-dori-attaques-au-sabre\/#primaryimage","url":"http:\/\/jrfortin.com\/jrf\/wp-content\/uploads\/2013\/03\/trois.png","contentUrl":"http:\/\/jrfortin.com\/jrf\/wp-content\/uploads\/2013\/03\/trois.png"},{"@type":"BreadcrumbList","@id":"https:\/\/jrfortin.com\/jrf\/15-tachi-dori-attaques-au-sabre\/#breadcrumb","itemListElement":[{"@type":"ListItem","position":1,"name":"Accueil","item":"https:\/\/jrfortin.com\/jrf\/"},{"@type":"ListItem","position":2,"name":"15- Tachi-dori (attaques au sabre)"}]},{"@type":"WebSite","@id":"https:\/\/jrfortin.com\/jrf\/#website","url":"https:\/\/jrfortin.com\/jrf\/","name":"Dojo du Nouveau Monde","description":"R\u00e9seau de Shihan Jean-Rock Fortin","publisher":{"@id":"https:\/\/jrfortin.com\/jrf\/#\/schema\/person\/420b013ae3febafe8d99a66adee55de9"},"potentialAction":[{"@type":"SearchAction","target":{"@type":"EntryPoint","urlTemplate":"https:\/\/jrfortin.com\/jrf\/?s={search_term_string}"},"query-input":{"@type":"PropertyValueSpecification","valueRequired":true,"valueName":"search_term_string"}}],"inLanguage":"fr-FR"},{"@type":["Person","Organization"],"@id":"https:\/\/jrfortin.com\/jrf\/#\/schema\/person\/420b013ae3febafe8d99a66adee55de9","name":"Shihan Jean-Rock Fortin, M.A.","image":{"@type":"ImageObject","inLanguage":"fr-FR","@id":"https:\/\/jrfortin.com\/jrf\/#\/schema\/person\/image\/","url":"https:\/\/i2.wp.com\/jrfortin.com\/jrf\/wp-content\/uploads\/2020\/07\/ki-le-chemin.jpg?fit=600%2C848&ssl=1","contentUrl":"https:\/\/i2.wp.com\/jrfortin.com\/jrf\/wp-content\/uploads\/2020\/07\/ki-le-chemin.jpg?fit=600%2C848&ssl=1","width":600,"height":848,"caption":"Shihan Jean-Rock Fortin, M.A."},"logo":{"@id":"https:\/\/jrfortin.com\/jrf\/#\/schema\/person\/image\/"},"description":"Globetrotteur par affaires et pour le plaisir, et Orientaliste, je suis instructeur d'arts martiaux (maitre-enseignant de Ki-A\u00efkido [Shihan] &amp; Dim-Mak), Fondateur du Dojo du Nouveau Monde (2010), \"S\u00e9ancier\" de Kiatsu, M\u00e9tatronicien, Radiesth\u00e9siste, Coutelier d'art, Conf\u00e9rencier et Auteur du livre \"Ki - Le Chemin de l'\u00c9veil\" (2018). Je suis \u00e9galement Consultant strat\u00e9gique en \u00e9volution et prosp\u00e9rit\u00e9 des personnes et des organisations.","sameAs":["http:\/\/www.jrfortin.com"]}]}},"jetpack_sharing_enabled":true,"_links":{"self":[{"href":"https:\/\/jrfortin.com\/jrf\/wp-json\/wp\/v2\/pages\/13217","targetHints":{"allow":["GET"]}}],"collection":[{"href":"https:\/\/jrfortin.com\/jrf\/wp-json\/wp\/v2\/pages"}],"about":[{"href":"https:\/\/jrfortin.com\/jrf\/wp-json\/wp\/v2\/types\/page"}],"author":[{"embeddable":true,"href":"https:\/\/jrfortin.com\/jrf\/wp-json\/wp\/v2\/users\/1"}],"replies":[{"embeddable":true,"href":"https:\/\/jrfortin.com\/jrf\/wp-json\/wp\/v2\/comments?post=13217"}],"version-history":[{"count":2,"href":"https:\/\/jrfortin.com\/jrf\/wp-json\/wp\/v2\/pages\/13217\/revisions"}],"predecessor-version":[{"id":19558,"href":"https:\/\/jrfortin.com\/jrf\/wp-json\/wp\/v2\/pages\/13217\/revisions\/19558"}],"wp:attachment":[{"href":"https:\/\/jrfortin.com\/jrf\/wp-json\/wp\/v2\/media?parent=13217"}],"curies":[{"name":"wp","href":"https:\/\/api.w.org\/{rel}","templated":true}]}}