{"id":13261,"date":"2020-04-14T10:21:24","date_gmt":"2020-04-14T14:21:24","guid":{"rendered":"https:\/\/jrfortin.com\/jrf\/?page_id=13261"},"modified":"2023-07-13T08:28:50","modified_gmt":"2023-07-13T12:28:50","slug":"11-attaques-lorsque-nage-est-dans-la-position-seiza","status":"publish","type":"page","link":"https:\/\/jrfortin.com\/jrf\/11-attaques-lorsque-nage-est-dans-la-position-seiza\/","title":{"rendered":"11- Attaques lorsque Nage est dans la position Seiza"},"content":{"rendered":"<!--[if lt IE 9]><script>document.createElement('video');<\/script><![endif]-->\n\t<div class=\"wp-playlist wp-video-playlist wp-playlist-light\">\n\t\t<video controls=\"controls\" preload=\"none\" width=\"808\"\n\t\t height=\"455\"\t><\/video>\n\t<div class=\"wp-playlist-next\"><\/div>\n\t<div class=\"wp-playlist-prev\"><\/div>\n\t<noscript>\n\t<ol>\n\t\t<li><a href='https:\/\/jrfortin.com\/jrf\/wp-content\/uploads\/2023\/07\/111.1-Zagi-handachi-mune-tsuki-kote-gaeshi.mov'>111.1- Zagi-handachi mune-tsuki kote-gaeshi<\/a><\/li><li><a href='https:\/\/jrfortin.com\/jrf\/wp-content\/uploads\/2023\/07\/111.2-Zagi-handachi-mune-tsuki-kote-gaeshi.mov'>111.2- Zagi-handachi mune-tsuki kote-gaeshi<\/a><\/li><li><a href='https:\/\/jrfortin.com\/jrf\/wp-content\/uploads\/2023\/07\/112.1-Zagi-handachi-Shomen-uchi-kokyu-nage.mov'>112.1- Zagi-handachi Shomen-uchi kokyu-nage<\/a><\/li><li><a href='https:\/\/jrfortin.com\/jrf\/wp-content\/uploads\/2023\/07\/113.1-Zagi-handachi-yokomen-uchi-zenpo-nage.mov'>113.1- Zagi-handachi yokomen-uchi zenpo-nage<\/a><\/li>\t<\/ol>\n\t<\/noscript>\n\t<script type=\"application\/json\" class=\"wp-playlist-script\">{\"type\":\"video\",\"tracklist\":true,\"tracknumbers\":true,\"images\":true,\"artists\":true,\"tracks\":[{\"src\":\"https:\\\/\\\/jrfortin.com\\\/jrf\\\/wp-content\\\/uploads\\\/2023\\\/07\\\/111.1-Zagi-handachi-mune-tsuki-kote-gaeshi.mov\",\"type\":\"video\\\/quicktime\",\"title\":\"111.1- Zagi-handachi mune-tsuki kote-gaeshi\",\"caption\":\"\",\"description\":\"\",\"meta\":{\"length_formatted\":\"1:31\"},\"dimensions\":{\"original\":{\"width\":640,\"height\":360},\"resized\":{\"width\":808,\"height\":455}},\"image\":{\"src\":\"https:\\\/\\\/jrfortin.com\\\/jrf\\\/wp-includes\\\/images\\\/media\\\/video.svg\",\"width\":48,\"height\":64},\"thumb\":{\"src\":\"https:\\\/\\\/jrfortin.com\\\/jrf\\\/wp-includes\\\/images\\\/media\\\/video.svg\",\"width\":48,\"height\":64}},{\"src\":\"https:\\\/\\\/jrfortin.com\\\/jrf\\\/wp-content\\\/uploads\\\/2023\\\/07\\\/111.2-Zagi-handachi-mune-tsuki-kote-gaeshi.mov\",\"type\":\"video\\\/quicktime\",\"title\":\"111.2- Zagi-handachi mune-tsuki kote-gaeshi\",\"caption\":\"\",\"description\":\"\",\"meta\":{\"length_formatted\":\"0:47\"},\"dimensions\":{\"original\":{\"width\":480,\"height\":360},\"resized\":{\"width\":808,\"height\":606}},\"image\":{\"src\":\"https:\\\/\\\/jrfortin.com\\\/jrf\\\/wp-includes\\\/images\\\/media\\\/video.svg\",\"width\":48,\"height\":64},\"thumb\":{\"src\":\"https:\\\/\\\/jrfortin.com\\\/jrf\\\/wp-includes\\\/images\\\/media\\\/video.svg\",\"width\":48,\"height\":64}},{\"src\":\"https:\\\/\\\/jrfortin.com\\\/jrf\\\/wp-content\\\/uploads\\\/2023\\\/07\\\/112.1-Zagi-handachi-Shomen-uchi-kokyu-nage.mov\",\"type\":\"video\\\/quicktime\",\"title\":\"112.1- Zagi-handachi Shomen-uchi kokyu-nage\",\"caption\":\"\",\"description\":\"\",\"meta\":{\"length_formatted\":\"0:33\"},\"dimensions\":{\"original\":{\"width\":480,\"height\":360},\"resized\":{\"width\":808,\"height\":606}},\"image\":{\"src\":\"https:\\\/\\\/jrfortin.com\\\/jrf\\\/wp-includes\\\/images\\\/media\\\/video.svg\",\"width\":48,\"height\":64},\"thumb\":{\"src\":\"https:\\\/\\\/jrfortin.com\\\/jrf\\\/wp-includes\\\/images\\\/media\\\/video.svg\",\"width\":48,\"height\":64}},{\"src\":\"https:\\\/\\\/jrfortin.com\\\/jrf\\\/wp-content\\\/uploads\\\/2023\\\/07\\\/113.1-Zagi-handachi-yokomen-uchi-zenpo-nage.mov\",\"type\":\"video\\\/quicktime\",\"title\":\"113.1- Zagi-handachi yokomen-uchi zenpo-nage\",\"caption\":\"\",\"description\":\"\",\"meta\":{\"length_formatted\":\"0:22\"},\"dimensions\":{\"original\":{\"width\":640,\"height\":360},\"resized\":{\"width\":808,\"height\":455}},\"image\":{\"src\":\"https:\\\/\\\/jrfortin.com\\\/jrf\\\/wp-includes\\\/images\\\/media\\\/video.svg\",\"width\":48,\"height\":64},\"thumb\":{\"src\":\"https:\\\/\\\/jrfortin.com\\\/jrf\\\/wp-includes\\\/images\\\/media\\\/video.svg\",\"width\":48,\"height\":64}}]}<\/script>\n<\/div>\n\t\n<p style=\"text-align: justify;\"><strong><em>Lorsque l\u2019attaque est pressentie<\/em><\/strong><em>, Nage se redresse et replie ses orteils pour s\u2019appuyer sur la partie avant de la plante du pied (position Kiza).<\/em><\/p>\n<p style=\"text-align: justify;\"><strong><img data-recalc-dims=\"1\" loading=\"lazy\" decoding=\"async\" data-attachment-id=\"2927\" data-permalink=\"https:\/\/jrfortin.com\/jrf\/?attachment_id=2927\" data-orig-file=\"https:\/\/i0.wp.com\/jrfortin.com\/jrf\/wp-content\/uploads\/2013\/03\/deux.png?fit=118%2C28&amp;ssl=1\" data-orig-size=\"118,28\" data-comments-opened=\"0\" data-image-meta=\"{&quot;aperture&quot;:&quot;0&quot;,&quot;credit&quot;:&quot;&quot;,&quot;camera&quot;:&quot;&quot;,&quot;caption&quot;:&quot;&quot;,&quot;created_timestamp&quot;:&quot;0&quot;,&quot;copyright&quot;:&quot;&quot;,&quot;focal_length&quot;:&quot;0&quot;,&quot;iso&quot;:&quot;0&quot;,&quot;shutter_speed&quot;:&quot;0&quot;,&quot;title&quot;:&quot;&quot;,&quot;orientation&quot;:&quot;0&quot;}\" data-image-title=\"deux\" data-image-description=\"&lt;p&gt;niveau Ceinture brune&lt;\/p&gt;\n\" data-image-caption=\"\" data-medium-file=\"https:\/\/i0.wp.com\/jrfortin.com\/jrf\/wp-content\/uploads\/2013\/03\/deux.png?fit=118%2C28&amp;ssl=1\" data-large-file=\"https:\/\/i0.wp.com\/jrfortin.com\/jrf\/wp-content\/uploads\/2013\/03\/deux.png?fit=118%2C28&amp;ssl=1\" class=\"alignright wp-image-2927 size-full\" src=\"https:\/\/i0.wp.com\/jrfortin.com\/jrf\/wp-content\/uploads\/2013\/03\/deux.png?resize=118%2C28\" alt=\"deux\" width=\"118\" height=\"28\" \/>11.1 \u2013 <em>Zagi-handachi<\/em> <em>Mune-tsuki<\/em> <em>Kote-gaeshi<\/em>\u00a0<\/strong>: Contr\u00f4le par torsion du poignet vers l\u2019ext\u00e9rieur, et immobilisation, sur coup de poing au thorax.<\/p>\n<p style=\"text-align: justify;\"><u>Indices de succ\u00e8s<\/u>\u00a0: <em>Nage<\/em> prend l\u2019initiative en dirigeant le<em> Ki <\/em>de <em>Uke<\/em> vers le bas, tout en tournant le centre \u00e0 180 degr\u00e9s. Ce faisant, sa main tombera infailliblement sur celle de <em>Uke<\/em>.<\/p>\n<p style=\"text-align: justify;\"><em>Nage<\/em> retourne alors le poignet de <em>Uke<\/em> en sens inverse de l\u2019attaque afin d\u2019appliquer une torsion du poignet vers l\u2019ext\u00e9rieur. Par le bout des doigts, le<em> Ki <\/em>est alors dirig\u00e9 au sol, et entraine la chute de <em>Uke<\/em>.<\/p>\n<p style=\"text-align: justify;\">Avec sa main libre plac\u00e9e au niveau du coude de <em>Uke<\/em>, <em>Nage<\/em> retient le partenaire tout en se redressant l\u00e9g\u00e8rement et en guidant son bras, ce qui a pour effet de le retourner face contre terre.<\/p>\n<p style=\"text-align: justify;\"><em>Nage<\/em> contr\u00f4le <em>Uke<\/em> au sol en tenant son bras comme s\u2019il s\u2019agissait d\u2019un b\u00e9b\u00e9, ce qui permettra de retirer le jeu des articulations avec grande l\u00e9g\u00e8ret\u00e9. <em>Nage<\/em> n\u2019aura alors qu\u2019\u00e0 tourner son centre pour contraindre <em>Uke<\/em> dans ses tentatives de s\u2019\u00e9chapper.<\/p>\n<hr \/>\n<p style=\"text-align: justify;\"><strong><img data-recalc-dims=\"1\" loading=\"lazy\" decoding=\"async\" data-attachment-id=\"2927\" data-permalink=\"https:\/\/jrfortin.com\/jrf\/?attachment_id=2927\" data-orig-file=\"https:\/\/i0.wp.com\/jrfortin.com\/jrf\/wp-content\/uploads\/2013\/03\/deux.png?fit=118%2C28&amp;ssl=1\" data-orig-size=\"118,28\" data-comments-opened=\"0\" data-image-meta=\"{&quot;aperture&quot;:&quot;0&quot;,&quot;credit&quot;:&quot;&quot;,&quot;camera&quot;:&quot;&quot;,&quot;caption&quot;:&quot;&quot;,&quot;created_timestamp&quot;:&quot;0&quot;,&quot;copyright&quot;:&quot;&quot;,&quot;focal_length&quot;:&quot;0&quot;,&quot;iso&quot;:&quot;0&quot;,&quot;shutter_speed&quot;:&quot;0&quot;,&quot;title&quot;:&quot;&quot;,&quot;orientation&quot;:&quot;0&quot;}\" data-image-title=\"deux\" data-image-description=\"&lt;p&gt;niveau Ceinture brune&lt;\/p&gt;\n\" data-image-caption=\"\" data-medium-file=\"https:\/\/i0.wp.com\/jrfortin.com\/jrf\/wp-content\/uploads\/2013\/03\/deux.png?fit=118%2C28&amp;ssl=1\" data-large-file=\"https:\/\/i0.wp.com\/jrfortin.com\/jrf\/wp-content\/uploads\/2013\/03\/deux.png?fit=118%2C28&amp;ssl=1\" class=\"alignright wp-image-2927 size-full\" src=\"https:\/\/i0.wp.com\/jrfortin.com\/jrf\/wp-content\/uploads\/2013\/03\/deux.png?resize=118%2C28\" alt=\"deux\" width=\"118\" height=\"28\" \/>VI.11.2 \u2013 <em>Zagi-handachi<\/em> <em>Shomen-uchi<\/em> <em>Kokyu-nage<\/em>\u00a0<\/strong>: Projection par le souffle vital sur frappe directe du tranchant de la main (<em>Shuto<\/em>) \u00e0 la t\u00eate, de haut en bas.<\/p>\n<p style=\"text-align: justify;\"><u>Indices de succ\u00e8s<\/u>\u00a0: Le premier mouvement de <em>Nage<\/em> consiste \u00e0 diffuser le<em> Ki <\/em>vers le haut avec le bras du c\u00f4t\u00e9 oppos\u00e9 \u00e0 l\u2019attaque de <em>Uke<\/em>, ce qui a pour effet de d\u00e9vier ladite attaque. Puis, <em>Nage<\/em> pivote pour se placer de c\u00f4t\u00e9, soit \u00e0 90 degr\u00e9s par rapport \u00e0 <em>Uke<\/em>.<\/p>\n<p style=\"text-align: justify;\">Le<em> Ki <\/em>est alors diffus\u00e9 vers le bas, tout en contr\u00f4lant la t\u00eate de <em>Uke<\/em> qui sera dirig\u00e9e dans le creux de l\u2019\u00e9paule, puis vers le haut, et encore vers le bas, ce qui produira la projection.<\/p>\n<hr \/>\n<p style=\"text-align: justify;\"><strong><img data-recalc-dims=\"1\" loading=\"lazy\" decoding=\"async\" data-attachment-id=\"2927\" data-permalink=\"https:\/\/jrfortin.com\/jrf\/?attachment_id=2927\" data-orig-file=\"https:\/\/i0.wp.com\/jrfortin.com\/jrf\/wp-content\/uploads\/2013\/03\/deux.png?fit=118%2C28&amp;ssl=1\" data-orig-size=\"118,28\" data-comments-opened=\"0\" data-image-meta=\"{&quot;aperture&quot;:&quot;0&quot;,&quot;credit&quot;:&quot;&quot;,&quot;camera&quot;:&quot;&quot;,&quot;caption&quot;:&quot;&quot;,&quot;created_timestamp&quot;:&quot;0&quot;,&quot;copyright&quot;:&quot;&quot;,&quot;focal_length&quot;:&quot;0&quot;,&quot;iso&quot;:&quot;0&quot;,&quot;shutter_speed&quot;:&quot;0&quot;,&quot;title&quot;:&quot;&quot;,&quot;orientation&quot;:&quot;0&quot;}\" data-image-title=\"deux\" data-image-description=\"&lt;p&gt;niveau Ceinture brune&lt;\/p&gt;\n\" data-image-caption=\"\" data-medium-file=\"https:\/\/i0.wp.com\/jrfortin.com\/jrf\/wp-content\/uploads\/2013\/03\/deux.png?fit=118%2C28&amp;ssl=1\" data-large-file=\"https:\/\/i0.wp.com\/jrfortin.com\/jrf\/wp-content\/uploads\/2013\/03\/deux.png?fit=118%2C28&amp;ssl=1\" class=\"alignright wp-image-2927 size-full\" src=\"https:\/\/i0.wp.com\/jrfortin.com\/jrf\/wp-content\/uploads\/2013\/03\/deux.png?resize=118%2C28\" alt=\"deux\" width=\"118\" height=\"28\" \/><\/strong><\/p>\n<p style=\"text-align: justify;\"><strong>11.3 \u2013 <em>Zagi-handachi<\/em> <em>Yokomen-uchi<\/em> <em>Zenpo-nage\u00a0<\/em><em>:<\/em><\/strong> Projection vers l\u2019avant en produisant un mouvement de<em> Ki <\/em>vers le haut, puis vers le bas, dans la direction de l\u2019attaque, sur une frappe de c\u00f4t\u00e9 \u00e0 la t\u00eate.<\/p>\n<p style=\"text-align: justify;\"><u>Indices de succ\u00e8s<\/u>\u00a0: <em>Uke<\/em> sort de la ligne d\u2019attaque pour ass\u00e9ner un <em>At\u00e9mi<\/em> du tranchant de la main (<em>Shuto<\/em>) au c\u00f4t\u00e9 de la t\u00eate ou au cou de <em>Nage<\/em> (voir le pr\u00e9ambule de la section\u00a08 de la pr\u00e9sente annexe [p. 360], pour plus d\u2019information).<\/p>\n<p style=\"text-align: justify;\">Sur l\u2019attaque de <em>Uke<\/em>, <em>Nage<\/em> diffuse le<em> Ki <\/em>vers le haut en montant ses bras vers le ciel. Ces man\u0153uvres vont permettre de r\u00e9aliser un alignement des <em>Kika\u00ef-tanden<\/em>.<\/p>\n<p style=\"text-align: justify;\">En continuant de tourner, <em>Nage<\/em> dirige le<em> Ki <\/em>vers le bas avec sa main situ\u00e9e \u00e0 l\u2019ext\u00e9rieur, tout en brossant la t\u00eate de <em>Uke<\/em> de son autre main, avec grande l\u00e9g\u00e8ret\u00e9, comme si, progressivement, il lui ass\u00e9nait un <em>At\u00e9mi<\/em> de la paume (<em>Shuto<\/em>).<\/p>\n<p style=\"text-align: justify;\"><em>Nage<\/em> op\u00e8re ces man\u0153uvres en tournant jusqu\u2019\u00e0 180 degr\u00e9s. Ce faisant, il fera alors de nouveau face \u00e0 <em>Uke<\/em> et fin pr\u00eat \u00e0 continuer avec d\u2019autres techniques.<\/p>\n<hr \/>\n<p style=\"text-align: right;\"><a name=\"ancre12\"><\/a><a href=\"https:\/\/jrfortin.com\/jrf\/koichi-tohei-2-2\/#Haut\" rel=\"noopener noreferrer\"><strong>Retour \u00e0 l&rsquo;index des techniques<\/strong><\/a><\/p>\n<p><a title=\"Shin-Shin Toitsu A\u00efkido\" href=\"https:\/\/fr.wikipedia.org\/wiki\/Shin_Shin_Toitsu_Aikido\" target=\"_blank\" rel=\"noopener\"><em>Ki-A\u00efkido sur Wikipedia<\/em><\/a><\/p>\n","protected":false},"excerpt":{"rendered":"<p>Lorsque l\u2019attaque est pressentie, Nage se redresse\u2026<\/p>\n<p> <a class=\"continue-reading-link\" href=\"https:\/\/jrfortin.com\/jrf\/11-attaques-lorsque-nage-est-dans-la-position-seiza\/\"><span>continuez la lecture<\/span><i class=\"crycon-right-dir\"><\/i><\/a> <\/p>\n","protected":false},"author":1,"featured_media":0,"parent":0,"menu_order":0,"comment_status":"open","ping_status":"closed","template":"templates\/template-twocolumns-right.php","meta":{"footnotes":""},"class_list":["post-13261","page","type-page","status-publish","hentry"],"yoast_head":"<!-- This site is optimized with the Yoast SEO plugin v26.7 - https:\/\/yoast.com\/wordpress\/plugins\/seo\/ -->\n<title>11- Attaques lorsque Nage est dans la position Seiza - Dojo du Nouveau Monde<\/title>\n<meta name=\"robots\" content=\"index, follow, max-snippet:-1, max-image-preview:large, max-video-preview:-1\" \/>\n<link rel=\"canonical\" href=\"https:\/\/jrfortin.com\/jrf\/11-attaques-lorsque-nage-est-dans-la-position-seiza\/\" \/>\n<meta property=\"og:locale\" content=\"fr_FR\" \/>\n<meta property=\"og:type\" content=\"article\" \/>\n<meta property=\"og:title\" content=\"11- Attaques lorsque Nage est dans la position Seiza - Dojo du Nouveau Monde\" \/>\n<meta property=\"og:description\" content=\"Lorsque l\u2019attaque est pressentie, Nage se redresse\u2026 continuez la lecture\" \/>\n<meta property=\"og:url\" content=\"https:\/\/jrfortin.com\/jrf\/11-attaques-lorsque-nage-est-dans-la-position-seiza\/\" \/>\n<meta property=\"og:site_name\" content=\"Dojo du Nouveau Monde\" \/>\n<meta property=\"article:modified_time\" content=\"2023-07-13T12:28:50+00:00\" \/>\n<meta property=\"og:image\" content=\"http:\/\/jrfortin.com\/jrf\/wp-content\/uploads\/2013\/03\/deux.png\" \/>\n<meta name=\"twitter:card\" content=\"summary_large_image\" \/>\n<meta name=\"twitter:site\" content=\"@fortin_rock\" \/>\n<meta name=\"twitter:label1\" content=\"Dur\u00e9e de lecture estim\u00e9e\" \/>\n\t<meta name=\"twitter:data1\" content=\"3 minutes\" \/>\n<script type=\"application\/ld+json\" class=\"yoast-schema-graph\">{\"@context\":\"https:\/\/schema.org\",\"@graph\":[{\"@type\":\"WebPage\",\"@id\":\"https:\/\/jrfortin.com\/jrf\/11-attaques-lorsque-nage-est-dans-la-position-seiza\/\",\"url\":\"https:\/\/jrfortin.com\/jrf\/11-attaques-lorsque-nage-est-dans-la-position-seiza\/\",\"name\":\"11- Attaques lorsque Nage est dans la position Seiza - Dojo du Nouveau Monde\",\"isPartOf\":{\"@id\":\"https:\/\/jrfortin.com\/jrf\/#website\"},\"primaryImageOfPage\":{\"@id\":\"https:\/\/jrfortin.com\/jrf\/11-attaques-lorsque-nage-est-dans-la-position-seiza\/#primaryimage\"},\"image\":{\"@id\":\"https:\/\/jrfortin.com\/jrf\/11-attaques-lorsque-nage-est-dans-la-position-seiza\/#primaryimage\"},\"thumbnailUrl\":\"http:\/\/jrfortin.com\/jrf\/wp-content\/uploads\/2013\/03\/deux.png\",\"datePublished\":\"2020-04-14T14:21:24+00:00\",\"dateModified\":\"2023-07-13T12:28:50+00:00\",\"breadcrumb\":{\"@id\":\"https:\/\/jrfortin.com\/jrf\/11-attaques-lorsque-nage-est-dans-la-position-seiza\/#breadcrumb\"},\"inLanguage\":\"fr-FR\",\"potentialAction\":[{\"@type\":\"ReadAction\",\"target\":[\"https:\/\/jrfortin.com\/jrf\/11-attaques-lorsque-nage-est-dans-la-position-seiza\/\"]}]},{\"@type\":\"ImageObject\",\"inLanguage\":\"fr-FR\",\"@id\":\"https:\/\/jrfortin.com\/jrf\/11-attaques-lorsque-nage-est-dans-la-position-seiza\/#primaryimage\",\"url\":\"http:\/\/jrfortin.com\/jrf\/wp-content\/uploads\/2013\/03\/deux.png\",\"contentUrl\":\"http:\/\/jrfortin.com\/jrf\/wp-content\/uploads\/2013\/03\/deux.png\"},{\"@type\":\"BreadcrumbList\",\"@id\":\"https:\/\/jrfortin.com\/jrf\/11-attaques-lorsque-nage-est-dans-la-position-seiza\/#breadcrumb\",\"itemListElement\":[{\"@type\":\"ListItem\",\"position\":1,\"name\":\"Accueil\",\"item\":\"https:\/\/jrfortin.com\/jrf\/\"},{\"@type\":\"ListItem\",\"position\":2,\"name\":\"11- Attaques lorsque Nage est dans la position Seiza\"}]},{\"@type\":\"WebSite\",\"@id\":\"https:\/\/jrfortin.com\/jrf\/#website\",\"url\":\"https:\/\/jrfortin.com\/jrf\/\",\"name\":\"Dojo du Nouveau Monde\",\"description\":\"R\u00e9seau de Shihan Jean-Rock Fortin\",\"publisher\":{\"@id\":\"https:\/\/jrfortin.com\/jrf\/#\/schema\/person\/420b013ae3febafe8d99a66adee55de9\"},\"potentialAction\":[{\"@type\":\"SearchAction\",\"target\":{\"@type\":\"EntryPoint\",\"urlTemplate\":\"https:\/\/jrfortin.com\/jrf\/?s={search_term_string}\"},\"query-input\":{\"@type\":\"PropertyValueSpecification\",\"valueRequired\":true,\"valueName\":\"search_term_string\"}}],\"inLanguage\":\"fr-FR\"},{\"@type\":[\"Person\",\"Organization\"],\"@id\":\"https:\/\/jrfortin.com\/jrf\/#\/schema\/person\/420b013ae3febafe8d99a66adee55de9\",\"name\":\"Shihan Jean-Rock Fortin, M.A.\",\"image\":{\"@type\":\"ImageObject\",\"inLanguage\":\"fr-FR\",\"@id\":\"https:\/\/jrfortin.com\/jrf\/#\/schema\/person\/image\/\",\"url\":\"https:\/\/i2.wp.com\/jrfortin.com\/jrf\/wp-content\/uploads\/2020\/07\/ki-le-chemin.jpg?fit=600%2C848&ssl=1\",\"contentUrl\":\"https:\/\/i2.wp.com\/jrfortin.com\/jrf\/wp-content\/uploads\/2020\/07\/ki-le-chemin.jpg?fit=600%2C848&ssl=1\",\"width\":600,\"height\":848,\"caption\":\"Shihan Jean-Rock Fortin, M.A.\"},\"logo\":{\"@id\":\"https:\/\/jrfortin.com\/jrf\/#\/schema\/person\/image\/\"},\"description\":\"Globetrotteur par affaires et pour le plaisir, et Orientaliste, je suis instructeur d'arts martiaux (maitre-enseignant de Ki-A\u00efkido [Shihan] &amp; Dim-Mak), Fondateur du Dojo du Nouveau Monde (2010), \\\"S\u00e9ancier\\\" de Kiatsu, M\u00e9tatronicien, Radiesth\u00e9siste, Coutelier d'art, Conf\u00e9rencier et Auteur du livre \\\"Ki - Le Chemin de l'\u00c9veil\\\" (2018). Je suis \u00e9galement Consultant strat\u00e9gique en \u00e9volution et prosp\u00e9rit\u00e9 des personnes et des organisations.\",\"sameAs\":[\"http:\/\/www.jrfortin.com\"]}]}<\/script>\n<!-- \/ Yoast SEO plugin. -->","yoast_head_json":{"title":"11- Attaques lorsque Nage est dans la position Seiza - Dojo du Nouveau Monde","robots":{"index":"index","follow":"follow","max-snippet":"max-snippet:-1","max-image-preview":"max-image-preview:large","max-video-preview":"max-video-preview:-1"},"canonical":"https:\/\/jrfortin.com\/jrf\/11-attaques-lorsque-nage-est-dans-la-position-seiza\/","og_locale":"fr_FR","og_type":"article","og_title":"11- Attaques lorsque Nage est dans la position Seiza - Dojo du Nouveau Monde","og_description":"Lorsque l\u2019attaque est pressentie, Nage se redresse\u2026 continuez la lecture","og_url":"https:\/\/jrfortin.com\/jrf\/11-attaques-lorsque-nage-est-dans-la-position-seiza\/","og_site_name":"Dojo du Nouveau Monde","article_modified_time":"2023-07-13T12:28:50+00:00","og_image":[{"url":"http:\/\/jrfortin.com\/jrf\/wp-content\/uploads\/2013\/03\/deux.png","type":"","width":"","height":""}],"twitter_card":"summary_large_image","twitter_site":"@fortin_rock","twitter_misc":{"Dur\u00e9e de lecture estim\u00e9e":"3 minutes"},"schema":{"@context":"https:\/\/schema.org","@graph":[{"@type":"WebPage","@id":"https:\/\/jrfortin.com\/jrf\/11-attaques-lorsque-nage-est-dans-la-position-seiza\/","url":"https:\/\/jrfortin.com\/jrf\/11-attaques-lorsque-nage-est-dans-la-position-seiza\/","name":"11- Attaques lorsque Nage est dans la position Seiza - Dojo du Nouveau Monde","isPartOf":{"@id":"https:\/\/jrfortin.com\/jrf\/#website"},"primaryImageOfPage":{"@id":"https:\/\/jrfortin.com\/jrf\/11-attaques-lorsque-nage-est-dans-la-position-seiza\/#primaryimage"},"image":{"@id":"https:\/\/jrfortin.com\/jrf\/11-attaques-lorsque-nage-est-dans-la-position-seiza\/#primaryimage"},"thumbnailUrl":"http:\/\/jrfortin.com\/jrf\/wp-content\/uploads\/2013\/03\/deux.png","datePublished":"2020-04-14T14:21:24+00:00","dateModified":"2023-07-13T12:28:50+00:00","breadcrumb":{"@id":"https:\/\/jrfortin.com\/jrf\/11-attaques-lorsque-nage-est-dans-la-position-seiza\/#breadcrumb"},"inLanguage":"fr-FR","potentialAction":[{"@type":"ReadAction","target":["https:\/\/jrfortin.com\/jrf\/11-attaques-lorsque-nage-est-dans-la-position-seiza\/"]}]},{"@type":"ImageObject","inLanguage":"fr-FR","@id":"https:\/\/jrfortin.com\/jrf\/11-attaques-lorsque-nage-est-dans-la-position-seiza\/#primaryimage","url":"http:\/\/jrfortin.com\/jrf\/wp-content\/uploads\/2013\/03\/deux.png","contentUrl":"http:\/\/jrfortin.com\/jrf\/wp-content\/uploads\/2013\/03\/deux.png"},{"@type":"BreadcrumbList","@id":"https:\/\/jrfortin.com\/jrf\/11-attaques-lorsque-nage-est-dans-la-position-seiza\/#breadcrumb","itemListElement":[{"@type":"ListItem","position":1,"name":"Accueil","item":"https:\/\/jrfortin.com\/jrf\/"},{"@type":"ListItem","position":2,"name":"11- Attaques lorsque Nage est dans la position Seiza"}]},{"@type":"WebSite","@id":"https:\/\/jrfortin.com\/jrf\/#website","url":"https:\/\/jrfortin.com\/jrf\/","name":"Dojo du Nouveau Monde","description":"R\u00e9seau de Shihan Jean-Rock Fortin","publisher":{"@id":"https:\/\/jrfortin.com\/jrf\/#\/schema\/person\/420b013ae3febafe8d99a66adee55de9"},"potentialAction":[{"@type":"SearchAction","target":{"@type":"EntryPoint","urlTemplate":"https:\/\/jrfortin.com\/jrf\/?s={search_term_string}"},"query-input":{"@type":"PropertyValueSpecification","valueRequired":true,"valueName":"search_term_string"}}],"inLanguage":"fr-FR"},{"@type":["Person","Organization"],"@id":"https:\/\/jrfortin.com\/jrf\/#\/schema\/person\/420b013ae3febafe8d99a66adee55de9","name":"Shihan Jean-Rock Fortin, M.A.","image":{"@type":"ImageObject","inLanguage":"fr-FR","@id":"https:\/\/jrfortin.com\/jrf\/#\/schema\/person\/image\/","url":"https:\/\/i2.wp.com\/jrfortin.com\/jrf\/wp-content\/uploads\/2020\/07\/ki-le-chemin.jpg?fit=600%2C848&ssl=1","contentUrl":"https:\/\/i2.wp.com\/jrfortin.com\/jrf\/wp-content\/uploads\/2020\/07\/ki-le-chemin.jpg?fit=600%2C848&ssl=1","width":600,"height":848,"caption":"Shihan Jean-Rock Fortin, M.A."},"logo":{"@id":"https:\/\/jrfortin.com\/jrf\/#\/schema\/person\/image\/"},"description":"Globetrotteur par affaires et pour le plaisir, et Orientaliste, je suis instructeur d'arts martiaux (maitre-enseignant de Ki-A\u00efkido [Shihan] &amp; Dim-Mak), Fondateur du Dojo du Nouveau Monde (2010), \"S\u00e9ancier\" de Kiatsu, M\u00e9tatronicien, Radiesth\u00e9siste, Coutelier d'art, Conf\u00e9rencier et Auteur du livre \"Ki - Le Chemin de l'\u00c9veil\" (2018). Je suis \u00e9galement Consultant strat\u00e9gique en \u00e9volution et prosp\u00e9rit\u00e9 des personnes et des organisations.","sameAs":["http:\/\/www.jrfortin.com"]}]}},"jetpack_sharing_enabled":true,"_links":{"self":[{"href":"https:\/\/jrfortin.com\/jrf\/wp-json\/wp\/v2\/pages\/13261","targetHints":{"allow":["GET"]}}],"collection":[{"href":"https:\/\/jrfortin.com\/jrf\/wp-json\/wp\/v2\/pages"}],"about":[{"href":"https:\/\/jrfortin.com\/jrf\/wp-json\/wp\/v2\/types\/page"}],"author":[{"embeddable":true,"href":"https:\/\/jrfortin.com\/jrf\/wp-json\/wp\/v2\/users\/1"}],"replies":[{"embeddable":true,"href":"https:\/\/jrfortin.com\/jrf\/wp-json\/wp\/v2\/comments?post=13261"}],"version-history":[{"count":2,"href":"https:\/\/jrfortin.com\/jrf\/wp-json\/wp\/v2\/pages\/13261\/revisions"}],"predecessor-version":[{"id":19577,"href":"https:\/\/jrfortin.com\/jrf\/wp-json\/wp\/v2\/pages\/13261\/revisions\/19577"}],"wp:attachment":[{"href":"https:\/\/jrfortin.com\/jrf\/wp-json\/wp\/v2\/media?parent=13261"}],"curies":[{"name":"wp","href":"https:\/\/api.w.org\/{rel}","templated":true}]}}