{"id":13514,"date":"2017-07-06T20:07:30","date_gmt":"2017-07-07T00:07:30","guid":{"rendered":"https:\/\/jrfortin.com\/jrf\/videos-securisees-3\/"},"modified":"2023-07-07T14:58:47","modified_gmt":"2023-07-07T18:58:47","slug":"videos-securisees-3","status":"publish","type":"page","link":"https:\/\/jrfortin.com\/jrf\/videos-securisees-3\/","title":{"rendered":"Sensei Koichi Kashiwaya"},"content":{"rendered":"<h1 style=\"text-align: center;\"><strong>AVERTISSEMENT<\/strong><\/h1>\n<p style=\"text-align: center;\"><strong>Il est interdit de distribuer ou de partager les documents et vid\u00e9os pr\u00e9sent\u00e9s ici.<br \/>\nIls sont uniquement destin\u00e9s \u00e0 votre \u00e9tude personnelle.<\/strong><\/p>\n<hr \/>\n<h4 style=\"text-align: center;\">Vid\u00e9os de formation de\u00a0<span style=\"font-size: 1rem;\">Sensei Koichi <\/span><span style=\"font-size: 1rem;\">Kashiwaya :<\/span><\/h4>\n<!--[if lt IE 9]><script>document.createElement('video');<\/script><![endif]-->\n\t<div class=\"wp-playlist wp-video-playlist wp-playlist-light\">\n\t\t<video controls=\"controls\" preload=\"none\" width=\"808\"\n\t\t height=\"606\"\t><\/video>\n\t<div class=\"wp-playlist-next\"><\/div>\n\t<div class=\"wp-playlist-prev\"><\/div>\n\t<noscript>\n\t<ol>\n\t\t<li><a href='https:\/\/jrfortin.com\/jrf\/wp-content\/uploads\/2023\/07\/TAIGI-1-29.mov'>TAIGI 1-29<\/a><\/li><li><a href='https:\/\/jrfortin.com\/jrf\/wp-content\/uploads\/2023\/07\/Testing-HITORI-WAZA.mov'>Testing-HITORI WAZA<\/a><\/li><li><a href='https:\/\/jrfortin.com\/jrf\/wp-content\/uploads\/2023\/07\/Testing-KUMI-WAZA.mov'>Testing-KUMI WAZA<\/a><\/li><li><a href='https:\/\/jrfortin.com\/jrf\/wp-content\/uploads\/2023\/07\/YONKYU.mov'>YONKYU<\/a><\/li><li><a href='https:\/\/jrfortin.com\/jrf\/wp-content\/uploads\/2023\/07\/SANKYU.mov'>SANKYU<\/a><\/li><li><a href='https:\/\/jrfortin.com\/jrf\/wp-content\/uploads\/2023\/07\/NIKYU.mov'>NIKYU<\/a><\/li><li><a href='https:\/\/jrfortin.com\/jrf\/wp-content\/uploads\/2023\/07\/IKKYU.mov'>IKKYU<\/a><\/li><li><a href='https:\/\/jrfortin.com\/jrf\/wp-content\/uploads\/2023\/07\/IKKYU2.mov'>IKKYU2<\/a><\/li><li><a href='https:\/\/jrfortin.com\/jrf\/wp-content\/uploads\/2023\/07\/SHODAN.mov'>SHODAN<\/a><\/li><li><a href='https:\/\/jrfortin.com\/jrf\/wp-content\/uploads\/2023\/07\/SHODAN2.mov'>SHODAN2<\/a><\/li><li><a href='https:\/\/jrfortin.com\/jrf\/wp-content\/uploads\/2023\/07\/NIDAN.mov'>NIDAN<\/a><\/li><li><a href='https:\/\/jrfortin.com\/jrf\/wp-content\/uploads\/2023\/07\/NIDAN-SANDAN.mov'>NIDAN-SANDAN<\/a><\/li>\t<\/ol>\n\t<\/noscript>\n\t<script type=\"application\/json\" class=\"wp-playlist-script\">{\"type\":\"video\",\"tracklist\":true,\"tracknumbers\":true,\"images\":true,\"artists\":true,\"tracks\":[{\"src\":\"https:\\\/\\\/jrfortin.com\\\/jrf\\\/wp-content\\\/uploads\\\/2023\\\/07\\\/TAIGI-1-29.mov\",\"type\":\"video\\\/quicktime\",\"title\":\"TAIGI 1-29\",\"caption\":\"\",\"description\":\"\",\"meta\":{\"length_formatted\":\"45:00\"},\"dimensions\":{\"original\":{\"width\":640,\"height\":480},\"resized\":{\"width\":808,\"height\":606}},\"image\":{\"src\":\"https:\\\/\\\/jrfortin.com\\\/jrf\\\/wp-includes\\\/images\\\/media\\\/video.svg\",\"width\":48,\"height\":64},\"thumb\":{\"src\":\"https:\\\/\\\/jrfortin.com\\\/jrf\\\/wp-includes\\\/images\\\/media\\\/video.svg\",\"width\":48,\"height\":64}},{\"src\":\"https:\\\/\\\/jrfortin.com\\\/jrf\\\/wp-content\\\/uploads\\\/2023\\\/07\\\/Testing-HITORI-WAZA.mov\",\"type\":\"video\\\/quicktime\",\"title\":\"Testing-HITORI WAZA\",\"caption\":\"\",\"description\":\"\",\"meta\":{\"length_formatted\":\"5:41\"},\"dimensions\":{\"original\":{\"width\":640,\"height\":480},\"resized\":{\"width\":808,\"height\":606}},\"image\":{\"src\":\"https:\\\/\\\/jrfortin.com\\\/jrf\\\/wp-includes\\\/images\\\/media\\\/video.svg\",\"width\":48,\"height\":64},\"thumb\":{\"src\":\"https:\\\/\\\/jrfortin.com\\\/jrf\\\/wp-includes\\\/images\\\/media\\\/video.svg\",\"width\":48,\"height\":64}},{\"src\":\"https:\\\/\\\/jrfortin.com\\\/jrf\\\/wp-content\\\/uploads\\\/2023\\\/07\\\/Testing-KUMI-WAZA.mov\",\"type\":\"video\\\/quicktime\",\"title\":\"Testing-KUMI WAZA\",\"caption\":\"\",\"description\":\"\",\"meta\":{\"length_formatted\":\"1:43\"},\"dimensions\":{\"original\":{\"width\":640,\"height\":480},\"resized\":{\"width\":808,\"height\":606}},\"image\":{\"src\":\"https:\\\/\\\/jrfortin.com\\\/jrf\\\/wp-includes\\\/images\\\/media\\\/video.svg\",\"width\":48,\"height\":64},\"thumb\":{\"src\":\"https:\\\/\\\/jrfortin.com\\\/jrf\\\/wp-includes\\\/images\\\/media\\\/video.svg\",\"width\":48,\"height\":64}},{\"src\":\"https:\\\/\\\/jrfortin.com\\\/jrf\\\/wp-content\\\/uploads\\\/2023\\\/07\\\/YONKYU.mov\",\"type\":\"video\\\/quicktime\",\"title\":\"YONKYU\",\"caption\":\"\",\"description\":\"\",\"meta\":{\"length_formatted\":\"2:15\"},\"dimensions\":{\"original\":{\"width\":640,\"height\":480},\"resized\":{\"width\":808,\"height\":606}},\"image\":{\"src\":\"https:\\\/\\\/jrfortin.com\\\/jrf\\\/wp-includes\\\/images\\\/media\\\/video.svg\",\"width\":48,\"height\":64},\"thumb\":{\"src\":\"https:\\\/\\\/jrfortin.com\\\/jrf\\\/wp-includes\\\/images\\\/media\\\/video.svg\",\"width\":48,\"height\":64}},{\"src\":\"https:\\\/\\\/jrfortin.com\\\/jrf\\\/wp-content\\\/uploads\\\/2023\\\/07\\\/SANKYU.mov\",\"type\":\"video\\\/quicktime\",\"title\":\"SANKYU\",\"caption\":\"\",\"description\":\"\",\"meta\":{\"length_formatted\":\"3:10\"},\"dimensions\":{\"original\":{\"width\":640,\"height\":480},\"resized\":{\"width\":808,\"height\":606}},\"image\":{\"src\":\"https:\\\/\\\/jrfortin.com\\\/jrf\\\/wp-includes\\\/images\\\/media\\\/video.svg\",\"width\":48,\"height\":64},\"thumb\":{\"src\":\"https:\\\/\\\/jrfortin.com\\\/jrf\\\/wp-includes\\\/images\\\/media\\\/video.svg\",\"width\":48,\"height\":64}},{\"src\":\"https:\\\/\\\/jrfortin.com\\\/jrf\\\/wp-content\\\/uploads\\\/2023\\\/07\\\/NIKYU.mov\",\"type\":\"video\\\/quicktime\",\"title\":\"NIKYU\",\"caption\":\"\",\"description\":\"\",\"meta\":{\"length_formatted\":\"3:05\"},\"dimensions\":{\"original\":{\"width\":640,\"height\":480},\"resized\":{\"width\":808,\"height\":606}},\"image\":{\"src\":\"https:\\\/\\\/jrfortin.com\\\/jrf\\\/wp-includes\\\/images\\\/media\\\/video.svg\",\"width\":48,\"height\":64},\"thumb\":{\"src\":\"https:\\\/\\\/jrfortin.com\\\/jrf\\\/wp-includes\\\/images\\\/media\\\/video.svg\",\"width\":48,\"height\":64}},{\"src\":\"https:\\\/\\\/jrfortin.com\\\/jrf\\\/wp-content\\\/uploads\\\/2023\\\/07\\\/IKKYU.mov\",\"type\":\"video\\\/quicktime\",\"title\":\"IKKYU\",\"caption\":\"\",\"description\":\"\",\"meta\":{\"length_formatted\":\"16:14\"},\"dimensions\":{\"original\":{\"width\":640,\"height\":480},\"resized\":{\"width\":808,\"height\":606}},\"image\":{\"src\":\"https:\\\/\\\/jrfortin.com\\\/jrf\\\/wp-includes\\\/images\\\/media\\\/video.svg\",\"width\":48,\"height\":64},\"thumb\":{\"src\":\"https:\\\/\\\/jrfortin.com\\\/jrf\\\/wp-includes\\\/images\\\/media\\\/video.svg\",\"width\":48,\"height\":64}},{\"src\":\"https:\\\/\\\/jrfortin.com\\\/jrf\\\/wp-content\\\/uploads\\\/2023\\\/07\\\/IKKYU2.mov\",\"type\":\"video\\\/quicktime\",\"title\":\"IKKYU2\",\"caption\":\"\",\"description\":\"\",\"meta\":{\"length_formatted\":\"4:38\"},\"dimensions\":{\"original\":{\"width\":640,\"height\":480},\"resized\":{\"width\":808,\"height\":606}},\"image\":{\"src\":\"https:\\\/\\\/jrfortin.com\\\/jrf\\\/wp-includes\\\/images\\\/media\\\/video.svg\",\"width\":48,\"height\":64},\"thumb\":{\"src\":\"https:\\\/\\\/jrfortin.com\\\/jrf\\\/wp-includes\\\/images\\\/media\\\/video.svg\",\"width\":48,\"height\":64}},{\"src\":\"https:\\\/\\\/jrfortin.com\\\/jrf\\\/wp-content\\\/uploads\\\/2023\\\/07\\\/SHODAN.mov\",\"type\":\"video\\\/quicktime\",\"title\":\"SHODAN\",\"caption\":\"\",\"description\":\"\",\"meta\":{\"length_formatted\":\"15:24\"},\"dimensions\":{\"original\":{\"width\":640,\"height\":480},\"resized\":{\"width\":808,\"height\":606}},\"image\":{\"src\":\"https:\\\/\\\/jrfortin.com\\\/jrf\\\/wp-includes\\\/images\\\/media\\\/video.svg\",\"width\":48,\"height\":64},\"thumb\":{\"src\":\"https:\\\/\\\/jrfortin.com\\\/jrf\\\/wp-includes\\\/images\\\/media\\\/video.svg\",\"width\":48,\"height\":64}},{\"src\":\"https:\\\/\\\/jrfortin.com\\\/jrf\\\/wp-content\\\/uploads\\\/2023\\\/07\\\/SHODAN2.mov\",\"type\":\"video\\\/quicktime\",\"title\":\"SHODAN2\",\"caption\":\"\",\"description\":\"\",\"meta\":{\"length_formatted\":\"5:10\"},\"dimensions\":{\"original\":{\"width\":640,\"height\":480},\"resized\":{\"width\":808,\"height\":606}},\"image\":{\"src\":\"https:\\\/\\\/jrfortin.com\\\/jrf\\\/wp-includes\\\/images\\\/media\\\/video.svg\",\"width\":48,\"height\":64},\"thumb\":{\"src\":\"https:\\\/\\\/jrfortin.com\\\/jrf\\\/wp-includes\\\/images\\\/media\\\/video.svg\",\"width\":48,\"height\":64}},{\"src\":\"https:\\\/\\\/jrfortin.com\\\/jrf\\\/wp-content\\\/uploads\\\/2023\\\/07\\\/NIDAN.mov\",\"type\":\"video\\\/quicktime\",\"title\":\"NIDAN\",\"caption\":\"\",\"description\":\"\",\"meta\":{\"length_formatted\":\"8:12\"},\"dimensions\":{\"original\":{\"width\":640,\"height\":480},\"resized\":{\"width\":808,\"height\":606}},\"image\":{\"src\":\"https:\\\/\\\/jrfortin.com\\\/jrf\\\/wp-includes\\\/images\\\/media\\\/video.svg\",\"width\":48,\"height\":64},\"thumb\":{\"src\":\"https:\\\/\\\/jrfortin.com\\\/jrf\\\/wp-includes\\\/images\\\/media\\\/video.svg\",\"width\":48,\"height\":64}},{\"src\":\"https:\\\/\\\/jrfortin.com\\\/jrf\\\/wp-content\\\/uploads\\\/2023\\\/07\\\/NIDAN-SANDAN.mov\",\"type\":\"video\\\/quicktime\",\"title\":\"NIDAN-SANDAN\",\"caption\":\"\",\"description\":\"\",\"meta\":{\"length_formatted\":\"5:46\"},\"dimensions\":{\"original\":{\"width\":640,\"height\":480},\"resized\":{\"width\":808,\"height\":606}},\"image\":{\"src\":\"https:\\\/\\\/jrfortin.com\\\/jrf\\\/wp-includes\\\/images\\\/media\\\/video.svg\",\"width\":48,\"height\":64},\"thumb\":{\"src\":\"https:\\\/\\\/jrfortin.com\\\/jrf\\\/wp-includes\\\/images\\\/media\\\/video.svg\",\"width\":48,\"height\":64}}]}<\/script>\n<\/div>\n\t\n","protected":false},"excerpt":{"rendered":"<p>AVERTISSEMENT Il est interdit de distribuer ou de \u2026<\/p>\n<p> <a class=\"continue-reading-link\" href=\"https:\/\/jrfortin.com\/jrf\/videos-securisees-3\/\"><span>continuez la lecture<\/span><i class=\"crycon-right-dir\"><\/i><\/a> <\/p>\n","protected":false},"author":1,"featured_media":0,"parent":0,"menu_order":0,"comment_status":"open","ping_status":"closed","template":"templates\/template-twocolumns-right.php","meta":{"footnotes":""},"class_list":["post-13514","page","type-page","status-publish","hentry"],"yoast_head":"<!-- This site is optimized with the Yoast SEO plugin v26.7 - https:\/\/yoast.com\/wordpress\/plugins\/seo\/ -->\n<title>Sensei Koichi Kashiwaya - Dojo du Nouveau Monde<\/title>\n<meta name=\"robots\" content=\"index, follow, max-snippet:-1, max-image-preview:large, max-video-preview:-1\" \/>\n<link rel=\"canonical\" href=\"https:\/\/jrfortin.com\/jrf\/videos-securisees-3\/\" \/>\n<meta property=\"og:locale\" content=\"fr_FR\" \/>\n<meta property=\"og:type\" content=\"article\" \/>\n<meta property=\"og:title\" content=\"Sensei Koichi Kashiwaya - Dojo du Nouveau Monde\" \/>\n<meta property=\"og:description\" content=\"AVERTISSEMENT Il est interdit de distribuer ou de \u2026 continuez la lecture\" \/>\n<meta property=\"og:url\" content=\"https:\/\/jrfortin.com\/jrf\/videos-securisees-3\/\" \/>\n<meta property=\"og:site_name\" content=\"Dojo du Nouveau Monde\" \/>\n<meta property=\"article:modified_time\" content=\"2023-07-07T18:58:47+00:00\" \/>\n<meta name=\"twitter:card\" content=\"summary_large_image\" \/>\n<meta name=\"twitter:site\" content=\"@fortin_rock\" \/>\n<script type=\"application\/ld+json\" class=\"yoast-schema-graph\">{\"@context\":\"https:\/\/schema.org\",\"@graph\":[{\"@type\":\"WebPage\",\"@id\":\"https:\/\/jrfortin.com\/jrf\/videos-securisees-3\/\",\"url\":\"https:\/\/jrfortin.com\/jrf\/videos-securisees-3\/\",\"name\":\"Sensei Koichi Kashiwaya - Dojo du Nouveau Monde\",\"isPartOf\":{\"@id\":\"https:\/\/jrfortin.com\/jrf\/#website\"},\"datePublished\":\"2017-07-07T00:07:30+00:00\",\"dateModified\":\"2023-07-07T18:58:47+00:00\",\"breadcrumb\":{\"@id\":\"https:\/\/jrfortin.com\/jrf\/videos-securisees-3\/#breadcrumb\"},\"inLanguage\":\"fr-FR\",\"potentialAction\":[{\"@type\":\"ReadAction\",\"target\":[\"https:\/\/jrfortin.com\/jrf\/videos-securisees-3\/\"]}]},{\"@type\":\"BreadcrumbList\",\"@id\":\"https:\/\/jrfortin.com\/jrf\/videos-securisees-3\/#breadcrumb\",\"itemListElement\":[{\"@type\":\"ListItem\",\"position\":1,\"name\":\"Accueil\",\"item\":\"https:\/\/jrfortin.com\/jrf\/\"},{\"@type\":\"ListItem\",\"position\":2,\"name\":\"Sensei Koichi Kashiwaya\"}]},{\"@type\":\"WebSite\",\"@id\":\"https:\/\/jrfortin.com\/jrf\/#website\",\"url\":\"https:\/\/jrfortin.com\/jrf\/\",\"name\":\"Dojo du Nouveau Monde\",\"description\":\"R\u00e9seau de Shihan Jean-Rock Fortin\",\"publisher\":{\"@id\":\"https:\/\/jrfortin.com\/jrf\/#\/schema\/person\/420b013ae3febafe8d99a66adee55de9\"},\"potentialAction\":[{\"@type\":\"SearchAction\",\"target\":{\"@type\":\"EntryPoint\",\"urlTemplate\":\"https:\/\/jrfortin.com\/jrf\/?s={search_term_string}\"},\"query-input\":{\"@type\":\"PropertyValueSpecification\",\"valueRequired\":true,\"valueName\":\"search_term_string\"}}],\"inLanguage\":\"fr-FR\"},{\"@type\":[\"Person\",\"Organization\"],\"@id\":\"https:\/\/jrfortin.com\/jrf\/#\/schema\/person\/420b013ae3febafe8d99a66adee55de9\",\"name\":\"Shihan Jean-Rock Fortin, M.A.\",\"image\":{\"@type\":\"ImageObject\",\"inLanguage\":\"fr-FR\",\"@id\":\"https:\/\/jrfortin.com\/jrf\/#\/schema\/person\/image\/\",\"url\":\"https:\/\/i2.wp.com\/jrfortin.com\/jrf\/wp-content\/uploads\/2020\/07\/ki-le-chemin.jpg?fit=600%2C848&ssl=1\",\"contentUrl\":\"https:\/\/i2.wp.com\/jrfortin.com\/jrf\/wp-content\/uploads\/2020\/07\/ki-le-chemin.jpg?fit=600%2C848&ssl=1\",\"width\":600,\"height\":848,\"caption\":\"Shihan Jean-Rock Fortin, M.A.\"},\"logo\":{\"@id\":\"https:\/\/jrfortin.com\/jrf\/#\/schema\/person\/image\/\"},\"description\":\"Globetrotteur par affaires et pour le plaisir, et Orientaliste, je suis instructeur d'arts martiaux (maitre-enseignant de Ki-A\u00efkido [Shihan] &amp; Dim-Mak), Fondateur du Dojo du Nouveau Monde (2010), \\\"S\u00e9ancier\\\" de Kiatsu, M\u00e9tatronicien, Radiesth\u00e9siste, Coutelier d'art, Conf\u00e9rencier et Auteur du livre \\\"Ki - Le Chemin de l'\u00c9veil\\\" (2018). Je suis \u00e9galement Consultant strat\u00e9gique en \u00e9volution et prosp\u00e9rit\u00e9 des personnes et des organisations.\",\"sameAs\":[\"http:\/\/www.jrfortin.com\"]}]}<\/script>\n<!-- \/ Yoast SEO plugin. -->","yoast_head_json":{"title":"Sensei Koichi Kashiwaya - Dojo du Nouveau Monde","robots":{"index":"index","follow":"follow","max-snippet":"max-snippet:-1","max-image-preview":"max-image-preview:large","max-video-preview":"max-video-preview:-1"},"canonical":"https:\/\/jrfortin.com\/jrf\/videos-securisees-3\/","og_locale":"fr_FR","og_type":"article","og_title":"Sensei Koichi Kashiwaya - Dojo du Nouveau Monde","og_description":"AVERTISSEMENT Il est interdit de distribuer ou de \u2026 continuez la lecture","og_url":"https:\/\/jrfortin.com\/jrf\/videos-securisees-3\/","og_site_name":"Dojo du Nouveau Monde","article_modified_time":"2023-07-07T18:58:47+00:00","twitter_card":"summary_large_image","twitter_site":"@fortin_rock","schema":{"@context":"https:\/\/schema.org","@graph":[{"@type":"WebPage","@id":"https:\/\/jrfortin.com\/jrf\/videos-securisees-3\/","url":"https:\/\/jrfortin.com\/jrf\/videos-securisees-3\/","name":"Sensei Koichi Kashiwaya - Dojo du Nouveau Monde","isPartOf":{"@id":"https:\/\/jrfortin.com\/jrf\/#website"},"datePublished":"2017-07-07T00:07:30+00:00","dateModified":"2023-07-07T18:58:47+00:00","breadcrumb":{"@id":"https:\/\/jrfortin.com\/jrf\/videos-securisees-3\/#breadcrumb"},"inLanguage":"fr-FR","potentialAction":[{"@type":"ReadAction","target":["https:\/\/jrfortin.com\/jrf\/videos-securisees-3\/"]}]},{"@type":"BreadcrumbList","@id":"https:\/\/jrfortin.com\/jrf\/videos-securisees-3\/#breadcrumb","itemListElement":[{"@type":"ListItem","position":1,"name":"Accueil","item":"https:\/\/jrfortin.com\/jrf\/"},{"@type":"ListItem","position":2,"name":"Sensei Koichi Kashiwaya"}]},{"@type":"WebSite","@id":"https:\/\/jrfortin.com\/jrf\/#website","url":"https:\/\/jrfortin.com\/jrf\/","name":"Dojo du Nouveau Monde","description":"R\u00e9seau de Shihan Jean-Rock Fortin","publisher":{"@id":"https:\/\/jrfortin.com\/jrf\/#\/schema\/person\/420b013ae3febafe8d99a66adee55de9"},"potentialAction":[{"@type":"SearchAction","target":{"@type":"EntryPoint","urlTemplate":"https:\/\/jrfortin.com\/jrf\/?s={search_term_string}"},"query-input":{"@type":"PropertyValueSpecification","valueRequired":true,"valueName":"search_term_string"}}],"inLanguage":"fr-FR"},{"@type":["Person","Organization"],"@id":"https:\/\/jrfortin.com\/jrf\/#\/schema\/person\/420b013ae3febafe8d99a66adee55de9","name":"Shihan Jean-Rock Fortin, M.A.","image":{"@type":"ImageObject","inLanguage":"fr-FR","@id":"https:\/\/jrfortin.com\/jrf\/#\/schema\/person\/image\/","url":"https:\/\/i2.wp.com\/jrfortin.com\/jrf\/wp-content\/uploads\/2020\/07\/ki-le-chemin.jpg?fit=600%2C848&ssl=1","contentUrl":"https:\/\/i2.wp.com\/jrfortin.com\/jrf\/wp-content\/uploads\/2020\/07\/ki-le-chemin.jpg?fit=600%2C848&ssl=1","width":600,"height":848,"caption":"Shihan Jean-Rock Fortin, M.A."},"logo":{"@id":"https:\/\/jrfortin.com\/jrf\/#\/schema\/person\/image\/"},"description":"Globetrotteur par affaires et pour le plaisir, et Orientaliste, je suis instructeur d'arts martiaux (maitre-enseignant de Ki-A\u00efkido [Shihan] &amp; Dim-Mak), Fondateur du Dojo du Nouveau Monde (2010), \"S\u00e9ancier\" de Kiatsu, M\u00e9tatronicien, Radiesth\u00e9siste, Coutelier d'art, Conf\u00e9rencier et Auteur du livre \"Ki - Le Chemin de l'\u00c9veil\" (2018). Je suis \u00e9galement Consultant strat\u00e9gique en \u00e9volution et prosp\u00e9rit\u00e9 des personnes et des organisations.","sameAs":["http:\/\/www.jrfortin.com"]}]}},"jetpack_sharing_enabled":true,"_links":{"self":[{"href":"https:\/\/jrfortin.com\/jrf\/wp-json\/wp\/v2\/pages\/13514","targetHints":{"allow":["GET"]}}],"collection":[{"href":"https:\/\/jrfortin.com\/jrf\/wp-json\/wp\/v2\/pages"}],"about":[{"href":"https:\/\/jrfortin.com\/jrf\/wp-json\/wp\/v2\/types\/page"}],"author":[{"embeddable":true,"href":"https:\/\/jrfortin.com\/jrf\/wp-json\/wp\/v2\/users\/1"}],"replies":[{"embeddable":true,"href":"https:\/\/jrfortin.com\/jrf\/wp-json\/wp\/v2\/comments?post=13514"}],"version-history":[{"count":2,"href":"https:\/\/jrfortin.com\/jrf\/wp-json\/wp\/v2\/pages\/13514\/revisions"}],"predecessor-version":[{"id":19236,"href":"https:\/\/jrfortin.com\/jrf\/wp-json\/wp\/v2\/pages\/13514\/revisions\/19236"}],"wp:attachment":[{"href":"https:\/\/jrfortin.com\/jrf\/wp-json\/wp\/v2\/media?parent=13514"}],"curies":[{"name":"wp","href":"https:\/\/api.w.org\/{rel}","templated":true}]}}