{"id":7065,"date":"2013-03-17T13:31:43","date_gmt":"2013-03-17T17:31:43","guid":{"rendered":"http:\/\/jrfortin.com\/jrf\/?page_id=2"},"modified":"2024-06-08T22:23:22","modified_gmt":"2024-06-09T02:23:22","slug":"aiki","status":"publish","type":"page","link":"https:\/\/jrfortin.com\/jrf\/aiki\/","title":{"rendered":"DOJO DU NOUVEAU MONDE"},"content":{"rendered":"<h3><span style=\"color: #000000;\"><strong><em>Youkoso !<\/em><br \/>\n<\/strong><\/span><\/h3>\n<hr \/>\n<p style=\"text-align: center;\"><em>Un r\u00e9seau de Shihan Jean-Rock Fortin &#8230;<\/em><\/p>\n<p class=\"aligncenter\" style=\"text-align: center;\"><a href=\"https:\/\/jrfortin.com\/jrf\/blog\/le-passage-de-grades-au-dojo-de-la-paix-ki-aikido-kai-quebe\/shinsekai-2\/\" rel=\"attachment wp-att-19584\"><img data-recalc-dims=\"1\" loading=\"lazy\" decoding=\"async\" data-attachment-id=\"19584\" data-permalink=\"https:\/\/jrfortin.com\/jrf\/blog\/le-passage-de-grades-au-dojo-de-la-paix-ki-aikido-kai-quebe\/shinsekai-2\/\" data-orig-file=\"https:\/\/i0.wp.com\/jrfortin.com\/jrf\/wp-content\/uploads\/2022\/12\/SHINSEKAI.png?fit=2179%2C2179&amp;ssl=1\" data-orig-size=\"2179,2179\" data-comments-opened=\"1\" data-image-meta=\"{&quot;aperture&quot;:&quot;0&quot;,&quot;credit&quot;:&quot;&quot;,&quot;camera&quot;:&quot;&quot;,&quot;caption&quot;:&quot;&quot;,&quot;created_timestamp&quot;:&quot;0&quot;,&quot;copyright&quot;:&quot;&quot;,&quot;focal_length&quot;:&quot;0&quot;,&quot;iso&quot;:&quot;0&quot;,&quot;shutter_speed&quot;:&quot;0&quot;,&quot;title&quot;:&quot;&quot;,&quot;orientation&quot;:&quot;0&quot;}\" data-image-title=\"SHINSEKAI\" data-image-description=\"\" data-image-caption=\"\" data-medium-file=\"https:\/\/i0.wp.com\/jrfortin.com\/jrf\/wp-content\/uploads\/2022\/12\/SHINSEKAI.png?fit=300%2C300&amp;ssl=1\" data-large-file=\"https:\/\/i0.wp.com\/jrfortin.com\/jrf\/wp-content\/uploads\/2022\/12\/SHINSEKAI.png?fit=830%2C830&amp;ssl=1\" class=\"alignnone size-medium wp-image-19584\" src=\"https:\/\/i0.wp.com\/jrfortin.com\/jrf\/wp-content\/uploads\/2022\/12\/SHINSEKAI.png?resize=300%2C300&#038;ssl=1\" alt=\"\" width=\"300\" height=\"300\" srcset=\"https:\/\/i0.wp.com\/jrfortin.com\/jrf\/wp-content\/uploads\/2022\/12\/SHINSEKAI.png?resize=300%2C300&amp;ssl=1 300w, https:\/\/i0.wp.com\/jrfortin.com\/jrf\/wp-content\/uploads\/2022\/12\/SHINSEKAI.png?resize=1024%2C1024&amp;ssl=1 1024w, https:\/\/i0.wp.com\/jrfortin.com\/jrf\/wp-content\/uploads\/2022\/12\/SHINSEKAI.png?resize=120%2C120&amp;ssl=1 120w, https:\/\/i0.wp.com\/jrfortin.com\/jrf\/wp-content\/uploads\/2022\/12\/SHINSEKAI.png?resize=768%2C768&amp;ssl=1 768w, https:\/\/i0.wp.com\/jrfortin.com\/jrf\/wp-content\/uploads\/2022\/12\/SHINSEKAI.png?resize=1536%2C1536&amp;ssl=1 1536w, https:\/\/i0.wp.com\/jrfortin.com\/jrf\/wp-content\/uploads\/2022\/12\/SHINSEKAI.png?resize=2048%2C2048&amp;ssl=1 2048w, https:\/\/i0.wp.com\/jrfortin.com\/jrf\/wp-content\/uploads\/2022\/12\/SHINSEKAI.png?resize=150%2C150&amp;ssl=1 150w, https:\/\/i0.wp.com\/jrfortin.com\/jrf\/wp-content\/uploads\/2022\/12\/SHINSEKAI.png?resize=1320%2C1320&amp;ssl=1 1320w, https:\/\/i0.wp.com\/jrfortin.com\/jrf\/wp-content\/uploads\/2022\/12\/SHINSEKAI.png?resize=24%2C24&amp;ssl=1 24w, https:\/\/i0.wp.com\/jrfortin.com\/jrf\/wp-content\/uploads\/2022\/12\/SHINSEKAI.png?resize=36%2C36&amp;ssl=1 36w, https:\/\/i0.wp.com\/jrfortin.com\/jrf\/wp-content\/uploads\/2022\/12\/SHINSEKAI.png?resize=48%2C48&amp;ssl=1 48w, https:\/\/i0.wp.com\/jrfortin.com\/jrf\/wp-content\/uploads\/2022\/12\/SHINSEKAI.png?w=1660&amp;ssl=1 1660w\" sizes=\"auto, (max-width: 300px) 100vw, 300px\" \/><\/a><\/p>\n<p class=\"aligncenter\" style=\"text-align: center;\"><span style=\"color: #000000;\">\u00ab <em>Le Dojo du Nouveau Monde est un regroupement ind\u00e9pendant de personnes, sans but lucratif, un Dojo de Paix d\u00e9di\u00e9 \u00e0 l&rsquo;\u00e9tude du KI, de l&rsquo;A\u00cfKIDO et \u00e0 la diffusion des principes<br \/>\nuniversels de coordination corps-esprit<\/em> \u00bb<\/span><\/p>\n<hr \/>\n<p style=\"text-align: justify;\">Nous pratiquons respectueusement une version non-traditionnelle et tr\u00e8s pacifique de l\u2019A\u00efkido. Notre \u00e9tude vise l\u2019<strong>\u00e9veil spirituel<\/strong> par la maitrise de la <strong>coordination corps \u2013 esprit<\/strong> et l\u2019expression du potentiel de <strong>Ki<\/strong> (l\u2019\u00e9nergie vitale et universelle) dans la vie de tous les jours.<\/p>\n<p style=\"text-align: justify;\">\u00c0 l\u2019instar du <strong>Ki-A\u00efkido<\/strong> de maitre <strong><a href=\"https:\/\/jrfortin.com\/jrf\/koichi-tohei\/\">Koichi Tohei<\/a><\/strong>, notre pratique int\u00e8gre une forme de Yoga japonais de maitre <strong>Tempu Nakamura<\/strong>, le <strong>Shin-Shin-Toitsu-Do<\/strong>.<\/p>\n<p style=\"text-align: justify;\">Par la pratique des arts martiaux, les adeptes apprennent \u00e0 aborder positivement des situations martiales complexes et \u00e0 appliquer les principes de <strong>non-r\u00e9sistance<\/strong> et de <strong>non-violence<\/strong>, ceci afin de r\u00e9tablir l\u2019<strong>harmonie<\/strong> pacifiquement. Cette paix int\u00e9rieure retrouv\u00e9e constitue un enrichissement sans pareil qui sera alors transf\u00e9r\u00e9e dans tous les aspects de la vie des pratiquants.<\/p>\n<p style=\"text-align: justify;\">Le livre \u201c<a href=\"https:\/\/jrfortin.com\/jrf\/ouvrages-litteraires-de-jean-rock-fortin-sur-le-ki-laikido-et-la-coordination-corps-esprit\/\" target=\"_blank\" rel=\"noopener noreferrer\"><strong>Ki \u2013 LE CHEMIN DE L\u2019\u00c9VEIL<\/strong><\/a>\u201d, \u00e9crit par <em>Shihan<\/em> Jean-Rock Fortin, le maitre-enseignant de notre Dojo, s\u2019av\u00e8re l\u2019ouvrage de r\u00e9f\u00e9rence de notre pratique (publi\u00e9 en 2018 par les \u00e9ditions \u201cLe Dauphin Blanc\u201d). Les activit\u00e9s de notre Dojo ont pour objectif le d\u00e9veloppement personnel des pratiquants\u2026<\/p>\n<p style=\"text-align: justify;\">L\u2019aspect martial li\u00e9 \u00e0 l\u2019autod\u00e9fense s\u2019av\u00e8re un produit d\u00e9riv\u00e9 de notre \u00e9tude! En effet, en maitrisant les arts martiaux et la coordination corps-esprit, les pratiquants apprennent \u00e0 bien communiquer et \u00e0 r\u00e9soudre les conflits pacifiquement.<\/p>\n<hr \/>\n<p style=\"text-align: center;\"><img data-recalc-dims=\"1\" loading=\"lazy\" decoding=\"async\" data-attachment-id=\"14138\" data-permalink=\"https:\/\/jrfortin.com\/jrf\/ouvrages-litteraires-de-jean-rock-fortin-sur-le-ki-laikido-et-la-coordination-corps-esprit\/ki-le-chemin\/\" data-orig-file=\"https:\/\/i0.wp.com\/jrfortin.com\/jrf\/wp-content\/uploads\/2020\/07\/ki-le-chemin.jpg?fit=600%2C848&amp;ssl=1\" data-orig-size=\"600,848\" data-comments-opened=\"1\" data-image-meta=\"{&quot;aperture&quot;:&quot;0&quot;,&quot;credit&quot;:&quot;&quot;,&quot;camera&quot;:&quot;&quot;,&quot;caption&quot;:&quot;&quot;,&quot;created_timestamp&quot;:&quot;0&quot;,&quot;copyright&quot;:&quot;&quot;,&quot;focal_length&quot;:&quot;0&quot;,&quot;iso&quot;:&quot;0&quot;,&quot;shutter_speed&quot;:&quot;0&quot;,&quot;title&quot;:&quot;&quot;,&quot;orientation&quot;:&quot;0&quot;}\" data-image-title=\"ki-le-chemin\" data-image-description=\"\" data-image-caption=\"&lt;p&gt;Livre : Ki, le Chemin de l&amp;rsquo;\u00c9veil (2018)&lt;\/p&gt;\n\" data-medium-file=\"https:\/\/i0.wp.com\/jrfortin.com\/jrf\/wp-content\/uploads\/2020\/07\/ki-le-chemin.jpg?fit=212%2C300&amp;ssl=1\" data-large-file=\"https:\/\/i0.wp.com\/jrfortin.com\/jrf\/wp-content\/uploads\/2020\/07\/ki-le-chemin.jpg?fit=600%2C848&amp;ssl=1\" class=\"aligncenter wp-image-14138\" src=\"https:\/\/i0.wp.com\/jrfortin.com\/jrf\/wp-content\/uploads\/2020\/07\/ki-le-chemin.jpg?resize=250%2C353\" alt=\"\" width=\"250\" height=\"353\" srcset=\"https:\/\/i0.wp.com\/jrfortin.com\/jrf\/wp-content\/uploads\/2020\/07\/ki-le-chemin.jpg?w=600&amp;ssl=1 600w, https:\/\/i0.wp.com\/jrfortin.com\/jrf\/wp-content\/uploads\/2020\/07\/ki-le-chemin.jpg?resize=212%2C300&amp;ssl=1 212w, https:\/\/i0.wp.com\/jrfortin.com\/jrf\/wp-content\/uploads\/2020\/07\/ki-le-chemin.jpg?resize=106%2C150&amp;ssl=1 106w\" sizes=\"auto, (max-width: 250px) 100vw, 250px\" \/><\/p>\n<hr \/>\n<p style=\"text-align: justify;\"><span style=\"color: #000000;\">Venez exp\u00e9rimenter le Ki, la force int\u00e9rieure et universelle qui vous habite, et d\u00e9couvrez ses potentialit\u00e9s. R\u00e9alisez par vous-m\u00eame un bras inflexible, un corps insoulevable et de nombreux autres prodiges bas\u00e9s sur les effets de la relaxation et de la concentration. <\/span><\/p>\n<p style=\"text-align: justify;\"><span style=\"color: #000000;\">Ces exp\u00e9riences changeront \u00e0 jamais votre vision du monde ! Voyez aussi comment appliquer ce magnifique potentiel dans la vie de tous les jours et comprenez la vraie nature des arts martiaux, celle de la paix int\u00e9rieure et de l&rsquo;harmonie en tout.<\/span><\/p>\n<hr \/>\n<h2 style=\"text-align: center;\"><em><strong><a href=\"https:\/\/jrfortin.com\/jrf\/dojo-de-quebec-2\/\">Pour vous inscrire, cliquez ce lien&#8230;<\/a> <\/strong><\/em><\/h2>\n<hr \/>\n<h4 style=\"text-align: center;\"><span style=\"color: #000000;\"><strong>\u00ab\u00a0DOJO\u00a0\u00bb signifie : <\/strong><\/span><span style=\"color: #000000;\"><strong>Lieu d\u2019\u00e9veil<\/strong>. <\/span><\/h4>\n<p style=\"text-align: center;\"><span style=\"color: #000000;\"><em>\u00ab\u00a0Ce que nous apprenons en ce lieu est l\u2019essence m\u00eame de la vie. Puisse chacun d\u2019entre nous emporter le Dojo dans son c\u0153ur afin que le monde lui-m\u00eame ne soit plus qu\u2019un vaste\u00a0Dojo.<\/em><\/span><\/p>\n<p style=\"text-align: right;\">Shihan Jean-Rock Fortin<\/p>\n<hr \/>\n","protected":false},"excerpt":{"rendered":"<p>Youkoso ! Un r\u00e9seau de Shihan Jean-Rock Fortin &#038;#8\u2026<\/p>\n<p> <a class=\"continue-reading-link\" href=\"https:\/\/jrfortin.com\/jrf\/aiki\/\"><span>continuez la lecture<\/span><i class=\"crycon-right-dir\"><\/i><\/a> <\/p>\n","protected":false},"author":1,"featured_media":0,"parent":0,"menu_order":15,"comment_status":"open","ping_status":"closed","template":"templates\/template-twocolumns-right.php","meta":{"footnotes":""},"class_list":["post-7065","page","type-page","status-publish","hentry"],"yoast_head":"<!-- This site is optimized with the Yoast SEO plugin v26.7 - https:\/\/yoast.com\/wordpress\/plugins\/seo\/ -->\n<title>DOJO DU NOUVEAU MONDE - Dojo du Nouveau Monde<\/title>\n<meta name=\"robots\" content=\"index, follow, max-snippet:-1, max-image-preview:large, max-video-preview:-1\" \/>\n<link rel=\"canonical\" href=\"https:\/\/jrfortin.com\/jrf\/aiki\/\" \/>\n<meta property=\"og:locale\" content=\"fr_FR\" \/>\n<meta property=\"og:type\" content=\"article\" \/>\n<meta property=\"og:title\" content=\"DOJO DU NOUVEAU MONDE - Dojo du Nouveau Monde\" \/>\n<meta property=\"og:description\" content=\"Youkoso ! Un r\u00e9seau de Shihan Jean-Rock Fortin &amp;#8\u2026 continuez la lecture\" \/>\n<meta property=\"og:url\" content=\"https:\/\/jrfortin.com\/jrf\/aiki\/\" \/>\n<meta property=\"og:site_name\" content=\"Dojo du Nouveau Monde\" \/>\n<meta property=\"article:modified_time\" content=\"2024-06-09T02:23:22+00:00\" \/>\n<meta property=\"og:image\" content=\"https:\/\/jrfortin.com\/jrf\/wp-content\/uploads\/2022\/12\/SHINSEKAI-300x300.png\" \/>\n<meta name=\"twitter:card\" content=\"summary_large_image\" \/>\n<meta name=\"twitter:site\" content=\"@fortin_rock\" \/>\n<meta name=\"twitter:label1\" content=\"Dur\u00e9e de lecture estim\u00e9e\" \/>\n\t<meta name=\"twitter:data1\" content=\"3 minutes\" \/>\n<script type=\"application\/ld+json\" class=\"yoast-schema-graph\">{\"@context\":\"https:\/\/schema.org\",\"@graph\":[{\"@type\":\"WebPage\",\"@id\":\"https:\/\/jrfortin.com\/jrf\/aiki\/\",\"url\":\"https:\/\/jrfortin.com\/jrf\/aiki\/\",\"name\":\"DOJO DU NOUVEAU MONDE - Dojo du Nouveau Monde\",\"isPartOf\":{\"@id\":\"https:\/\/jrfortin.com\/jrf\/#website\"},\"primaryImageOfPage\":{\"@id\":\"https:\/\/jrfortin.com\/jrf\/aiki\/#primaryimage\"},\"image\":{\"@id\":\"https:\/\/jrfortin.com\/jrf\/aiki\/#primaryimage\"},\"thumbnailUrl\":\"https:\/\/jrfortin.com\/jrf\/wp-content\/uploads\/2022\/12\/SHINSEKAI-300x300.png\",\"datePublished\":\"2013-03-17T17:31:43+00:00\",\"dateModified\":\"2024-06-09T02:23:22+00:00\",\"breadcrumb\":{\"@id\":\"https:\/\/jrfortin.com\/jrf\/aiki\/#breadcrumb\"},\"inLanguage\":\"fr-FR\",\"potentialAction\":[{\"@type\":\"ReadAction\",\"target\":[\"https:\/\/jrfortin.com\/jrf\/aiki\/\"]}]},{\"@type\":\"ImageObject\",\"inLanguage\":\"fr-FR\",\"@id\":\"https:\/\/jrfortin.com\/jrf\/aiki\/#primaryimage\",\"url\":\"https:\/\/i0.wp.com\/jrfortin.com\/jrf\/wp-content\/uploads\/2022\/12\/SHINSEKAI.png?fit=2179%2C2179&ssl=1\",\"contentUrl\":\"https:\/\/i0.wp.com\/jrfortin.com\/jrf\/wp-content\/uploads\/2022\/12\/SHINSEKAI.png?fit=2179%2C2179&ssl=1\",\"width\":2179,\"height\":2179},{\"@type\":\"BreadcrumbList\",\"@id\":\"https:\/\/jrfortin.com\/jrf\/aiki\/#breadcrumb\",\"itemListElement\":[{\"@type\":\"ListItem\",\"position\":1,\"name\":\"Accueil\",\"item\":\"https:\/\/jrfortin.com\/jrf\/\"},{\"@type\":\"ListItem\",\"position\":2,\"name\":\"DOJO DU NOUVEAU MONDE\"}]},{\"@type\":\"WebSite\",\"@id\":\"https:\/\/jrfortin.com\/jrf\/#website\",\"url\":\"https:\/\/jrfortin.com\/jrf\/\",\"name\":\"Dojo du Nouveau Monde\",\"description\":\"R\u00e9seau de Shihan Jean-Rock Fortin\",\"publisher\":{\"@id\":\"https:\/\/jrfortin.com\/jrf\/#\/schema\/person\/420b013ae3febafe8d99a66adee55de9\"},\"potentialAction\":[{\"@type\":\"SearchAction\",\"target\":{\"@type\":\"EntryPoint\",\"urlTemplate\":\"https:\/\/jrfortin.com\/jrf\/?s={search_term_string}\"},\"query-input\":{\"@type\":\"PropertyValueSpecification\",\"valueRequired\":true,\"valueName\":\"search_term_string\"}}],\"inLanguage\":\"fr-FR\"},{\"@type\":[\"Person\",\"Organization\"],\"@id\":\"https:\/\/jrfortin.com\/jrf\/#\/schema\/person\/420b013ae3febafe8d99a66adee55de9\",\"name\":\"Shihan Jean-Rock Fortin, M.A.\",\"image\":{\"@type\":\"ImageObject\",\"inLanguage\":\"fr-FR\",\"@id\":\"https:\/\/jrfortin.com\/jrf\/#\/schema\/person\/image\/\",\"url\":\"https:\/\/i2.wp.com\/jrfortin.com\/jrf\/wp-content\/uploads\/2020\/07\/ki-le-chemin.jpg?fit=600%2C848&ssl=1\",\"contentUrl\":\"https:\/\/i2.wp.com\/jrfortin.com\/jrf\/wp-content\/uploads\/2020\/07\/ki-le-chemin.jpg?fit=600%2C848&ssl=1\",\"width\":600,\"height\":848,\"caption\":\"Shihan Jean-Rock Fortin, M.A.\"},\"logo\":{\"@id\":\"https:\/\/jrfortin.com\/jrf\/#\/schema\/person\/image\/\"},\"description\":\"Globetrotteur par affaires et pour le plaisir, et Orientaliste, je suis instructeur d'arts martiaux (maitre-enseignant de Ki-A\u00efkido [Shihan] &amp; Dim-Mak), Fondateur du Dojo du Nouveau Monde (2010), \\\"S\u00e9ancier\\\" de Kiatsu, M\u00e9tatronicien, Radiesth\u00e9siste, Coutelier d'art, Conf\u00e9rencier et Auteur du livre \\\"Ki - Le Chemin de l'\u00c9veil\\\" (2018). Je suis \u00e9galement Consultant strat\u00e9gique en \u00e9volution et prosp\u00e9rit\u00e9 des personnes et des organisations.\",\"sameAs\":[\"http:\/\/www.jrfortin.com\"]}]}<\/script>\n<!-- \/ Yoast SEO plugin. -->","yoast_head_json":{"title":"DOJO DU NOUVEAU MONDE - Dojo du Nouveau Monde","robots":{"index":"index","follow":"follow","max-snippet":"max-snippet:-1","max-image-preview":"max-image-preview:large","max-video-preview":"max-video-preview:-1"},"canonical":"https:\/\/jrfortin.com\/jrf\/aiki\/","og_locale":"fr_FR","og_type":"article","og_title":"DOJO DU NOUVEAU MONDE - Dojo du Nouveau Monde","og_description":"Youkoso ! Un r\u00e9seau de Shihan Jean-Rock Fortin &#8\u2026 continuez la lecture","og_url":"https:\/\/jrfortin.com\/jrf\/aiki\/","og_site_name":"Dojo du Nouveau Monde","article_modified_time":"2024-06-09T02:23:22+00:00","og_image":[{"url":"https:\/\/jrfortin.com\/jrf\/wp-content\/uploads\/2022\/12\/SHINSEKAI-300x300.png","type":"","width":"","height":""}],"twitter_card":"summary_large_image","twitter_site":"@fortin_rock","twitter_misc":{"Dur\u00e9e de lecture estim\u00e9e":"3 minutes"},"schema":{"@context":"https:\/\/schema.org","@graph":[{"@type":"WebPage","@id":"https:\/\/jrfortin.com\/jrf\/aiki\/","url":"https:\/\/jrfortin.com\/jrf\/aiki\/","name":"DOJO DU NOUVEAU MONDE - Dojo du Nouveau Monde","isPartOf":{"@id":"https:\/\/jrfortin.com\/jrf\/#website"},"primaryImageOfPage":{"@id":"https:\/\/jrfortin.com\/jrf\/aiki\/#primaryimage"},"image":{"@id":"https:\/\/jrfortin.com\/jrf\/aiki\/#primaryimage"},"thumbnailUrl":"https:\/\/jrfortin.com\/jrf\/wp-content\/uploads\/2022\/12\/SHINSEKAI-300x300.png","datePublished":"2013-03-17T17:31:43+00:00","dateModified":"2024-06-09T02:23:22+00:00","breadcrumb":{"@id":"https:\/\/jrfortin.com\/jrf\/aiki\/#breadcrumb"},"inLanguage":"fr-FR","potentialAction":[{"@type":"ReadAction","target":["https:\/\/jrfortin.com\/jrf\/aiki\/"]}]},{"@type":"ImageObject","inLanguage":"fr-FR","@id":"https:\/\/jrfortin.com\/jrf\/aiki\/#primaryimage","url":"https:\/\/i0.wp.com\/jrfortin.com\/jrf\/wp-content\/uploads\/2022\/12\/SHINSEKAI.png?fit=2179%2C2179&ssl=1","contentUrl":"https:\/\/i0.wp.com\/jrfortin.com\/jrf\/wp-content\/uploads\/2022\/12\/SHINSEKAI.png?fit=2179%2C2179&ssl=1","width":2179,"height":2179},{"@type":"BreadcrumbList","@id":"https:\/\/jrfortin.com\/jrf\/aiki\/#breadcrumb","itemListElement":[{"@type":"ListItem","position":1,"name":"Accueil","item":"https:\/\/jrfortin.com\/jrf\/"},{"@type":"ListItem","position":2,"name":"DOJO DU NOUVEAU MONDE"}]},{"@type":"WebSite","@id":"https:\/\/jrfortin.com\/jrf\/#website","url":"https:\/\/jrfortin.com\/jrf\/","name":"Dojo du Nouveau Monde","description":"R\u00e9seau de Shihan Jean-Rock Fortin","publisher":{"@id":"https:\/\/jrfortin.com\/jrf\/#\/schema\/person\/420b013ae3febafe8d99a66adee55de9"},"potentialAction":[{"@type":"SearchAction","target":{"@type":"EntryPoint","urlTemplate":"https:\/\/jrfortin.com\/jrf\/?s={search_term_string}"},"query-input":{"@type":"PropertyValueSpecification","valueRequired":true,"valueName":"search_term_string"}}],"inLanguage":"fr-FR"},{"@type":["Person","Organization"],"@id":"https:\/\/jrfortin.com\/jrf\/#\/schema\/person\/420b013ae3febafe8d99a66adee55de9","name":"Shihan Jean-Rock Fortin, M.A.","image":{"@type":"ImageObject","inLanguage":"fr-FR","@id":"https:\/\/jrfortin.com\/jrf\/#\/schema\/person\/image\/","url":"https:\/\/i2.wp.com\/jrfortin.com\/jrf\/wp-content\/uploads\/2020\/07\/ki-le-chemin.jpg?fit=600%2C848&ssl=1","contentUrl":"https:\/\/i2.wp.com\/jrfortin.com\/jrf\/wp-content\/uploads\/2020\/07\/ki-le-chemin.jpg?fit=600%2C848&ssl=1","width":600,"height":848,"caption":"Shihan Jean-Rock Fortin, M.A."},"logo":{"@id":"https:\/\/jrfortin.com\/jrf\/#\/schema\/person\/image\/"},"description":"Globetrotteur par affaires et pour le plaisir, et Orientaliste, je suis instructeur d'arts martiaux (maitre-enseignant de Ki-A\u00efkido [Shihan] &amp; Dim-Mak), Fondateur du Dojo du Nouveau Monde (2010), \"S\u00e9ancier\" de Kiatsu, M\u00e9tatronicien, Radiesth\u00e9siste, Coutelier d'art, Conf\u00e9rencier et Auteur du livre \"Ki - Le Chemin de l'\u00c9veil\" (2018). Je suis \u00e9galement Consultant strat\u00e9gique en \u00e9volution et prosp\u00e9rit\u00e9 des personnes et des organisations.","sameAs":["http:\/\/www.jrfortin.com"]}]}},"jetpack_sharing_enabled":true,"_links":{"self":[{"href":"https:\/\/jrfortin.com\/jrf\/wp-json\/wp\/v2\/pages\/7065","targetHints":{"allow":["GET"]}}],"collection":[{"href":"https:\/\/jrfortin.com\/jrf\/wp-json\/wp\/v2\/pages"}],"about":[{"href":"https:\/\/jrfortin.com\/jrf\/wp-json\/wp\/v2\/types\/page"}],"author":[{"embeddable":true,"href":"https:\/\/jrfortin.com\/jrf\/wp-json\/wp\/v2\/users\/1"}],"replies":[{"embeddable":true,"href":"https:\/\/jrfortin.com\/jrf\/wp-json\/wp\/v2\/comments?post=7065"}],"version-history":[{"count":2,"href":"https:\/\/jrfortin.com\/jrf\/wp-json\/wp\/v2\/pages\/7065\/revisions"}],"predecessor-version":[{"id":20092,"href":"https:\/\/jrfortin.com\/jrf\/wp-json\/wp\/v2\/pages\/7065\/revisions\/20092"}],"wp:attachment":[{"href":"https:\/\/jrfortin.com\/jrf\/wp-json\/wp\/v2\/media?parent=7065"}],"curies":[{"name":"wp","href":"https:\/\/api.w.org\/{rel}","templated":true}]}}