{"id":7124,"date":"2016-12-13T18:47:13","date_gmt":"2016-12-13T23:47:13","guid":{"rendered":"http:\/\/jrfortin.com\/jrf\/artiste-coutelier\/"},"modified":"2024-08-03T11:33:11","modified_gmt":"2024-08-03T15:33:11","slug":"consultant","status":"publish","type":"page","link":"https:\/\/jrfortin.com\/jrf\/consultant\/","title":{"rendered":"Offre de services-conseils"},"content":{"rendered":"<h3>\u00a0<img data-recalc-dims=\"1\" loading=\"lazy\" decoding=\"async\" data-attachment-id=\"502\" data-permalink=\"https:\/\/jrfortin.com\/jrf\/services-de-formation-en-art-martial-cognitif\/photo_jrf2\/\" data-orig-file=\"https:\/\/i0.wp.com\/jrfortin.com\/jrf\/wp-content\/uploads\/2013\/12\/PHOTO_JRF2-e1402684920112.png?fit=200%2C280&amp;ssl=1\" data-orig-size=\"200,280\" data-comments-opened=\"0\" data-image-meta=\"{&quot;aperture&quot;:&quot;0&quot;,&quot;credit&quot;:&quot;&quot;,&quot;camera&quot;:&quot;&quot;,&quot;caption&quot;:&quot;&quot;,&quot;created_timestamp&quot;:&quot;0&quot;,&quot;copyright&quot;:&quot;&quot;,&quot;focal_length&quot;:&quot;0&quot;,&quot;iso&quot;:&quot;0&quot;,&quot;shutter_speed&quot;:&quot;0&quot;,&quot;title&quot;:&quot;&quot;,&quot;orientation&quot;:&quot;0&quot;}\" data-image-title=\"PHOTO_JRF2\" data-image-description=\"&lt;p&gt;Jean-Rock Fortin, M.A., est conseiller en d\u00e9veloppement des organisations (www.jrfortin.com). Il est associ\u00e9 au cabinet de services-conseils d&amp;rsquo;Environnement PF (www.environnementpf.com). &lt;\/p&gt;\n&lt;p&gt;Globetrotteur par affaires et pour le plaisir, conf\u00e9rencier, instructeur d&amp;rsquo;art martiaux (Ki-A\u00efkido), coutelier d&amp;rsquo;art et auteur, il s&amp;rsquo;int\u00e9resse au monde des affaires, \u00e0 la culture, \u00e0 l&amp;rsquo;\u00e9veil et aux processus de croissance personnelle.&lt;\/p&gt;\n\" data-image-caption=\"&lt;p&gt;Photo de Jean-Rock sur la plage de Punta Cana&lt;\/p&gt;\n\" data-medium-file=\"https:\/\/i0.wp.com\/jrfortin.com\/jrf\/wp-content\/uploads\/2013\/12\/PHOTO_JRF2-e1402684920112.png?fit=200%2C280&amp;ssl=1\" data-large-file=\"https:\/\/i0.wp.com\/jrfortin.com\/jrf\/wp-content\/uploads\/2013\/12\/PHOTO_JRF2-e1402684920112.png?fit=200%2C280&amp;ssl=1\" class=\"alignleft wp-image-502\" src=\"https:\/\/i0.wp.com\/jrfortin.com\/jrf\/wp-content\/uploads\/2013\/12\/PHOTO_JRF2-e1402684920112.png?resize=150%2C210&#038;ssl=1\" alt=\"www.jrfortin.com\" width=\"150\" height=\"210\" \/><span style=\"color: #000000;\">Jean-Rock Fortin, M.A.<strong><br \/>\nConseiller strat\u00e9gique en<br \/>\n<\/strong><\/span><strong>\u00e9volution et prosp\u00e9rit\u00e9<br \/>\ndes personnes et des organisations<br \/>\n<\/strong><\/h3>\n<p>&nbsp;<\/p>\n<p style=\"text-align: justify;\"><span style=\"color: #000000;\"><span style=\"font-size: 1rem;\">Je suis un concepteur de projets de d\u00e9veloppement \u00e9conomique et social. Consultant depuis 1993, je fournis divers services et conseils aux personnes et aux organisations. Globetrotteur par affaires et par plaisir, je suis \u00e9galement un auteur et un artiste. <em>Je peux contribuer \u00e0 votre succ\u00e8s et \u00e0 celui de votre organisation !<\/em><\/span><\/span><\/p>\n<hr \/>\n<h4 style=\"text-align: center;\"><span style=\"color: #000000;\"><strong><em>V\u00e9rifier votre admissibilit\u00e9<br \/>\nde m\u00eame que celle de votre organisation<br \/>\n<a href=\"https:\/\/jrfortin.com\/jrf\/evenements\/\" target=\"_blank\" rel=\"noopener\">en cliquant ce lien<\/a><\/em><\/strong><\/span><\/h4>\n<h4 style=\"text-align: center;\"><span style=\"color: #000000;\"><strong><em>&amp;<br \/>\nContactez-moi pour obtenir une soumission :<\/em><\/strong><\/span><\/h4>\n<h4 style=\"text-align: center;\"><span style=\"color: #000000;\">Par courriel :<a href=\"mailto:jrfortin@me.com\">\u00a0jrfortin@me.com<\/a><br \/>\n<\/span><span style=\"color: #000000;\">Par t\u00e9l\u00e9phone : (418) 650-5494<\/span><\/h4>\n<hr \/>\n<h4 style=\"text-align: center;\"><strong><span style=\"color: #003366;\">T\u00e9l\u00e9chargez le profil entrepreneurial\u00a0et le porte-folio\u00a0professionnel\u00a0<\/span><\/strong><strong><span style=\"color: #000000;\"><span style=\"color: #003366;\">de Jean-Rock Fortin, M.A. (2024)<br \/>\n<\/span><\/span><span style=\"color: #000000;\"><span style=\"color: #003366;\"><em><a href=\"https:\/\/jrfortin.com\/jrf\/wp-content\/uploads\/2024\/08\/Consultant-jrf-2024.pdf\" target=\"_blank\" rel=\"noopener\">en cliquant ce lien<\/a><\/em><\/span><\/span><\/strong><\/h4>\n<hr \/>\n<p style=\"text-align: center;\"><span style=\"color: #000000;\"><span style=\"font-size: 1.25rem;\"><strong>MA<\/strong><\/span><strong style=\"font-size: 1.25rem;\"> VISION DU D\u00c9VELOPPEMENT DES<\/strong>\u00a0<strong style=\"font-size: 1.25rem;\">ORGANISATIONS<br \/>\nET DE MON R\u00d4LE\u00a0<\/strong><strong style=\"font-size: 1.25rem;\">DE CONSULTANT<\/strong><\/span><\/p>\n<div class=\"page\" style=\"text-align: center;\" title=\"Page 3\">\n<div class=\"layoutArea\">\n<div class=\"column\">\n<p style=\"text-align: justify;\"><span style=\"color: #000000;\"><em>\u00ab\u00a0Le d\u00e9veloppement d\u2019une organisation est assujetti aux choix et aux d\u00e9cisions de ses dirigeants. La planification strat\u00e9gique implique le d\u00e9veloppement de mod\u00e8les rationnels d\u2019entreprise tenant compte du fait que face \u00e0 une infinit\u00e9 de possibilit\u00e9s se profilent \u00e9galement des ressources limit\u00e9es et de nombreuses contraintes.<\/em><\/span><\/p>\n<p style=\"text-align: justify;\"><span style=\"color: #000000;\"><em>Mon r\u00f4le de <\/em><\/span><em>Conseiller strat\u00e9gique en \u00e9volution et prosp\u00e9rit\u00e9<\/em> <span style=\"color: #000000;\"><em>consiste \u00e0 accompagner les personnes cl\u00e9s des organisations et \u00e0 les conseiller dans leur gestion et leurs approches entrepreneuriales, ceci afin de les aider \u00e0 concr\u00e9tiser une vision viable de l\u2019avenir.<\/em><\/span><\/p>\n<p style=\"text-align: justify;\"><span style=\"color: #000000;\"><em>Les analyses utilisant des outils de mesure \u00e0 la fine pointe, la recherche, le d\u00e9marchage, la formation, le sens critique et la confrontation des paradigmes, et la prise en compte des forces, des opportunit\u00e9s et des contraintes de l\u2019organisation permettent d\u2019exprimer une cr\u00e9ativit\u00e9 vou\u00e9e au d\u00e9veloppement de nouveaux mod\u00e8les d\u2019entreprise et de nouvelles fa\u00e7ons de faire.<\/em><\/span><\/p>\n<p style=\"text-align: justify;\"><span style=\"color: #000000;\"><em>Mes interventions tiennent compte des besoins des march\u00e9s \u00e0 satisfaire et de l\u2019apport de l\u2019organisation sur le plan soci\u00e9tal dans le respect des vrais principes de d\u00e9veloppement durable (<a href=\"https:\/\/jrfortin.com\/jrf\/blog\/developpement-durable\/\" target=\"_blank\" rel=\"noopener\">pas ceux de l&rsquo;ONU<\/a>), r\u00e9unissant ainsi les conditions gagnantes sur les plans \u00e9conomiques, sociaux, et \u00e9cologiques.\u00a0\u00bb<\/em><\/span><\/p>\n<h4 style=\"text-align: right;\"><span style=\"color: #000000;\"><strong>Jean-Rock Fortin, M.A.<\/strong><\/span><\/h4>\n<p style=\"text-align: right;\"><strong>Conseiller strat\u00e9gique en <\/strong><strong>\u00e9volution et prosp\u00e9rit\u00e9<br \/>\ndes personnes et des organisations<\/strong><\/p>\n<hr \/>\n<p><a href=\"https:\/\/jrfortin.com\/jrf\/consultant\/ddurable1\/\" rel=\"attachment wp-att-7524\"><img data-recalc-dims=\"1\" loading=\"lazy\" decoding=\"async\" data-attachment-id=\"7524\" data-permalink=\"https:\/\/jrfortin.com\/jrf\/consultant\/ddurable1\/\" data-orig-file=\"https:\/\/i0.wp.com\/jrfortin.com\/jrf\/wp-content\/uploads\/2016\/12\/DDurable1.png?fit=1024%2C853&amp;ssl=1\" data-orig-size=\"1024,853\" data-comments-opened=\"0\" data-image-meta=\"{&quot;aperture&quot;:&quot;0&quot;,&quot;credit&quot;:&quot;&quot;,&quot;camera&quot;:&quot;&quot;,&quot;caption&quot;:&quot;&quot;,&quot;created_timestamp&quot;:&quot;0&quot;,&quot;copyright&quot;:&quot;&quot;,&quot;focal_length&quot;:&quot;0&quot;,&quot;iso&quot;:&quot;0&quot;,&quot;shutter_speed&quot;:&quot;0&quot;,&quot;title&quot;:&quot;&quot;,&quot;orientation&quot;:&quot;0&quot;}\" data-image-title=\"DDurable1\" data-image-description=\"\" data-image-caption=\"\" data-medium-file=\"https:\/\/i0.wp.com\/jrfortin.com\/jrf\/wp-content\/uploads\/2016\/12\/DDurable1.png?fit=300%2C250&amp;ssl=1\" data-large-file=\"https:\/\/i0.wp.com\/jrfortin.com\/jrf\/wp-content\/uploads\/2016\/12\/DDurable1.png?fit=830%2C691&amp;ssl=1\" class=\"alignnone wp-image-7524 size-medium\" src=\"https:\/\/i0.wp.com\/jrfortin.com\/jrf\/wp-content\/uploads\/2016\/12\/DDurable1.png?resize=300%2C250&#038;ssl=1\" alt=\"\" width=\"300\" height=\"250\" srcset=\"https:\/\/i0.wp.com\/jrfortin.com\/jrf\/wp-content\/uploads\/2016\/12\/DDurable1.png?resize=300%2C250&amp;ssl=1 300w, https:\/\/i0.wp.com\/jrfortin.com\/jrf\/wp-content\/uploads\/2016\/12\/DDurable1.png?resize=768%2C640&amp;ssl=1 768w, https:\/\/i0.wp.com\/jrfortin.com\/jrf\/wp-content\/uploads\/2016\/12\/DDurable1.png?w=1024&amp;ssl=1 1024w, https:\/\/i0.wp.com\/jrfortin.com\/jrf\/wp-content\/uploads\/2016\/12\/DDurable1.png?resize=180%2C150&amp;ssl=1 180w, https:\/\/i0.wp.com\/jrfortin.com\/jrf\/wp-content\/uploads\/2016\/12\/DDurable1.png?resize=600%2C500&amp;ssl=1 600w, https:\/\/i0.wp.com\/jrfortin.com\/jrf\/wp-content\/uploads\/2016\/12\/DDurable1.png?resize=150%2C125&amp;ssl=1 150w\" sizes=\"auto, (max-width: 300px) 100vw, 300px\" \/><\/a><\/p>\n<h4><strong>Mod\u00e8le du \u00ab <span style=\"text-decoration: underline;\">VRAI<\/span> \u00bb d\u00e9veloppement durable<br \/>\n( <span style=\"text-decoration: underline;\"><em>PAS CELUI DES NATIONS UNIES<\/em> <\/span>)<\/strong><\/h4>\n<\/div>\n<\/div>\n<\/div>\n<hr \/>\n<p style=\"text-align: justify;\"><span style=\"color: #000000;\"><strong>Profil :\u00a0<\/strong>D\u00e9tenteur d\u2019un baccalaur\u00e9at g\u00e9n\u00e9ral en administration des affaires et d\u2019une ma\u00eetrise en d\u00e9veloppement des organisations, je fournis des services et conseils aux personnes et aux entreprises depuis 1993.<\/span><\/p>\n<p style=\"text-align: justify;\"><span style=\"color: #000000;\">Consid\u00e9r\u00e9 comme un gestionnaire de haut niveau et aux multiples talents, j\u2019ai travaill\u00e9 aussi bien dans l\u2019entreprise priv\u00e9e que dans le secteur de l\u2019\u00e9conomie sociale. Je suis \u00e9galement en mesure de diriger le d\u00e9veloppement de projets complexes avec des \u00e9quipes de travail multidisciplinaires.<\/span><\/p>\n<hr \/>\n<p style=\"text-align: justify; padding-left: 40px;\"><span style=\"color: #000000;\"><strong>Les secteurs d\u2019activit\u00e9s \u00e9conomiques<\/strong> aupr\u00e8s desquels je suis intervenu \u00e0 titre de ressource externe comprennent notamment\u00a0:<br \/>\n<\/span><span style=\"color: #000000;\">&#8211;\u00a0 l\u2019agroalimentaire;<br \/>\n<\/span><span style=\"color: #000000;\">&#8211;\u00a0 le tourisme;<br \/>\n<\/span><span style=\"color: #000000;\">&#8211;\u00a0 l\u2019agrotourisme;<br \/>\n<\/span><span style=\"color: #000000;\">&#8211;\u00a0 le commerce international;<br \/>\n<\/span><span style=\"color: #000000;\">&#8211;\u00a0 le secteur des textiles;<br \/>\n<\/span><span style=\"color: #000000;\">&#8211;\u00a0 le secteur de l\u2019aluminium;<br \/>\n<\/span><span style=\"color: #000000;\">&#8211;\u00a0 les activit\u00e9s portuaires;<br \/>\n<\/span><span style=\"color: #000000;\">&#8211;\u00a0 la plasturgie;<br \/>\n<\/span><span style=\"color: #000000;\">&#8211;\u00a0 le secteur manufacturier;<br \/>\n<\/span><span style=\"color: #000000;\">&#8211;\u00a0 les municipalit\u00e9s;<br \/>\n<\/span><span style=\"color: #000000;\">&#8211;\u00a0 le transport en commun et sp\u00e9cialis\u00e9;<br \/>\n<\/span><span style=\"color: #000000;\">&#8211;\u00a0 le secteur des services aux entreprises;<br \/>\n<\/span><span style=\"color: #000000;\">&#8211;\u00a0 les affaires autochtones;<br \/>\n<\/span><span style=\"color: #000000;\">&#8211;\u00a0 les loisirs et l\u2019h\u00e9bergement.<\/span><\/p>\n<p style=\"padding-left: 40px;\"><strong style=\"color: #000000; font-size: 1.125rem; text-align: justify;\">\u00a0Mes domaines d\u2019intervention et d&rsquo;expertise :<br \/>\n<\/strong><span style=\"color: #000000;\">&#8211;\u00a0 La planification strat\u00e9gique;<br \/>\n<\/span><span style=\"color: #000000;\">&#8211;\u00a0 Le coaching de gestion et l\u2019accompagnement;<br \/>\n<\/span><span style=\"color: #000000;\">&#8211;\u00a0 La n\u00e9gociation de conventions collectives de travail;<br \/>\n<\/span>&#8211;\u00a0 Le redressement et la restructuration d\u2019entreprises;<br \/>\n&#8211;\u00a0 La production d\u2019\u00e9tudes d\u2019opportunit\u00e9s\u00a0et de faisabilit\u00e9;<br \/>\n<span style=\"color: #000000;\">&#8211;\u00a0 La r\u00e9alisation de missions commerciales au Canada et \u00e0 l\u2019\u00e9tranger;<br \/>\n<\/span><span style=\"color: #000000;\">&#8211;\u00a0 La r\u00e9alisation de diagnostics organisationnels et de plans d\u2019affaires;<br \/>\n<\/span><span style=\"color: #000000;\">&#8211;\u00a0 L\u2019animation d\u2019ateliers de croissance personnelle et de gestion du stress.<\/span><\/p>\n","protected":false},"excerpt":{"rendered":"<p>\u00a0Jean-Rock Fortin, M.A. Conseiller strat\u00e9gique en \u2026<\/p>\n<p> <a class=\"continue-reading-link\" href=\"https:\/\/jrfortin.com\/jrf\/consultant\/\"><span>continuez la lecture<\/span><i class=\"crycon-right-dir\"><\/i><\/a> <\/p>\n","protected":false},"author":1,"featured_media":0,"parent":0,"menu_order":0,"comment_status":"open","ping_status":"closed","template":"templates\/template-twocolumns-right.php","meta":{"footnotes":""},"class_list":["post-7124","page","type-page","status-publish","hentry"],"yoast_head":"<!-- This site is optimized with the Yoast SEO plugin v26.7 - https:\/\/yoast.com\/wordpress\/plugins\/seo\/ -->\n<title>Offre de services-conseils - Dojo du Nouveau Monde<\/title>\n<meta name=\"robots\" content=\"index, follow, max-snippet:-1, max-image-preview:large, max-video-preview:-1\" \/>\n<link rel=\"canonical\" href=\"https:\/\/jrfortin.com\/jrf\/consultant\/\" \/>\n<meta property=\"og:locale\" content=\"fr_FR\" \/>\n<meta property=\"og:type\" content=\"article\" \/>\n<meta property=\"og:title\" content=\"Offre de services-conseils - Dojo du Nouveau Monde\" \/>\n<meta property=\"og:description\" content=\"\u00a0Jean-Rock Fortin, M.A. Conseiller strat\u00e9gique en \u2026 continuez la lecture\" \/>\n<meta property=\"og:url\" content=\"https:\/\/jrfortin.com\/jrf\/consultant\/\" \/>\n<meta property=\"og:site_name\" content=\"Dojo du Nouveau Monde\" \/>\n<meta property=\"article:modified_time\" content=\"2024-08-03T15:33:11+00:00\" \/>\n<meta property=\"og:image\" content=\"https:\/\/jrfortin.com\/jrf\/wp-content\/uploads\/2013\/12\/PHOTO_JRF2-e1402684920112.png\" \/>\n<meta name=\"twitter:card\" content=\"summary_large_image\" \/>\n<meta name=\"twitter:site\" content=\"@fortin_rock\" \/>\n<meta name=\"twitter:label1\" content=\"Dur\u00e9e de lecture estim\u00e9e\" \/>\n\t<meta name=\"twitter:data1\" content=\"4 minutes\" \/>\n<script type=\"application\/ld+json\" class=\"yoast-schema-graph\">{\"@context\":\"https:\/\/schema.org\",\"@graph\":[{\"@type\":\"WebPage\",\"@id\":\"https:\/\/jrfortin.com\/jrf\/consultant\/\",\"url\":\"https:\/\/jrfortin.com\/jrf\/consultant\/\",\"name\":\"Offre de services-conseils - Dojo du Nouveau Monde\",\"isPartOf\":{\"@id\":\"https:\/\/jrfortin.com\/jrf\/#website\"},\"primaryImageOfPage\":{\"@id\":\"https:\/\/jrfortin.com\/jrf\/consultant\/#primaryimage\"},\"image\":{\"@id\":\"https:\/\/jrfortin.com\/jrf\/consultant\/#primaryimage\"},\"thumbnailUrl\":\"https:\/\/jrfortin.com\/jrf\/wp-content\/uploads\/2013\/12\/PHOTO_JRF2-e1402684920112.png\",\"datePublished\":\"2016-12-13T23:47:13+00:00\",\"dateModified\":\"2024-08-03T15:33:11+00:00\",\"breadcrumb\":{\"@id\":\"https:\/\/jrfortin.com\/jrf\/consultant\/#breadcrumb\"},\"inLanguage\":\"fr-FR\",\"potentialAction\":[{\"@type\":\"ReadAction\",\"target\":[\"https:\/\/jrfortin.com\/jrf\/consultant\/\"]}]},{\"@type\":\"ImageObject\",\"inLanguage\":\"fr-FR\",\"@id\":\"https:\/\/jrfortin.com\/jrf\/consultant\/#primaryimage\",\"url\":\"https:\/\/i0.wp.com\/jrfortin.com\/jrf\/wp-content\/uploads\/2013\/12\/PHOTO_JRF2-e1402684920112.png?fit=200%2C280&ssl=1\",\"contentUrl\":\"https:\/\/i0.wp.com\/jrfortin.com\/jrf\/wp-content\/uploads\/2013\/12\/PHOTO_JRF2-e1402684920112.png?fit=200%2C280&ssl=1\",\"width\":200,\"height\":280,\"caption\":\"Photo de Jean-Rock sur la plage de Punta Cana\"},{\"@type\":\"BreadcrumbList\",\"@id\":\"https:\/\/jrfortin.com\/jrf\/consultant\/#breadcrumb\",\"itemListElement\":[{\"@type\":\"ListItem\",\"position\":1,\"name\":\"Accueil\",\"item\":\"https:\/\/jrfortin.com\/jrf\/\"},{\"@type\":\"ListItem\",\"position\":2,\"name\":\"Offre de services-conseils\"}]},{\"@type\":\"WebSite\",\"@id\":\"https:\/\/jrfortin.com\/jrf\/#website\",\"url\":\"https:\/\/jrfortin.com\/jrf\/\",\"name\":\"Dojo du Nouveau Monde\",\"description\":\"R\u00e9seau de Shihan Jean-Rock Fortin\",\"publisher\":{\"@id\":\"https:\/\/jrfortin.com\/jrf\/#\/schema\/person\/420b013ae3febafe8d99a66adee55de9\"},\"potentialAction\":[{\"@type\":\"SearchAction\",\"target\":{\"@type\":\"EntryPoint\",\"urlTemplate\":\"https:\/\/jrfortin.com\/jrf\/?s={search_term_string}\"},\"query-input\":{\"@type\":\"PropertyValueSpecification\",\"valueRequired\":true,\"valueName\":\"search_term_string\"}}],\"inLanguage\":\"fr-FR\"},{\"@type\":[\"Person\",\"Organization\"],\"@id\":\"https:\/\/jrfortin.com\/jrf\/#\/schema\/person\/420b013ae3febafe8d99a66adee55de9\",\"name\":\"Shihan Jean-Rock Fortin, M.A.\",\"image\":{\"@type\":\"ImageObject\",\"inLanguage\":\"fr-FR\",\"@id\":\"https:\/\/jrfortin.com\/jrf\/#\/schema\/person\/image\/\",\"url\":\"https:\/\/i2.wp.com\/jrfortin.com\/jrf\/wp-content\/uploads\/2020\/07\/ki-le-chemin.jpg?fit=600%2C848&ssl=1\",\"contentUrl\":\"https:\/\/i2.wp.com\/jrfortin.com\/jrf\/wp-content\/uploads\/2020\/07\/ki-le-chemin.jpg?fit=600%2C848&ssl=1\",\"width\":600,\"height\":848,\"caption\":\"Shihan Jean-Rock Fortin, M.A.\"},\"logo\":{\"@id\":\"https:\/\/jrfortin.com\/jrf\/#\/schema\/person\/image\/\"},\"description\":\"Globetrotteur par affaires et pour le plaisir, et Orientaliste, je suis instructeur d'arts martiaux (maitre-enseignant de Ki-A\u00efkido [Shihan] &amp; Dim-Mak), Fondateur du Dojo du Nouveau Monde (2010), \\\"S\u00e9ancier\\\" de Kiatsu, M\u00e9tatronicien, Radiesth\u00e9siste, Coutelier d'art, Conf\u00e9rencier et Auteur du livre \\\"Ki - Le Chemin de l'\u00c9veil\\\" (2018). Je suis \u00e9galement Consultant strat\u00e9gique en \u00e9volution et prosp\u00e9rit\u00e9 des personnes et des organisations.\",\"sameAs\":[\"http:\/\/www.jrfortin.com\"]}]}<\/script>\n<!-- \/ Yoast SEO plugin. -->","yoast_head_json":{"title":"Offre de services-conseils - Dojo du Nouveau Monde","robots":{"index":"index","follow":"follow","max-snippet":"max-snippet:-1","max-image-preview":"max-image-preview:large","max-video-preview":"max-video-preview:-1"},"canonical":"https:\/\/jrfortin.com\/jrf\/consultant\/","og_locale":"fr_FR","og_type":"article","og_title":"Offre de services-conseils - Dojo du Nouveau Monde","og_description":"\u00a0Jean-Rock Fortin, M.A. Conseiller strat\u00e9gique en \u2026 continuez la lecture","og_url":"https:\/\/jrfortin.com\/jrf\/consultant\/","og_site_name":"Dojo du Nouveau Monde","article_modified_time":"2024-08-03T15:33:11+00:00","og_image":[{"url":"https:\/\/jrfortin.com\/jrf\/wp-content\/uploads\/2013\/12\/PHOTO_JRF2-e1402684920112.png","type":"","width":"","height":""}],"twitter_card":"summary_large_image","twitter_site":"@fortin_rock","twitter_misc":{"Dur\u00e9e de lecture estim\u00e9e":"4 minutes"},"schema":{"@context":"https:\/\/schema.org","@graph":[{"@type":"WebPage","@id":"https:\/\/jrfortin.com\/jrf\/consultant\/","url":"https:\/\/jrfortin.com\/jrf\/consultant\/","name":"Offre de services-conseils - Dojo du Nouveau Monde","isPartOf":{"@id":"https:\/\/jrfortin.com\/jrf\/#website"},"primaryImageOfPage":{"@id":"https:\/\/jrfortin.com\/jrf\/consultant\/#primaryimage"},"image":{"@id":"https:\/\/jrfortin.com\/jrf\/consultant\/#primaryimage"},"thumbnailUrl":"https:\/\/jrfortin.com\/jrf\/wp-content\/uploads\/2013\/12\/PHOTO_JRF2-e1402684920112.png","datePublished":"2016-12-13T23:47:13+00:00","dateModified":"2024-08-03T15:33:11+00:00","breadcrumb":{"@id":"https:\/\/jrfortin.com\/jrf\/consultant\/#breadcrumb"},"inLanguage":"fr-FR","potentialAction":[{"@type":"ReadAction","target":["https:\/\/jrfortin.com\/jrf\/consultant\/"]}]},{"@type":"ImageObject","inLanguage":"fr-FR","@id":"https:\/\/jrfortin.com\/jrf\/consultant\/#primaryimage","url":"https:\/\/i0.wp.com\/jrfortin.com\/jrf\/wp-content\/uploads\/2013\/12\/PHOTO_JRF2-e1402684920112.png?fit=200%2C280&ssl=1","contentUrl":"https:\/\/i0.wp.com\/jrfortin.com\/jrf\/wp-content\/uploads\/2013\/12\/PHOTO_JRF2-e1402684920112.png?fit=200%2C280&ssl=1","width":200,"height":280,"caption":"Photo de Jean-Rock sur la plage de Punta Cana"},{"@type":"BreadcrumbList","@id":"https:\/\/jrfortin.com\/jrf\/consultant\/#breadcrumb","itemListElement":[{"@type":"ListItem","position":1,"name":"Accueil","item":"https:\/\/jrfortin.com\/jrf\/"},{"@type":"ListItem","position":2,"name":"Offre de services-conseils"}]},{"@type":"WebSite","@id":"https:\/\/jrfortin.com\/jrf\/#website","url":"https:\/\/jrfortin.com\/jrf\/","name":"Dojo du Nouveau Monde","description":"R\u00e9seau de Shihan Jean-Rock Fortin","publisher":{"@id":"https:\/\/jrfortin.com\/jrf\/#\/schema\/person\/420b013ae3febafe8d99a66adee55de9"},"potentialAction":[{"@type":"SearchAction","target":{"@type":"EntryPoint","urlTemplate":"https:\/\/jrfortin.com\/jrf\/?s={search_term_string}"},"query-input":{"@type":"PropertyValueSpecification","valueRequired":true,"valueName":"search_term_string"}}],"inLanguage":"fr-FR"},{"@type":["Person","Organization"],"@id":"https:\/\/jrfortin.com\/jrf\/#\/schema\/person\/420b013ae3febafe8d99a66adee55de9","name":"Shihan Jean-Rock Fortin, M.A.","image":{"@type":"ImageObject","inLanguage":"fr-FR","@id":"https:\/\/jrfortin.com\/jrf\/#\/schema\/person\/image\/","url":"https:\/\/i2.wp.com\/jrfortin.com\/jrf\/wp-content\/uploads\/2020\/07\/ki-le-chemin.jpg?fit=600%2C848&ssl=1","contentUrl":"https:\/\/i2.wp.com\/jrfortin.com\/jrf\/wp-content\/uploads\/2020\/07\/ki-le-chemin.jpg?fit=600%2C848&ssl=1","width":600,"height":848,"caption":"Shihan Jean-Rock Fortin, M.A."},"logo":{"@id":"https:\/\/jrfortin.com\/jrf\/#\/schema\/person\/image\/"},"description":"Globetrotteur par affaires et pour le plaisir, et Orientaliste, je suis instructeur d'arts martiaux (maitre-enseignant de Ki-A\u00efkido [Shihan] &amp; Dim-Mak), Fondateur du Dojo du Nouveau Monde (2010), \"S\u00e9ancier\" de Kiatsu, M\u00e9tatronicien, Radiesth\u00e9siste, Coutelier d'art, Conf\u00e9rencier et Auteur du livre \"Ki - Le Chemin de l'\u00c9veil\" (2018). Je suis \u00e9galement Consultant strat\u00e9gique en \u00e9volution et prosp\u00e9rit\u00e9 des personnes et des organisations.","sameAs":["http:\/\/www.jrfortin.com"]}]}},"jetpack_sharing_enabled":true,"_links":{"self":[{"href":"https:\/\/jrfortin.com\/jrf\/wp-json\/wp\/v2\/pages\/7124","targetHints":{"allow":["GET"]}}],"collection":[{"href":"https:\/\/jrfortin.com\/jrf\/wp-json\/wp\/v2\/pages"}],"about":[{"href":"https:\/\/jrfortin.com\/jrf\/wp-json\/wp\/v2\/types\/page"}],"author":[{"embeddable":true,"href":"https:\/\/jrfortin.com\/jrf\/wp-json\/wp\/v2\/users\/1"}],"replies":[{"embeddable":true,"href":"https:\/\/jrfortin.com\/jrf\/wp-json\/wp\/v2\/comments?post=7124"}],"version-history":[{"count":2,"href":"https:\/\/jrfortin.com\/jrf\/wp-json\/wp\/v2\/pages\/7124\/revisions"}],"predecessor-version":[{"id":20158,"href":"https:\/\/jrfortin.com\/jrf\/wp-json\/wp\/v2\/pages\/7124\/revisions\/20158"}],"wp:attachment":[{"href":"https:\/\/jrfortin.com\/jrf\/wp-json\/wp\/v2\/media?parent=7124"}],"curies":[{"name":"wp","href":"https:\/\/api.w.org\/{rel}","templated":true}]}}