{"id":8278,"date":"2017-09-04T09:51:08","date_gmt":"2017-09-04T13:51:08","guid":{"rendered":"https:\/\/jrfortin.com\/jrf\/?page_id=8278"},"modified":"2024-09-07T18:43:58","modified_gmt":"2024-09-07T22:43:58","slug":"quelques-liens-utiles","status":"publish","type":"page","link":"https:\/\/jrfortin.com\/jrf\/quelques-liens-utiles\/","title":{"rendered":"Quelques liens utiles"},"content":{"rendered":"<p style=\"text-align: center;\"><span style=\"color: #000000;\"><a name=\"ancre1\"><\/a><\/span><\/p>\n<h3><\/h3>\n<h3 style=\"text-align: center;\"><a href=\"https:\/\/jrfortin.com\/jrf\/art-martial-cognitif-amc\/\"><img data-recalc-dims=\"1\" loading=\"lazy\" decoding=\"async\" data-attachment-id=\"8186\" data-permalink=\"https:\/\/jrfortin.com\/jrf\/quelques-liens-utiles\/amclo2\/\" data-orig-file=\"https:\/\/i0.wp.com\/jrfortin.com\/jrf\/wp-content\/uploads\/2017\/08\/amclo2.png?fit=144%2C144&amp;ssl=1\" data-orig-size=\"144,144\" data-comments-opened=\"0\" data-image-meta=\"{&quot;aperture&quot;:&quot;0&quot;,&quot;credit&quot;:&quot;&quot;,&quot;camera&quot;:&quot;&quot;,&quot;caption&quot;:&quot;&quot;,&quot;created_timestamp&quot;:&quot;0&quot;,&quot;copyright&quot;:&quot;&quot;,&quot;focal_length&quot;:&quot;0&quot;,&quot;iso&quot;:&quot;0&quot;,&quot;shutter_speed&quot;:&quot;0&quot;,&quot;title&quot;:&quot;&quot;,&quot;orientation&quot;:&quot;0&quot;}\" data-image-title=\"amclo2\" data-image-description=\"\" data-image-caption=\"\" data-medium-file=\"https:\/\/i0.wp.com\/jrfortin.com\/jrf\/wp-content\/uploads\/2017\/08\/amclo2.png?fit=144%2C144&amp;ssl=1\" data-large-file=\"https:\/\/i0.wp.com\/jrfortin.com\/jrf\/wp-content\/uploads\/2017\/08\/amclo2.png?fit=144%2C144&amp;ssl=1\" class=\"alignnone size-full wp-image-8186\" src=\"https:\/\/i0.wp.com\/jrfortin.com\/jrf\/wp-content\/uploads\/2017\/08\/amclo2.png?resize=144%2C144&#038;ssl=1\" alt=\"\" width=\"144\" height=\"144\" srcset=\"https:\/\/i0.wp.com\/jrfortin.com\/jrf\/wp-content\/uploads\/2017\/08\/amclo2.png?w=144&amp;ssl=1 144w, https:\/\/i0.wp.com\/jrfortin.com\/jrf\/wp-content\/uploads\/2017\/08\/amclo2.png?resize=120%2C120&amp;ssl=1 120w\" sizes=\"auto, (max-width: 144px) 100vw, 144px\" \/><\/a><\/h3>\n<h3 style=\"text-align: center;\"><strong>A\u00efkido, Ki et Arts martiaux<br \/>\n<\/strong><\/h3>\n<hr \/>\n<p><a href=\"http:\/\/aikidojournal.com\" target=\"_blank\" rel=\"noopener noreferrer\"><strong><em>AIKIDO JOURNAL<\/em><\/strong><\/a> : Un site classique de r\u00e9f\u00e9rences pour d\u00e9couvrir diverses facettes de l&rsquo;A\u00efkido.<\/p>\n<hr \/>\n<p style=\"text-align: center;\"><span style=\"color: #000000;\"><a name=\"ancre2\"><\/a><\/span><\/p>\n<h3 style=\"text-align: center;\"><strong>\u00c9veil &amp; Spiritualit\u00e9<\/strong><\/h3>\n<p style=\"text-align: center;\"><span style=\"color: #000000;\"><a name=\"ancre2\"><\/a><\/span><\/p>\n<h3 style=\"text-align: center;\"><img data-recalc-dims=\"1\" loading=\"lazy\" decoding=\"async\" data-attachment-id=\"5557\" data-permalink=\"https:\/\/jrfortin.com\/jrf\/quelques-liens-utiles\/affiche-satori\/\" data-orig-file=\"https:\/\/i0.wp.com\/jrfortin.com\/jrf\/wp-content\/uploads\/2016\/07\/AFFICHE-SATORI.png?fit=360%2C526&amp;ssl=1\" data-orig-size=\"360,526\" data-comments-opened=\"0\" data-image-meta=\"{&quot;aperture&quot;:&quot;0&quot;,&quot;credit&quot;:&quot;&quot;,&quot;camera&quot;:&quot;&quot;,&quot;caption&quot;:&quot;&quot;,&quot;created_timestamp&quot;:&quot;0&quot;,&quot;copyright&quot;:&quot;&quot;,&quot;focal_length&quot;:&quot;0&quot;,&quot;iso&quot;:&quot;0&quot;,&quot;shutter_speed&quot;:&quot;0&quot;,&quot;title&quot;:&quot;&quot;,&quot;orientation&quot;:&quot;0&quot;}\" data-image-title=\"AFFICHE-SATORI\" data-image-description=\"\" data-image-caption=\"\" data-medium-file=\"https:\/\/i0.wp.com\/jrfortin.com\/jrf\/wp-content\/uploads\/2016\/07\/AFFICHE-SATORI.png?fit=205%2C300&amp;ssl=1\" data-large-file=\"https:\/\/i0.wp.com\/jrfortin.com\/jrf\/wp-content\/uploads\/2016\/07\/AFFICHE-SATORI.png?fit=360%2C526&amp;ssl=1\" class=\"aligncenter wp-image-5557 size-medium\" src=\"https:\/\/i0.wp.com\/jrfortin.com\/jrf\/wp-content\/uploads\/2016\/07\/AFFICHE-SATORI.png?resize=205%2C300&#038;ssl=1\" alt=\"\" width=\"205\" height=\"300\" srcset=\"https:\/\/i0.wp.com\/jrfortin.com\/jrf\/wp-content\/uploads\/2016\/07\/AFFICHE-SATORI.png?resize=205%2C300&amp;ssl=1 205w, https:\/\/i0.wp.com\/jrfortin.com\/jrf\/wp-content\/uploads\/2016\/07\/AFFICHE-SATORI.png?resize=123%2C180&amp;ssl=1 123w, https:\/\/i0.wp.com\/jrfortin.com\/jrf\/wp-content\/uploads\/2016\/07\/AFFICHE-SATORI.png?w=360&amp;ssl=1 360w\" sizes=\"auto, (max-width: 205px) 100vw, 205px\" \/><\/h3>\n<p style=\"text-align: center;\"><strong>GRATITUDE<\/strong><br \/>\n<em>\u201cJe te remercie, Esprit UN, pour la Vie et la Lumi\u00e8re abondantes, pleines et libres, pour la Sant\u00e9 parfaite, la Puissance illimit\u00e9e, et la Libert\u00e9 sans restriction.\u201d<\/em><\/p>\n<hr \/>\n<p style=\"text-align: justify;\"><a href=\"https:\/\/bosabernard.wixsite.com\/concerts\"><em><strong>BERNARD BOSA<\/strong><\/em><\/a> : <span class=\"color_16\">Concerts et exp\u00e9riences vibratoires; <\/span><span class=\"color_16\">Vaisseaux; Harpe de cristal <\/span><span class=\"color_16\">et Didgeridoo; <\/span><span class=\"color_16\">Distributeur : Bols de cristal, Bols thib\u00e9tains, <\/span>Carillons Zaphir et Koshi<span class=\"color_16\">; <\/span><span class=\"color_16\">Ateliers de bols de cristal et bien plus&#8230;<\/span><\/p>\n<p style=\"text-align: justify;\"><a href=\"https:\/\/www.inrees.com\" target=\"_blank\" rel=\"noopener noreferrer\"><strong><em>INREES<\/em><\/strong><\/a>\u00a0: Institut de Recherche sur les Exp\u00e9riences Extraordinaires &#8211; est n\u00e9 du constat suivant\u00a0: il est possible de s\u2019int\u00e9resser \u00e0 ces exp\u00e9riences que nous n\u2019arrivons pas \u00e0 expliquer et que nous qualifions d\u2019extraordinaires, voir de \u00ab\u00a0surnaturelles\u00a0\u00bb, tout en conservant les deux pieds sur terre.<\/p>\n<p style=\"text-align: justify;\"><a href=\"http:\/\/www.lecons-de-vie.com\/\" target=\"_blank\" rel=\"noopener noreferrer\"><strong><em>LE\u00c7ONS-DE-VIE.com<\/em><\/strong><\/a> : Madame Virginie Tanguay, de St-Lin, QC, Canada, nous pr\u00e9sente une foule d&rsquo;articles et de vid\u00e9os traitant de l&rsquo;\u00e9veil spirituel, Ga\u00efa, les taux vibratoires et une foule d&rsquo;autres sujets passionnants&#8230;<em><br \/>\n<\/em><\/p>\n<p style=\"text-align: justify;\"><em><strong><a href=\"https:\/\/aiglebleu.net\/\" rel=\"home\">LE BLOGUE DE LUC BOURGAULT<\/a><\/strong><\/em> : Le Chaman autochtone Aigle Bleu partage avec vous son quotidien, ses pens\u00e9es et ses aspirations par des articles sur un grand nombre de th\u00e9matiques diff\u00e9rentes.<\/p>\n<hr \/>\n<p style=\"text-align: justify;\"><span style=\"color: #000000;\"><a name=\"ancre4\"><\/a><\/span><\/p>\n<h3 style=\"text-align: center;\"><a href=\"https:\/\/jrfortin.com\/jrf\/blog\/introduction-a-la-coutellerie-dart\/\"><img data-recalc-dims=\"1\" loading=\"lazy\" decoding=\"async\" data-attachment-id=\"7949\" data-permalink=\"https:\/\/jrfortin.com\/jrf\/?attachment_id=7949\" data-orig-file=\"https:\/\/i0.wp.com\/jrfortin.com\/jrf\/wp-content\/uploads\/2016\/11\/GCAQ.png?fit=203%2C216&amp;ssl=1\" data-orig-size=\"203,216\" data-comments-opened=\"0\" data-image-meta=\"{&quot;aperture&quot;:&quot;0&quot;,&quot;credit&quot;:&quot;&quot;,&quot;camera&quot;:&quot;&quot;,&quot;caption&quot;:&quot;&quot;,&quot;created_timestamp&quot;:&quot;0&quot;,&quot;copyright&quot;:&quot;&quot;,&quot;focal_length&quot;:&quot;0&quot;,&quot;iso&quot;:&quot;0&quot;,&quot;shutter_speed&quot;:&quot;0&quot;,&quot;title&quot;:&quot;&quot;,&quot;orientation&quot;:&quot;0&quot;}\" data-image-title=\"GCAQ\" data-image-description=\"\" data-image-caption=\"\" data-medium-file=\"https:\/\/i0.wp.com\/jrfortin.com\/jrf\/wp-content\/uploads\/2016\/11\/GCAQ.png?fit=203%2C216&amp;ssl=1\" data-large-file=\"https:\/\/i0.wp.com\/jrfortin.com\/jrf\/wp-content\/uploads\/2016\/11\/GCAQ.png?fit=203%2C216&amp;ssl=1\" class=\"alignnone size-full wp-image-7949\" src=\"https:\/\/i0.wp.com\/jrfortin.com\/jrf\/wp-content\/uploads\/2016\/11\/GCAQ.png?resize=203%2C216&#038;ssl=1\" alt=\"\" width=\"203\" height=\"216\" srcset=\"https:\/\/i0.wp.com\/jrfortin.com\/jrf\/wp-content\/uploads\/2016\/11\/GCAQ.png?w=203&amp;ssl=1 203w, https:\/\/i0.wp.com\/jrfortin.com\/jrf\/wp-content\/uploads\/2016\/11\/GCAQ.png?resize=169%2C180&amp;ssl=1 169w, https:\/\/i0.wp.com\/jrfortin.com\/jrf\/wp-content\/uploads\/2016\/11\/GCAQ.png?resize=141%2C150&amp;ssl=1 141w\" sizes=\"auto, (max-width: 203px) 100vw, 203px\" \/><\/a><\/h3>\n<h3 style=\"text-align: center;\"><strong>Fournisseurs pour artistes couteliers<br \/>\n<\/strong><\/h3>\n<hr \/>\n<p style=\"text-align: justify;\"><a href=\"http:\/\/abrasifsjmb.com\" target=\"_blank\" rel=\"noopener noreferrer\"><strong><em>ABRASIFS JBM<\/em><\/strong><\/a> : Vente au d\u00e9tail de tout type d&rsquo;abrasifs. Situ\u00e9 \u00e0 Qu\u00e9bec (QC).<\/p>\n<p style=\"text-align: justify;\"><a href=\"http:\/\/www.alliedheattreat.com\" target=\"_blank\" rel=\"noopener noreferrer\"><strong><em>ALLIED HEAT TREAT LTD<\/em><\/strong><\/a> : Entreprise sp\u00e9cialis\u00e9e dans le traitement thermique, situ\u00e9 \u00e0 Mississauga (ON).<\/p>\n<p style=\"text-align: justify;\"><a href=\"http:\/\/bois-delta.com\/\" target=\"_blank\" rel=\"noopener noreferrer\"><strong><em>BOIS DELTA<\/em><\/strong><\/a> : Fournisseur sp\u00e9cialis\u00e9e de bois d&rsquo;\u00e9b\u00e9nisterie et de bois rares, situ\u00e9 \u00e0 Qu\u00e9bec (QC).<\/p>\n<p style=\"text-align: justify;\"><strong><a href=\"http:\/\/www.cuirsdesrochers.com\" target=\"_blank\" rel=\"noopener noreferrer\"><em>CUIRS DESROCHERS<\/em><\/a><\/strong> : Fournisseur de cuirs et fournitures, situ\u00e9 \u00e0 Plessisville (QC).<\/p>\n<p style=\"text-align: justify;\"><em><a href=\"http:\/\/www.knifemaker.ca\" target=\"_blank\" rel=\"noopener noreferrer\"><strong>CANADIAN KNIFEMAKER SUPPLY LTD<\/strong><\/a><\/em> : Fournisseur de produits pour couteliers et service de traitement thermique pour des lames jusqu&rsquo;\u00e0 20 pouces de long. Situ\u00e9 \u00e0 Sundre en Alberta.<\/p>\n<p style=\"text-align: justify;\"><a class=\"style8\" href=\"https:\/\/www.japanese-swords.com\/pages\/silk.htm\" target=\"_blank\" rel=\"noopener noreferrer\"><strong><em>FRED LOHMAN<\/em><\/strong><\/a>\u00a0: Fournitures haut de gamme et services vari\u00e9s pour Katana (sabre japonais), situ\u00e9 \u00e0 Portland en Or\u00e9gon (\u00c9-U).<\/p>\n<p style=\"text-align: justify;\"><a href=\"https:\/\/www.hanbonforge.com\/\" target=\"_blank\" rel=\"noopener noreferrer\"><strong><em>HANBON FORGE<\/em><\/strong><\/a> : Magasin en ligne situ\u00e9 \u00e0 Long Quan (Chine), sp\u00e9cialis\u00e9 dans la production et la vente de sabres japonais.<\/p>\n<p style=\"text-align: justify;\"><a href=\"http:\/\/www.leevalley.com\/fr\/home.aspx\" target=\"_blank\" rel=\"noopener noreferrer\"><strong><em>LEE VALLEY TOOLS<\/em><\/strong><\/a> : Un incontournable pour la quincaillerie et le travail du bois, pour satisfaire tout bricoleur ou professionnel. On y retrouve ce qu&rsquo;on ne trouve habituellement pas dans les quincailleries traditionnelles. Situ\u00e9 \u00e0 Ottawa, Ontario.<\/p>\n<p style=\"text-align: justify;\"><strong><a href=\"http:\/\/www.trempesld.com\/\" target=\"_blank\" rel=\"noopener noreferrer\"><em>LES TREMPES LD<\/em><\/a><\/strong> :\u00a0Entreprise sp\u00e9cialis\u00e9e dans le traitement thermique, situ\u00e9 \u00e0 Granby (QC).<\/p>\n<p style=\"text-align: justify;\"><a href=\"http:\/\/metauxsolutions.com\" target=\"_blank\" rel=\"noopener noreferrer\"><strong><em>M\u00c9TAUX SOLUTIONS<\/em><\/strong><\/a> : Fournisseur de m\u00e9taux vari\u00e9s pour satisfaire tout coutelier, situ\u00e9 \u00e0 Longueuil (QC).<\/p>\n<p style=\"text-align: justify;\"><a href=\"http:\/\/www.quebecindustriel.com\/\" target=\"_blank\" rel=\"noopener noreferrer\"><em><strong>OUTILLAGE INDUSTRIEL DU QU\u00c9BEC<\/strong><\/em><\/a> : Un incontournable des \u00e9quipements sp\u00e9cialis\u00e9s de coupe et de m\u00e9tallurgie, situ\u00e9 \u00e0 Qu\u00e9bec (QC).<\/p>\n<hr \/>\n<h4 style=\"text-align: center;\"><em>N&rsquo;h\u00e9sitez pas \u00e0 nous proposer vos liens&#8230; <a href=\"mailto:jrfortin@me.com\">en cliquant ici!<\/a><\/em><\/h4>\n<hr \/>\n<p><span style=\"border-radius: 2px; text-indent: 20px; width: auto; padding: 0px 4px 0px 0px; text-align: center; font: bold 11px\/20px 'Helvetica Neue',Helvetica,sans-serif; color: #ffffff; background: #bd081c no-repeat scroll 3px 50% \/ 14px 14px; position: absolute; opacity: 1; z-index: 8675309; display: none; cursor: pointer; top: 2551px; left: 297px;\">Enregistrer<\/span><\/p>\n","protected":false},"excerpt":{"rendered":"<p>A\u00efkido, Ki et Arts martiaux AIKIDO JOURNAL : Un si\u2026<\/p>\n<p> <a class=\"continue-reading-link\" href=\"https:\/\/jrfortin.com\/jrf\/quelques-liens-utiles\/\"><span>continuez la lecture<\/span><i class=\"crycon-right-dir\"><\/i><\/a> <\/p>\n","protected":false},"author":1,"featured_media":0,"parent":0,"menu_order":0,"comment_status":"open","ping_status":"closed","template":"templates\/template-twocolumns-right.php","meta":{"footnotes":""},"class_list":["post-8278","page","type-page","status-publish","hentry"],"yoast_head":"<!-- This site is optimized with the Yoast SEO plugin v26.7 - https:\/\/yoast.com\/wordpress\/plugins\/seo\/ -->\n<title>Quelques liens utiles - Dojo du Nouveau Monde<\/title>\n<meta name=\"robots\" content=\"index, follow, max-snippet:-1, max-image-preview:large, max-video-preview:-1\" \/>\n<link rel=\"canonical\" href=\"https:\/\/jrfortin.com\/jrf\/quelques-liens-utiles\/\" \/>\n<meta property=\"og:locale\" content=\"fr_FR\" \/>\n<meta property=\"og:type\" content=\"article\" \/>\n<meta property=\"og:title\" content=\"Quelques liens utiles - Dojo du Nouveau Monde\" \/>\n<meta property=\"og:description\" content=\"A\u00efkido, Ki et Arts martiaux AIKIDO JOURNAL : Un si\u2026 continuez la lecture\" \/>\n<meta property=\"og:url\" content=\"https:\/\/jrfortin.com\/jrf\/quelques-liens-utiles\/\" \/>\n<meta property=\"og:site_name\" content=\"Dojo du Nouveau Monde\" \/>\n<meta property=\"article:modified_time\" content=\"2024-09-07T22:43:58+00:00\" \/>\n<meta property=\"og:image\" content=\"https:\/\/jrfortin.com\/jrf\/wp-content\/uploads\/2017\/08\/amclo2.png\" \/>\n<meta name=\"twitter:card\" content=\"summary_large_image\" \/>\n<meta name=\"twitter:site\" content=\"@fortin_rock\" \/>\n<meta name=\"twitter:label1\" content=\"Dur\u00e9e de lecture estim\u00e9e\" \/>\n\t<meta name=\"twitter:data1\" content=\"3 minutes\" \/>\n<script type=\"application\/ld+json\" class=\"yoast-schema-graph\">{\"@context\":\"https:\/\/schema.org\",\"@graph\":[{\"@type\":\"WebPage\",\"@id\":\"https:\/\/jrfortin.com\/jrf\/quelques-liens-utiles\/\",\"url\":\"https:\/\/jrfortin.com\/jrf\/quelques-liens-utiles\/\",\"name\":\"Quelques liens utiles - Dojo du Nouveau Monde\",\"isPartOf\":{\"@id\":\"https:\/\/jrfortin.com\/jrf\/#website\"},\"primaryImageOfPage\":{\"@id\":\"https:\/\/jrfortin.com\/jrf\/quelques-liens-utiles\/#primaryimage\"},\"image\":{\"@id\":\"https:\/\/jrfortin.com\/jrf\/quelques-liens-utiles\/#primaryimage\"},\"thumbnailUrl\":\"https:\/\/jrfortin.com\/jrf\/wp-content\/uploads\/2017\/08\/amclo2.png\",\"datePublished\":\"2017-09-04T13:51:08+00:00\",\"dateModified\":\"2024-09-07T22:43:58+00:00\",\"breadcrumb\":{\"@id\":\"https:\/\/jrfortin.com\/jrf\/quelques-liens-utiles\/#breadcrumb\"},\"inLanguage\":\"fr-FR\",\"potentialAction\":[{\"@type\":\"ReadAction\",\"target\":[\"https:\/\/jrfortin.com\/jrf\/quelques-liens-utiles\/\"]}]},{\"@type\":\"ImageObject\",\"inLanguage\":\"fr-FR\",\"@id\":\"https:\/\/jrfortin.com\/jrf\/quelques-liens-utiles\/#primaryimage\",\"url\":\"https:\/\/i0.wp.com\/jrfortin.com\/jrf\/wp-content\/uploads\/2017\/08\/amclo2.png?fit=144%2C144&ssl=1\",\"contentUrl\":\"https:\/\/i0.wp.com\/jrfortin.com\/jrf\/wp-content\/uploads\/2017\/08\/amclo2.png?fit=144%2C144&ssl=1\",\"width\":144,\"height\":144},{\"@type\":\"BreadcrumbList\",\"@id\":\"https:\/\/jrfortin.com\/jrf\/quelques-liens-utiles\/#breadcrumb\",\"itemListElement\":[{\"@type\":\"ListItem\",\"position\":1,\"name\":\"Accueil\",\"item\":\"https:\/\/jrfortin.com\/jrf\/\"},{\"@type\":\"ListItem\",\"position\":2,\"name\":\"Quelques liens utiles\"}]},{\"@type\":\"WebSite\",\"@id\":\"https:\/\/jrfortin.com\/jrf\/#website\",\"url\":\"https:\/\/jrfortin.com\/jrf\/\",\"name\":\"Dojo du Nouveau Monde\",\"description\":\"R\u00e9seau de Shihan Jean-Rock Fortin\",\"publisher\":{\"@id\":\"https:\/\/jrfortin.com\/jrf\/#\/schema\/person\/420b013ae3febafe8d99a66adee55de9\"},\"potentialAction\":[{\"@type\":\"SearchAction\",\"target\":{\"@type\":\"EntryPoint\",\"urlTemplate\":\"https:\/\/jrfortin.com\/jrf\/?s={search_term_string}\"},\"query-input\":{\"@type\":\"PropertyValueSpecification\",\"valueRequired\":true,\"valueName\":\"search_term_string\"}}],\"inLanguage\":\"fr-FR\"},{\"@type\":[\"Person\",\"Organization\"],\"@id\":\"https:\/\/jrfortin.com\/jrf\/#\/schema\/person\/420b013ae3febafe8d99a66adee55de9\",\"name\":\"Shihan Jean-Rock Fortin, M.A.\",\"image\":{\"@type\":\"ImageObject\",\"inLanguage\":\"fr-FR\",\"@id\":\"https:\/\/jrfortin.com\/jrf\/#\/schema\/person\/image\/\",\"url\":\"https:\/\/i2.wp.com\/jrfortin.com\/jrf\/wp-content\/uploads\/2020\/07\/ki-le-chemin.jpg?fit=600%2C848&ssl=1\",\"contentUrl\":\"https:\/\/i2.wp.com\/jrfortin.com\/jrf\/wp-content\/uploads\/2020\/07\/ki-le-chemin.jpg?fit=600%2C848&ssl=1\",\"width\":600,\"height\":848,\"caption\":\"Shihan Jean-Rock Fortin, M.A.\"},\"logo\":{\"@id\":\"https:\/\/jrfortin.com\/jrf\/#\/schema\/person\/image\/\"},\"description\":\"Globetrotteur par affaires et pour le plaisir, et Orientaliste, je suis instructeur d'arts martiaux (maitre-enseignant de Ki-A\u00efkido [Shihan] &amp; Dim-Mak), Fondateur du Dojo du Nouveau Monde (2010), \\\"S\u00e9ancier\\\" de Kiatsu, M\u00e9tatronicien, Radiesth\u00e9siste, Coutelier d'art, Conf\u00e9rencier et Auteur du livre \\\"Ki - Le Chemin de l'\u00c9veil\\\" (2018). Je suis \u00e9galement Consultant strat\u00e9gique en \u00e9volution et prosp\u00e9rit\u00e9 des personnes et des organisations.\",\"sameAs\":[\"http:\/\/www.jrfortin.com\"]}]}<\/script>\n<!-- \/ Yoast SEO plugin. -->","yoast_head_json":{"title":"Quelques liens utiles - Dojo du Nouveau Monde","robots":{"index":"index","follow":"follow","max-snippet":"max-snippet:-1","max-image-preview":"max-image-preview:large","max-video-preview":"max-video-preview:-1"},"canonical":"https:\/\/jrfortin.com\/jrf\/quelques-liens-utiles\/","og_locale":"fr_FR","og_type":"article","og_title":"Quelques liens utiles - Dojo du Nouveau Monde","og_description":"A\u00efkido, Ki et Arts martiaux AIKIDO JOURNAL : Un si\u2026 continuez la lecture","og_url":"https:\/\/jrfortin.com\/jrf\/quelques-liens-utiles\/","og_site_name":"Dojo du Nouveau Monde","article_modified_time":"2024-09-07T22:43:58+00:00","og_image":[{"url":"https:\/\/jrfortin.com\/jrf\/wp-content\/uploads\/2017\/08\/amclo2.png","type":"","width":"","height":""}],"twitter_card":"summary_large_image","twitter_site":"@fortin_rock","twitter_misc":{"Dur\u00e9e de lecture estim\u00e9e":"3 minutes"},"schema":{"@context":"https:\/\/schema.org","@graph":[{"@type":"WebPage","@id":"https:\/\/jrfortin.com\/jrf\/quelques-liens-utiles\/","url":"https:\/\/jrfortin.com\/jrf\/quelques-liens-utiles\/","name":"Quelques liens utiles - Dojo du Nouveau Monde","isPartOf":{"@id":"https:\/\/jrfortin.com\/jrf\/#website"},"primaryImageOfPage":{"@id":"https:\/\/jrfortin.com\/jrf\/quelques-liens-utiles\/#primaryimage"},"image":{"@id":"https:\/\/jrfortin.com\/jrf\/quelques-liens-utiles\/#primaryimage"},"thumbnailUrl":"https:\/\/jrfortin.com\/jrf\/wp-content\/uploads\/2017\/08\/amclo2.png","datePublished":"2017-09-04T13:51:08+00:00","dateModified":"2024-09-07T22:43:58+00:00","breadcrumb":{"@id":"https:\/\/jrfortin.com\/jrf\/quelques-liens-utiles\/#breadcrumb"},"inLanguage":"fr-FR","potentialAction":[{"@type":"ReadAction","target":["https:\/\/jrfortin.com\/jrf\/quelques-liens-utiles\/"]}]},{"@type":"ImageObject","inLanguage":"fr-FR","@id":"https:\/\/jrfortin.com\/jrf\/quelques-liens-utiles\/#primaryimage","url":"https:\/\/i0.wp.com\/jrfortin.com\/jrf\/wp-content\/uploads\/2017\/08\/amclo2.png?fit=144%2C144&ssl=1","contentUrl":"https:\/\/i0.wp.com\/jrfortin.com\/jrf\/wp-content\/uploads\/2017\/08\/amclo2.png?fit=144%2C144&ssl=1","width":144,"height":144},{"@type":"BreadcrumbList","@id":"https:\/\/jrfortin.com\/jrf\/quelques-liens-utiles\/#breadcrumb","itemListElement":[{"@type":"ListItem","position":1,"name":"Accueil","item":"https:\/\/jrfortin.com\/jrf\/"},{"@type":"ListItem","position":2,"name":"Quelques liens utiles"}]},{"@type":"WebSite","@id":"https:\/\/jrfortin.com\/jrf\/#website","url":"https:\/\/jrfortin.com\/jrf\/","name":"Dojo du Nouveau Monde","description":"R\u00e9seau de Shihan Jean-Rock Fortin","publisher":{"@id":"https:\/\/jrfortin.com\/jrf\/#\/schema\/person\/420b013ae3febafe8d99a66adee55de9"},"potentialAction":[{"@type":"SearchAction","target":{"@type":"EntryPoint","urlTemplate":"https:\/\/jrfortin.com\/jrf\/?s={search_term_string}"},"query-input":{"@type":"PropertyValueSpecification","valueRequired":true,"valueName":"search_term_string"}}],"inLanguage":"fr-FR"},{"@type":["Person","Organization"],"@id":"https:\/\/jrfortin.com\/jrf\/#\/schema\/person\/420b013ae3febafe8d99a66adee55de9","name":"Shihan Jean-Rock Fortin, M.A.","image":{"@type":"ImageObject","inLanguage":"fr-FR","@id":"https:\/\/jrfortin.com\/jrf\/#\/schema\/person\/image\/","url":"https:\/\/i2.wp.com\/jrfortin.com\/jrf\/wp-content\/uploads\/2020\/07\/ki-le-chemin.jpg?fit=600%2C848&ssl=1","contentUrl":"https:\/\/i2.wp.com\/jrfortin.com\/jrf\/wp-content\/uploads\/2020\/07\/ki-le-chemin.jpg?fit=600%2C848&ssl=1","width":600,"height":848,"caption":"Shihan Jean-Rock Fortin, M.A."},"logo":{"@id":"https:\/\/jrfortin.com\/jrf\/#\/schema\/person\/image\/"},"description":"Globetrotteur par affaires et pour le plaisir, et Orientaliste, je suis instructeur d'arts martiaux (maitre-enseignant de Ki-A\u00efkido [Shihan] &amp; Dim-Mak), Fondateur du Dojo du Nouveau Monde (2010), \"S\u00e9ancier\" de Kiatsu, M\u00e9tatronicien, Radiesth\u00e9siste, Coutelier d'art, Conf\u00e9rencier et Auteur du livre \"Ki - Le Chemin de l'\u00c9veil\" (2018). Je suis \u00e9galement Consultant strat\u00e9gique en \u00e9volution et prosp\u00e9rit\u00e9 des personnes et des organisations.","sameAs":["http:\/\/www.jrfortin.com"]}]}},"jetpack_sharing_enabled":true,"_links":{"self":[{"href":"https:\/\/jrfortin.com\/jrf\/wp-json\/wp\/v2\/pages\/8278","targetHints":{"allow":["GET"]}}],"collection":[{"href":"https:\/\/jrfortin.com\/jrf\/wp-json\/wp\/v2\/pages"}],"about":[{"href":"https:\/\/jrfortin.com\/jrf\/wp-json\/wp\/v2\/types\/page"}],"author":[{"embeddable":true,"href":"https:\/\/jrfortin.com\/jrf\/wp-json\/wp\/v2\/users\/1"}],"replies":[{"embeddable":true,"href":"https:\/\/jrfortin.com\/jrf\/wp-json\/wp\/v2\/comments?post=8278"}],"version-history":[{"count":2,"href":"https:\/\/jrfortin.com\/jrf\/wp-json\/wp\/v2\/pages\/8278\/revisions"}],"predecessor-version":[{"id":20177,"href":"https:\/\/jrfortin.com\/jrf\/wp-json\/wp\/v2\/pages\/8278\/revisions\/20177"}],"wp:attachment":[{"href":"https:\/\/jrfortin.com\/jrf\/wp-json\/wp\/v2\/media?parent=8278"}],"curies":[{"name":"wp","href":"https:\/\/api.w.org\/{rel}","templated":true}]}}